{"id":4520,"date":"2020-11-20T20:33:13","date_gmt":"2020-11-20T20:33:13","guid":{"rendered":"https:\/\/pbic.org.uk.websitepreview.co.uk\/consultanta-pentru-cariera-profesionala\/"},"modified":"2020-11-20T22:32:17","modified_gmt":"2020-11-20T22:32:17","slug":"consultanta-pentru-cariera-profesionala","status":"publish","type":"page","link":"https:\/\/pbic.org.uk.websitepreview.co.uk\/ro\/consultanta-pentru-cariera-profesionala\/","title":{"rendered":"Consultan\u021b\u0103 pentru cariera profesional\u0103"},"content":{"rendered":"\t\t<div data-elementor-type=\"wp-post\" data-elementor-id=\"4520\" class=\"elementor elementor-4520 elementor-3205\" data-elementor-settings=\"[]\">\n\t\t\t\t\t\t<div class=\"elementor-inner\">\n\t\t\t\t\t\t\t<div class=\"elementor-section-wrap\">\n\t\t\t\t\t\t\t<section class=\"elementor-section elementor-top-section elementor-element elementor-element-d71c0a9 elementor-section-boxed elementor-section-height-default elementor-section-height-default\" data-id=\"d71c0a9\" data-element_type=\"section\" data-settings=\"{&quot;ekit_has_onepagescroll_dot&quot;:&quot;yes&quot;}\">\n\t\t\t\t\t\t<div class=\"elementor-container elementor-column-gap-default\">\n\t\t\t\t\t\t\t<div class=\"elementor-row\">\n\t\t\t\t\t<div class=\"elementor-column elementor-col-100 elementor-top-column elementor-element elementor-element-8ab3e02\" data-id=\"8ab3e02\" data-element_type=\"column\">\n\t\t\t<div class=\"elementor-column-wrap elementor-element-populated\">\n\t\t\t\t\t\t\t<div class=\"elementor-widget-wrap\">\n\t\t\t\t\t\t<div class=\"elementor-element elementor-element-f801e31 elementor-widget elementor-widget-text-editor\" data-id=\"f801e31\" data-element_type=\"widget\" data-widget_type=\"text-editor.default\">\n\t\t\t\t<div class=\"elementor-widget-container\">\n\t\t\t\t\t<div class=\"elementor-text-editor elementor-clearfix\"><p class=\"lead\">Vre\u021bi s\u0103 v\u0103 dezvolta\u021bi cariera profesional\u0103? Consultan\u021bii no\u0219tri exper\u021bi sunt aici ca s\u0103 v\u0103 ajute \u00een realizarea planurilor de dezvoltare profesional\u0103. Oferim consultan\u021b\u0103 gratuit\u0103 \u0219i personalizat\u0103 pentru dezvoltarea profesional\u0103 ca parte din <a href=\"https:\/\/nationalcareers.service.gov.uk\" target=\"_blank\" rel=\"noopener\">National Careers Service<\/a>. (Serviciul na\u021bional pentru dezvoltarea profesional\u0103).<\/p>\n<h3>Putem s\u0103 v\u0103 oferim asisten\u021b\u0103 \u00een urm\u0103toarele domenii:<\/h3>\n<\/div>\n\t\t\t\t<\/div>\n\t\t\t\t<\/div>\n\t\t\t\t\t\t<\/div>\n\t\t\t\t\t<\/div>\n\t\t<\/div>\n\t\t\t\t\t\t\t\t<\/div>\n\t\t\t\t\t<\/div>\n\t\t<\/section>\n\t\t\t\t<section class=\"elementor-section elementor-top-section elementor-element elementor-element-ff3e294 elementor-section-boxed elementor-section-height-default elementor-section-height-default\" data-id=\"ff3e294\" data-element_type=\"section\" data-settings=\"{&quot;ekit_has_onepagescroll_dot&quot;:&quot;yes&quot;}\">\n\t\t\t\t\t\t<div class=\"elementor-container elementor-column-gap-default\">\n\t\t\t\t\t\t\t<div class=\"elementor-row\">\n\t\t\t\t\t<div class=\"elementor-column elementor-col-33 elementor-top-column elementor-element elementor-element-acfae9e\" data-id=\"acfae9e\" data-element_type=\"column\">\n\t\t\t<div class=\"elementor-column-wrap elementor-element-populated\">\n\t\t\t\t\t\t\t<div class=\"elementor-widget-wrap\">\n\t\t\t\t\t\t<div class=\"elementor-element elementor-element-a3b7e7c elementor-widget elementor-widget-xs-featured-box\" data-id=\"a3b7e7c\" data-element_type=\"widget\" data-widget_type=\"xs-featured-box.default\">\n\t\t\t\t<div class=\"elementor-widget-container\">\n\t\t\t\n\n                    <div class=\"xs-service-promo\">\n                                    <span class=\"\"><\/span>\n                                                    <h5>C\u0103utarea online a unui loc de munc\u0103<\/h5>\n                                                                    <div class=\"xs-service-promo-overlay\"><\/div>\n                            <\/div>\n        \t\t\t<\/div>\n\t\t\t\t<\/div>\n\t\t\t\t\t\t<\/div>\n\t\t\t\t\t<\/div>\n\t\t<\/div>\n\t\t\t\t<div class=\"elementor-column elementor-col-33 elementor-top-column elementor-element elementor-element-719f284\" data-id=\"719f284\" data-element_type=\"column\">\n\t\t\t<div class=\"elementor-column-wrap elementor-element-populated\">\n\t\t\t\t\t\t\t<div class=\"elementor-widget-wrap\">\n\t\t\t\t\t\t<div class=\"elementor-element elementor-element-98d7b4d elementor-widget elementor-widget-xs-featured-box\" data-id=\"98d7b4d\" data-element_type=\"widget\" data-widget_type=\"xs-featured-box.default\">\n\t\t\t\t<div class=\"elementor-widget-container\">\n\t\t\t\n\n                    <div class=\"xs-service-promo\">\n                                    <span class=\"\"><\/span>\n                                                    <h5>Preg\u0103tirea CV-ului \u0219i a scrisorii de inten\u021bie  <\/h5>\n                                                                    <div class=\"xs-service-promo-overlay\"><\/div>\n                            <\/div>\n        \t\t\t<\/div>\n\t\t\t\t<\/div>\n\t\t\t\t\t\t<\/div>\n\t\t\t\t\t<\/div>\n\t\t<\/div>\n\t\t\t\t<div class=\"elementor-column elementor-col-33 elementor-top-column elementor-element elementor-element-fda33e4\" data-id=\"fda33e4\" data-element_type=\"column\">\n\t\t\t<div class=\"elementor-column-wrap elementor-element-populated\">\n\t\t\t\t\t\t\t<div class=\"elementor-widget-wrap\">\n\t\t\t\t\t\t<div class=\"elementor-element elementor-element-ac02723 elementor-widget elementor-widget-xs-featured-box\" data-id=\"ac02723\" data-element_type=\"widget\" data-widget_type=\"xs-featured-box.default\">\n\t\t\t\t<div class=\"elementor-widget-container\">\n\t\t\t\n\n                    <div class=\"xs-service-promo\">\n                                    <span class=\"\"><\/span>\n                                                    <h5>Informa\u021bii referitoare la pia\u021ba local\u0103  <\/h5>\n                                                                    <div class=\"xs-service-promo-overlay\"><\/div>\n                            <\/div>\n        \t\t\t<\/div>\n\t\t\t\t<\/div>\n\t\t\t\t\t\t<\/div>\n\t\t\t\t\t<\/div>\n\t\t<\/div>\n\t\t\t\t\t\t\t\t<\/div>\n\t\t\t\t\t<\/div>\n\t\t<\/section>\n\t\t\t\t<section class=\"elementor-section elementor-top-section elementor-element elementor-element-d7ac1ad elementor-section-boxed elementor-section-height-default elementor-section-height-default\" data-id=\"d7ac1ad\" data-element_type=\"section\" data-settings=\"{&quot;ekit_has_onepagescroll_dot&quot;:&quot;yes&quot;}\">\n\t\t\t\t\t\t<div class=\"elementor-container elementor-column-gap-default\">\n\t\t\t\t\t\t\t<div class=\"elementor-row\">\n\t\t\t\t\t<div class=\"elementor-column elementor-col-33 elementor-top-column elementor-element elementor-element-315c4c9\" data-id=\"315c4c9\" data-element_type=\"column\">\n\t\t\t<div class=\"elementor-column-wrap elementor-element-populated\">\n\t\t\t\t\t\t\t<div class=\"elementor-widget-wrap\">\n\t\t\t\t\t\t<div class=\"elementor-element elementor-element-238e578 elementor-widget elementor-widget-xs-featured-box\" data-id=\"238e578\" data-element_type=\"widget\" data-widget_type=\"xs-featured-box.default\">\n\t\t\t\t<div class=\"elementor-widget-container\">\n\t\t\t\n\n                    <div class=\"xs-service-promo\">\n                                    <span class=\"\"><\/span>\n                                                    <h5>Completarea formularelor de solicitare a unui loc de munc\u0103  <\/h5>\n                                                                    <div class=\"xs-service-promo-overlay\"><\/div>\n                            <\/div>\n        \t\t\t<\/div>\n\t\t\t\t<\/div>\n\t\t\t\t\t\t<\/div>\n\t\t\t\t\t<\/div>\n\t\t<\/div>\n\t\t\t\t<div class=\"elementor-column elementor-col-33 elementor-top-column elementor-element elementor-element-63db86e\" data-id=\"63db86e\" data-element_type=\"column\">\n\t\t\t<div class=\"elementor-column-wrap elementor-element-populated\">\n\t\t\t\t\t\t\t<div class=\"elementor-widget-wrap\">\n\t\t\t\t\t\t<div class=\"elementor-element elementor-element-cee8b11 elementor-widget elementor-widget-xs-featured-box\" data-id=\"cee8b11\" data-element_type=\"widget\" data-widget_type=\"xs-featured-box.default\">\n\t\t\t\t<div class=\"elementor-widget-container\">\n\t\t\t\n\n                    <div class=\"xs-service-promo\">\n                                    <span class=\"\"><\/span>\n                                                    <h5>Preg\u0103tirea interviului  <\/h5>\n                                                                    <div class=\"xs-service-promo-overlay\"><\/div>\n                            <\/div>\n        \t\t\t<\/div>\n\t\t\t\t<\/div>\n\t\t\t\t\t\t<\/div>\n\t\t\t\t\t<\/div>\n\t\t<\/div>\n\t\t\t\t<div class=\"elementor-column elementor-col-33 elementor-top-column elementor-element elementor-element-d703b6f\" data-id=\"d703b6f\" data-element_type=\"column\">\n\t\t\t<div class=\"elementor-column-wrap elementor-element-populated\">\n\t\t\t\t\t\t\t<div class=\"elementor-widget-wrap\">\n\t\t\t\t\t\t<div class=\"elementor-element elementor-element-3a84204 elementor-widget elementor-widget-xs-featured-box\" data-id=\"3a84204\" data-element_type=\"widget\" data-widget_type=\"xs-featured-box.default\">\n\t\t\t\t<div class=\"elementor-widget-container\">\n\t\t\t\n\n                    <div class=\"xs-service-promo\">\n                                    <span class=\"\"><\/span>\n                                                    <h5>Evaluarea abilit\u0103\u021bilor  <\/h5>\n                                                                    <div class=\"xs-service-promo-overlay\"><\/div>\n                            <\/div>\n        \t\t\t<\/div>\n\t\t\t\t<\/div>\n\t\t\t\t\t\t<\/div>\n\t\t\t\t\t<\/div>\n\t\t<\/div>\n\t\t\t\t\t\t\t\t<\/div>\n\t\t\t\t\t<\/div>\n\t\t<\/section>\n\t\t\t\t<section class=\"elementor-section elementor-top-section elementor-element elementor-element-99b54b7 elementor-section-boxed elementor-section-height-default elementor-section-height-default\" data-id=\"99b54b7\" data-element_type=\"section\" data-settings=\"{&quot;ekit_has_onepagescroll_dot&quot;:&quot;yes&quot;}\">\n\t\t\t\t\t\t<div class=\"elementor-container elementor-column-gap-default\">\n\t\t\t\t\t\t\t<div class=\"elementor-row\">\n\t\t\t\t\t<div class=\"elementor-column elementor-col-33 elementor-top-column elementor-element elementor-element-45c6024\" data-id=\"45c6024\" data-element_type=\"column\">\n\t\t\t<div class=\"elementor-column-wrap elementor-element-populated\">\n\t\t\t\t\t\t\t<div class=\"elementor-widget-wrap\">\n\t\t\t\t\t\t<div class=\"elementor-element elementor-element-008451b elementor-widget elementor-widget-xs-featured-box\" data-id=\"008451b\" data-element_type=\"widget\" data-widget_type=\"xs-featured-box.default\">\n\t\t\t\t<div class=\"elementor-widget-container\">\n\t\t\t\n\n                    <div class=\"xs-service-promo\">\n                                    <span class=\"\"><\/span>\n                                                    <h5>G\u0103sirea de oportunit\u0103\u021bi de preg\u0103tire  <\/h5>\n                                                                    <div class=\"xs-service-promo-overlay\"><\/div>\n                            <\/div>\n        \t\t\t<\/div>\n\t\t\t\t<\/div>\n\t\t\t\t\t\t<\/div>\n\t\t\t\t\t<\/div>\n\t\t<\/div>\n\t\t\t\t<div class=\"elementor-column elementor-col-33 elementor-top-column elementor-element elementor-element-6adf6a5\" data-id=\"6adf6a5\" data-element_type=\"column\">\n\t\t\t<div class=\"elementor-column-wrap elementor-element-populated\">\n\t\t\t\t\t\t\t<div class=\"elementor-widget-wrap\">\n\t\t\t\t\t\t<div class=\"elementor-element elementor-element-4c7cfa4 elementor-widget elementor-widget-xs-featured-box\" data-id=\"4c7cfa4\" data-element_type=\"widget\" data-widget_type=\"xs-featured-box.default\">\n\t\t\t\t<div class=\"elementor-widget-container\">\n\t\t\t\n\n                    <div class=\"xs-service-promo\">\n                                    <span class=\"\"><\/span>\n                                                    <h5>\u00censcrierea la universitate  <\/h5>\n                                                                    <div class=\"xs-service-promo-overlay\"><\/div>\n                            <\/div>\n        \t\t\t<\/div>\n\t\t\t\t<\/div>\n\t\t\t\t\t\t<\/div>\n\t\t\t\t\t<\/div>\n\t\t<\/div>\n\t\t\t\t<div class=\"elementor-column elementor-col-33 elementor-top-column elementor-element elementor-element-d05be7e\" data-id=\"d05be7e\" data-element_type=\"column\">\n\t\t\t<div class=\"elementor-column-wrap elementor-element-populated\">\n\t\t\t\t\t\t\t<div class=\"elementor-widget-wrap\">\n\t\t\t\t\t\t<div class=\"elementor-element elementor-element-f1031ed elementor-widget elementor-widget-xs-featured-box\" data-id=\"f1031ed\" data-element_type=\"widget\" data-widget_type=\"xs-featured-box.default\">\n\t\t\t\t<div class=\"elementor-widget-container\">\n\t\t\t\n\n                    <div class=\"xs-service-promo\">\n                                    <span class=\"\"><\/span>\n                                                    <h5>G\u0103sirea de posturi de voluntar  <\/h5>\n                                                                    <div class=\"xs-service-promo-overlay\"><\/div>\n                            <\/div>\n        \t\t\t<\/div>\n\t\t\t\t<\/div>\n\t\t\t\t\t\t<\/div>\n\t\t\t\t\t<\/div>\n\t\t<\/div>\n\t\t\t\t\t\t\t\t<\/div>\n\t\t\t\t\t<\/div>\n\t\t<\/section>\n\t\t\t\t<section class=\"elementor-section elementor-top-section elementor-element elementor-element-bc19ca9 elementor-section-boxed elementor-section-height-default elementor-section-height-default\" data-id=\"bc19ca9\" data-element_type=\"section\" data-settings=\"{&quot;ekit_has_onepagescroll_dot&quot;:&quot;yes&quot;}\">\n\t\t\t\t\t\t<div class=\"elementor-container elementor-column-gap-default\">\n\t\t\t\t\t\t\t<div class=\"elementor-row\">\n\t\t\t\t\t<div class=\"elementor-column elementor-col-100 elementor-top-column elementor-element elementor-element-a322ffa\" data-id=\"a322ffa\" data-element_type=\"column\">\n\t\t\t<div class=\"elementor-column-wrap elementor-element-populated\">\n\t\t\t\t\t\t\t<div class=\"elementor-widget-wrap\">\n\t\t\t\t\t\t<div class=\"elementor-element elementor-element-263308e elementor-widget elementor-widget-text-editor\" data-id=\"263308e\" data-element_type=\"widget\" data-widget_type=\"text-editor.default\">\n\t\t\t\t<div class=\"elementor-widget-container\">\n\t\t\t\t\t<div class=\"elementor-text-editor elementor-clearfix\"><h5>Pentru a programa o \u00eent\u00e2lnire cu un consultant, apela\u021bi biroul nostru la 01234 328100 sau trimite\u021bi un e-mail la:\u00a0<a href=\"mailto:ncs@pbic.org.uk\">ncs@pbic.org.uk<\/a><\/h5>\n<\/div>\n\t\t\t\t<\/div>\n\t\t\t\t<\/div>\n\t\t\t\t\t\t<\/div>\n\t\t\t\t\t<\/div>\n\t\t<\/div>\n\t\t\t\t\t\t\t\t<\/div>\n\t\t\t\t\t<\/div>\n\t\t<\/section>\n\t\t\t\t<section class=\"elementor-section elementor-top-section elementor-element elementor-element-57204e0 elementor-section-boxed elementor-section-height-default elementor-section-height-default\" data-id=\"57204e0\" data-element_type=\"section\" data-settings=\"{&quot;ekit_has_onepagescroll_dot&quot;:&quot;yes&quot;}\">\n\t\t\t\t\t\t<div class=\"elementor-container elementor-column-gap-default\">\n\t\t\t\t\t\t\t<div class=\"elementor-row\">\n\t\t\t\t\t<div class=\"elementor-column elementor-col-50 elementor-top-column elementor-element elementor-element-3127ca8\" data-id=\"3127ca8\" data-element_type=\"column\">\n\t\t\t<div class=\"elementor-column-wrap elementor-element-populated\">\n\t\t\t\t\t\t\t<div class=\"elementor-widget-wrap\">\n\t\t\t\t\t\t<div class=\"elementor-element elementor-element-0dd4614 elementor-widget elementor-widget-text-editor\" data-id=\"0dd4614\" data-element_type=\"widget\" data-widget_type=\"text-editor.default\">\n\t\t\t\t<div class=\"elementor-widget-container\">\n\t\t\t\t\t<div class=\"elementor-text-editor elementor-clearfix\"><p><span style=\"color: #041d57;\"><strong>Uita\u021bi cum l-au ajutat pe Sebastian sfaturile noastre \u00een materie de dezvoltare profesional\u0103:<\/strong><\/span><\/p>\n<\/div>\n\t\t\t\t<\/div>\n\t\t\t\t<\/div>\n\t\t\t\t<div class=\"elementor-element elementor-element-4b0436f elementor-aspect-ratio-169 elementor-widget elementor-widget-video\" data-id=\"4b0436f\" data-element_type=\"widget\" data-settings=\"{&quot;aspect_ratio&quot;:&quot;169&quot;}\" data-widget_type=\"video.default\">\n\t\t\t\t<div class=\"elementor-widget-container\">\n\t\t\t\t\t<div class=\"elementor-wrapper elementor-fit-aspect-ratio elementor-open-inline\">\n\t\t\t<iframe class=\"elementor-video-iframe\" allowfullscreen title=\"Player video youtube\" src=\"https:\/\/www.youtube.com\/embed\/BHcl1sYe5pg?feature=oembed&amp;start&amp;end&amp;wmode=opaque&amp;loop=0&amp;controls=1&amp;mute=0&amp;rel=0&amp;modestbranding=1\"><\/iframe>\t\t<\/div>\n\t\t\t\t<\/div>\n\t\t\t\t<\/div>\n\t\t\t\t\t\t<\/div>\n\t\t\t\t\t<\/div>\n\t\t<\/div>\n\t\t\t\t<div class=\"elementor-column elementor-col-50 elementor-top-column elementor-element elementor-element-0135b6c\" data-id=\"0135b6c\" data-element_type=\"column\">\n\t\t\t<div class=\"elementor-column-wrap elementor-element-populated\">\n\t\t\t\t\t\t\t<div class=\"elementor-widget-wrap\">\n\t\t\t\t\t\t<div class=\"elementor-element elementor-element-466dec7 elementor-widget elementor-widget-text-editor\" data-id=\"466dec7\" data-element_type=\"widget\" data-widget_type=\"text-editor.default\">\n\t\t\t\t<div class=\"elementor-widget-container\">\n\t\t\t\t\t<div class=\"elementor-text-editor elementor-clearfix\"><p><span style=\"color: #041d57;\"><strong>Prezentarea serviciului National Careers:<\/strong><\/span><\/p>\n<\/div>\n\t\t\t\t<\/div>\n\t\t\t\t<\/div>\n\t\t\t\t<div class=\"elementor-element elementor-element-c54cf70 elementor-aspect-ratio-169 elementor-widget elementor-widget-video\" data-id=\"c54cf70\" data-element_type=\"widget\" data-settings=\"{&quot;aspect_ratio&quot;:&quot;169&quot;}\" data-widget_type=\"video.default\">\n\t\t\t\t<div class=\"elementor-widget-container\">\n\t\t\t\t\t<div class=\"elementor-wrapper elementor-fit-aspect-ratio elementor-open-inline\">\n\t\t\t<iframe class=\"elementor-video-iframe\" allowfullscreen title=\"Player video youtube\" src=\"https:\/\/www.youtube.com\/embed\/0isDL3qKSFY?feature=oembed&amp;start&amp;end&amp;wmode=opaque&amp;loop=0&amp;controls=1&amp;mute=0&amp;rel=0&amp;modestbranding=1\"><\/iframe>\t\t<\/div>\n\t\t\t\t<\/div>\n\t\t\t\t<\/div>\n\t\t\t\t\t\t<\/div>\n\t\t\t\t\t<\/div>\n\t\t<\/div>\n\t\t\t\t\t\t\t\t<\/div>\n\t\t\t\t\t<\/div>\n\t\t<\/section>\n\t\t\t\t\t\t<\/div>\n\t\t\t\t\t\t<\/div>\n\t\t\t\t\t<\/div>\n\t\t","protected":false},"excerpt":{"rendered":"<p>Vre\u021bi s\u0103 v\u0103 dezvolta\u021bi cariera profesional\u0103? Consultan\u021bii no\u0219tri exper\u021bi sunt aici ca s\u0103 v\u0103 ajute \u00een realizarea planurilor de dezvoltare profesional\u0103. Oferim consultan\u021b\u0103 gratuit\u0103 \u0219i personalizat\u0103 pentru dezvoltarea profesional\u0103 ca parte din National Careers Service. (Serviciul na\u021bional pentru dezvoltarea profesional\u0103). Putem s\u0103 v\u0103 oferim asisten\u021b\u0103 \u00een urm\u0103toarele domenii: C\u0103utarea online a unui loc de munc\u0103 [&hellip;]<\/p>\n","protected":false},"author":1,"featured_media":0,"parent":0,"menu_order":0,"comment_status":"closed","ping_status":"closed","template":"template\/template-full-width.php","meta":[],"_links":{"self":[{"href":"https:\/\/pbic.org.uk.websitepreview.co.uk\/ro\/wp-json\/wp\/v2\/pages\/4520"}],"collection":[{"href":"https:\/\/pbic.org.uk.websitepreview.co.uk\/ro\/wp-json\/wp\/v2\/pages"}],"about":[{"href":"https:\/\/pbic.org.uk.websitepreview.co.uk\/ro\/wp-json\/wp\/v2\/types\/page"}],"author":[{"embeddable":true,"href":"https:\/\/pbic.org.uk.websitepreview.co.uk\/ro\/wp-json\/wp\/v2\/users\/1"}],"replies":[{"embeddable":true,"href":"https:\/\/pbic.org.uk.websitepreview.co.uk\/ro\/wp-json\/wp\/v2\/comments?post=4520"}],"version-history":[{"count":2,"href":"https:\/\/pbic.org.uk.websitepreview.co.uk\/ro\/wp-json\/wp\/v2\/pages\/4520\/revisions"}],"predecessor-version":[{"id":4633,"href":"https:\/\/pbic.org.uk.websitepreview.co.uk\/ro\/wp-json\/wp\/v2\/pages\/4520\/revisions\/4633"}],"wp:attachment":[{"href":"https:\/\/pbic.org.uk.websitepreview.co.uk\/ro\/wp-json\/wp\/v2\/media?parent=4520"}],"curies":[{"name":"wp","href":"https:\/\/api.w.org\/{rel}","templated":true}]}}