{"id":4514,"date":"2020-11-20T20:18:47","date_gmt":"2020-11-20T20:18:47","guid":{"rendered":"https:\/\/pbic.org.uk.websitepreview.co.uk\/cursuri-de-engleza\/"},"modified":"2020-11-20T22:30:53","modified_gmt":"2020-11-20T22:30:53","slug":"cursuri-de-engleza","status":"publish","type":"page","link":"https:\/\/pbic.org.uk.websitepreview.co.uk\/ro\/cursuri-de-engleza\/","title":{"rendered":"Cursuri de englez\u0103"},"content":{"rendered":"\t\t<div data-elementor-type=\"wp-post\" data-elementor-id=\"4514\" class=\"elementor elementor-4514 elementor-3225\" data-elementor-settings=\"[]\">\n\t\t\t\t\t\t<div class=\"elementor-inner\">\n\t\t\t\t\t\t\t<div class=\"elementor-section-wrap\">\n\t\t\t\t\t\t\t<section class=\"elementor-section elementor-top-section elementor-element elementor-element-d71c0a9 elementor-section-boxed elementor-section-height-default elementor-section-height-default\" data-id=\"d71c0a9\" data-element_type=\"section\" data-settings=\"{&quot;ekit_has_onepagescroll_dot&quot;:&quot;yes&quot;}\">\n\t\t\t\t\t\t<div class=\"elementor-container elementor-column-gap-default\">\n\t\t\t\t\t\t\t<div class=\"elementor-row\">\n\t\t\t\t\t<div class=\"elementor-column elementor-col-100 elementor-top-column elementor-element elementor-element-8ab3e02\" data-id=\"8ab3e02\" data-element_type=\"column\">\n\t\t\t<div class=\"elementor-column-wrap elementor-element-populated\">\n\t\t\t\t\t\t\t<div class=\"elementor-widget-wrap\">\n\t\t\t\t\t\t<div class=\"elementor-element elementor-element-f801e31 elementor-widget elementor-widget-text-editor\" data-id=\"f801e31\" data-element_type=\"widget\" data-widget_type=\"text-editor.default\">\n\t\t\t\t<div class=\"elementor-widget-container\">\n\t\t\t\t\t<div class=\"elementor-text-editor elementor-clearfix\"><p class=\"lead\">Indiferent de nivelul de englez\u0103 pe care \u00eel ave\u021bi, avem cursul potrivit pentru dumneavoastr\u0103. De la cursuri pentru nivel pre-ESOL p\u00e2n\u0103 la cursuri de preg\u0103tire pentru IELTS, toat\u0103 lumea are dreptul la un curs gratuit la PBIC.   <\/p>\n<p>Nu \u0219ti\u021bi sigur ce nivel ave\u021bi? Lua\u021bi leg\u0103tura cu echipa noastr\u0103 pentru o evaluare gratuit\u0103: <strong>01234 328100<\/strong> or <strong><a href=\"mailto:esol@pbic.org.uk\">esol@pbic.org.uk<\/a><\/strong><\/p>\n<\/div>\n\t\t\t\t<\/div>\n\t\t\t\t<\/div>\n\t\t\t\t\t\t<\/div>\n\t\t\t\t\t<\/div>\n\t\t<\/div>\n\t\t\t\t\t\t\t\t<\/div>\n\t\t\t\t\t<\/div>\n\t\t<\/section>\n\t\t\t\t<section class=\"elementor-section elementor-top-section elementor-element elementor-element-f9f8c6d elementor-section-boxed elementor-section-height-default elementor-section-height-default\" data-id=\"f9f8c6d\" data-element_type=\"section\" data-settings=\"{&quot;ekit_has_onepagescroll_dot&quot;:&quot;yes&quot;}\">\n\t\t\t\t\t\t<div class=\"elementor-container elementor-column-gap-default\">\n\t\t\t\t\t\t\t<div class=\"elementor-row\">\n\t\t\t\t\t<div class=\"elementor-column elementor-col-33 elementor-top-column elementor-element elementor-element-932d355\" data-id=\"932d355\" data-element_type=\"column\">\n\t\t\t<div class=\"elementor-column-wrap elementor-element-populated\">\n\t\t\t\t\t\t\t<div class=\"elementor-widget-wrap\">\n\t\t\t\t\t\t<div class=\"elementor-element elementor-element-ed871fa elementor-widget elementor-widget-xs-image-box\" data-id=\"ed871fa\" data-element_type=\"widget\" data-widget_type=\"xs-image-box.default\">\n\t\t\t\t<div class=\"elementor-widget-container\">\n\t\t\t        <div class=\"xs-single-causes\">\n            <img src=\"https:\/\/pbic.org.uk.websitepreview.co.uk\/wp-content\/uploads\/2020\/10\/esol-courses.jpg\" alt=\"img\">\n            <div class=\"xs-causes-footer\">\n                <h2 class=\"color-light-red\">ESOL - Englez\u0103 pentru vorbitorii de alte limbi  <\/h2>\n                <p>Cursurile noastre ESOL se adreseaz\u0103 persoanelor care doresc s\u0103 tr\u0103iasc\u0103 \u00een Regatul Unit dar engleza nu este limba lor matern\u0103. Acestea ajut\u0103 la dezvoltarea celor patru abilit\u0103\u021bi de baz\u0103 (ascultare, citire, scriere \u0219i vorbire) \u00een teme relevante despre via\u021ba \u00een Regatul Unit. \u00cen plus, studen\u021bii realizeaz\u0103 un modul despre valorile Regatului Unit acreditat de AQA pentru care, la terminare, primesc un certificat.  <\/p>\n            <\/div>\n        <\/div>\n\n        \t\t<\/div>\n\t\t\t\t<\/div>\n\t\t\t\t\t\t<\/div>\n\t\t\t\t\t<\/div>\n\t\t<\/div>\n\t\t\t\t<div class=\"elementor-column elementor-col-33 elementor-top-column elementor-element elementor-element-b445e7b\" data-id=\"b445e7b\" data-element_type=\"column\">\n\t\t\t<div class=\"elementor-column-wrap elementor-element-populated\">\n\t\t\t\t\t\t\t<div class=\"elementor-widget-wrap\">\n\t\t\t\t\t\t<div class=\"elementor-element elementor-element-e0497fa elementor-widget elementor-widget-xs-image-box\" data-id=\"e0497fa\" data-element_type=\"widget\" data-widget_type=\"xs-image-box.default\">\n\t\t\t\t<div class=\"elementor-widget-container\">\n\t\t\t        <div class=\"xs-single-causes\">\n            <img src=\"https:\/\/pbic.org.uk.websitepreview.co.uk\/wp-content\/uploads\/2020\/10\/life-in-the-uk-preparation-test.jpg\" alt=\"img\">\n            <div class=\"xs-causes-footer\">\n                <h2 class=\"color-light-red\">Preg\u0103tire pentru testul Life in the UK  <\/h2>\n                <p>Oferim cursuri care s\u0103 v\u0103 ajute s\u0103 v\u0103 preg\u0103ti\u021bi pentru testul \u201eLife in the UK\u201d. Cursul cuprinde toate domeniile esen\u021biale incluse \u00een test \u0219i ajut\u0103 studen\u021bii s\u0103 se familiarizeze cu formatul testului oficial. Datorit\u0103 con\u021binutului, acest curs este disponibil numai pentru persoanele care se g\u0103sesc cel pu\u021bin la un nivel intermediar.  \r\n \r\n*Chiar dac\u0103 acest curs este complet gratuit, \u00eenscrierea la test cost\u0103 50\u00a3.<\/p>\n            <\/div>\n        <\/div>\n\n        \t\t<\/div>\n\t\t\t\t<\/div>\n\t\t\t\t\t\t<\/div>\n\t\t\t\t\t<\/div>\n\t\t<\/div>\n\t\t\t\t<div class=\"elementor-column elementor-col-33 elementor-top-column elementor-element elementor-element-508ca2e\" data-id=\"508ca2e\" data-element_type=\"column\">\n\t\t\t<div class=\"elementor-column-wrap elementor-element-populated\">\n\t\t\t\t\t\t\t<div class=\"elementor-widget-wrap\">\n\t\t\t\t\t\t<div class=\"elementor-element elementor-element-067e3ae elementor-widget elementor-widget-xs-image-box\" data-id=\"067e3ae\" data-element_type=\"widget\" data-widget_type=\"xs-image-box.default\">\n\t\t\t\t<div class=\"elementor-widget-container\">\n\t\t\t        <div class=\"xs-single-causes\">\n            <img src=\"https:\/\/pbic.org.uk.websitepreview.co.uk\/wp-content\/uploads\/2020\/10\/ielts-preparation.jpg\" alt=\"img\">\n            <div class=\"xs-causes-footer\">\n                <h2 class=\"color-light-red\">Preg\u0103tirea pentru IELTS   <\/h2>\n                <p>Oferim cursuri care s\u0103 v\u0103 ajute s\u0103 v\u0103 preg\u0103ti\u021bi pentru sistemul interna\u021bional de testare pentru limba englez\u0103 (sigla \u00een englez\u0103 IELTS). IELTS este un test recunoscut la nivel interna\u021bional care poate fi utilizat drept calificare \u00een fa\u021ba autorit\u0103\u021bilor pentru imigrare, institu\u021biilor profesionale, atunci c\u00e2nd solicita\u021bi cet\u0103\u021benia britanic\u0103 sau v\u0103 \u00eenscrie\u021bi la universit\u0103\u021bile britanice.   \r\n \r\n*Chiar dac\u0103 acest curs este complet gratuit, trebuie pl\u0103tit\u0103 o sum\u0103 de 50\u00a3 institu\u021biei examinatoare.  <\/p>\n            <\/div>\n        <\/div>\n\n        \t\t<\/div>\n\t\t\t\t<\/div>\n\t\t\t\t\t\t<\/div>\n\t\t\t\t\t<\/div>\n\t\t<\/div>\n\t\t\t\t\t\t\t\t<\/div>\n\t\t\t\t\t<\/div>\n\t\t<\/section>\n\t\t\t\t<section class=\"elementor-section elementor-top-section elementor-element elementor-element-bc19ca9 elementor-section-boxed elementor-section-height-default elementor-section-height-default\" data-id=\"bc19ca9\" data-element_type=\"section\" data-settings=\"{&quot;ekit_has_onepagescroll_dot&quot;:&quot;yes&quot;}\">\n\t\t\t\t\t\t<div class=\"elementor-container elementor-column-gap-default\">\n\t\t\t\t\t\t\t<div class=\"elementor-row\">\n\t\t\t\t\t<div class=\"elementor-column elementor-col-100 elementor-top-column elementor-element elementor-element-a322ffa\" data-id=\"a322ffa\" data-element_type=\"column\">\n\t\t\t<div class=\"elementor-column-wrap elementor-element-populated\">\n\t\t\t\t\t\t\t<div class=\"elementor-widget-wrap\">\n\t\t\t\t\t\t<div class=\"elementor-element elementor-element-263308e elementor-widget elementor-widget-text-editor\" data-id=\"263308e\" data-element_type=\"widget\" data-widget_type=\"text-editor.default\">\n\t\t\t\t<div class=\"elementor-widget-container\">\n\t\t\t\t\t<div class=\"elementor-text-editor elementor-clearfix\"><h5>Oferim at\u00e2t cursuri \u201efa\u021b\u0103 \u00een fa\u021b\u0103\u201d, c\u00e2t \u0219i online.  Pentru a v\u0103 \u00eenregistra pentru un curs, apela\u021bi-ne acum la 1234 328100 sau trimite\u021bi un e-mail la <a href=\"mailto:ESOL@pbic.org.uk\">ESOL@pbic.org.uk<\/a><\/h5>\n<p>Dup\u0103 \u00eenregistrare, un membru al echipei noastre va lua leg\u0103tura cu dumneavoastr\u0103 \u0219i vi se va cere s\u0103 participa\u021bi la o \u0219edin\u021b\u0103 ini\u021bial\u0103 de \u00eendrumare, s\u0103 completa\u021bi o cerere \u0219i un test de plasare.  <\/p>\n<h5>Sunte\u021bi angajator \u0219i dori\u021bi s\u0103 ajuta\u021bi la \u00eembun\u0103t\u0103\u021birea abilit\u0103\u021bilor de limb\u0103 englez\u0103 a for\u021bei de munc\u0103? Lua\u021bi leg\u0103tura cu noi ca s\u0103 discut\u0103m cum putem colabora.<\/h5>\n<\/div>\n\t\t\t\t<\/div>\n\t\t\t\t<\/div>\n\t\t\t\t\t\t<\/div>\n\t\t\t\t\t<\/div>\n\t\t<\/div>\n\t\t\t\t\t\t\t\t<\/div>\n\t\t\t\t\t<\/div>\n\t\t<\/section>\n\t\t\t\t<section class=\"elementor-section elementor-top-section elementor-element elementor-element-5084903 elementor-section-boxed elementor-section-height-default elementor-section-height-default\" data-id=\"5084903\" data-element_type=\"section\" data-settings=\"{&quot;ekit_has_onepagescroll_dot&quot;:&quot;yes&quot;}\">\n\t\t\t\t\t\t<div class=\"elementor-container elementor-column-gap-default\">\n\t\t\t\t\t\t\t<div class=\"elementor-row\">\n\t\t\t\t\t<div class=\"elementor-column elementor-col-100 elementor-top-column elementor-element elementor-element-71ed3f9\" data-id=\"71ed3f9\" data-element_type=\"column\">\n\t\t\t<div class=\"elementor-column-wrap elementor-element-populated\">\n\t\t\t\t\t\t\t<div class=\"elementor-widget-wrap\">\n\t\t\t\t\t\t<div class=\"elementor-element elementor-element-6387528 elementor-widget elementor-widget-text-editor\" data-id=\"6387528\" data-element_type=\"widget\" data-widget_type=\"text-editor.default\">\n\t\t\t\t<div class=\"elementor-widget-container\">\n\t\t\t\t\t<div class=\"elementor-text-editor elementor-clearfix\"><h3>Cursuri de englez\u0103 la PBIC<\/h3>\n<table>\n<tbody>\n<tr>\n<td width=\"300\"><strong>Niveluri<\/strong><\/td>\n<td width=\"300\"><strong>Cursuri disponibile<\/strong><\/td>\n<\/tr>\n<tr>\n<td width=\"300\"><strong>\u00cencep\u0103tori<br><\/strong>Studentul nu a avut contact anterior cu limba englez\u0103<\/td>\n<td width=\"300\">ESOL Online<br>ESOL<\/td>\n<\/tr>\n<tr>\n<td width=\"300\"><strong>Elementar (A1-A2)<\/strong><br>Studentul poate interac\u021biona prin propozi\u021bii foarte simple. \u00cen\u021belege indica\u021bii \u0219i fraze simple. Poate scrie propozi\u021bii simple.<\/td>\n<td width=\"300\">ESOL Online<br>ESOL<\/td>\n<\/tr>\n<tr>\n<td width=\"300\"><strong>Pre-intermediar (A2 &#8211; B1)<br><\/strong>Studentul poate citi \u0219i scrie texte simple \u0219i poate purta o conversa\u021bie simpl\u0103 pe teme cu care este familiarizat sau care \u00eel intereseaz\u0103.<\/td>\n<td width=\"300\">ESOL Online<br>ESOL<\/td>\n<\/tr>\n<tr>\n<td width=\"300\"><strong>Intermediar (B1 &#8211; B2)<\/strong><br>Studentul poate interac\u021biona \u00een englez\u0103 dar are dificult\u0103\u021bi din cauza lacunelor de vocabular \u0219i gramatic\u0103.<\/td>\n<td width=\"300\">ESOL Online<br>ESOL<br>Preg\u0103tire pentru testul<br>Life in the UK<\/td>\n<\/tr>\n<tr>\n<td width=\"300\"><strong>Intermediar-superior (B2)<\/strong><br>Studentul poate interac\u021biona \u00een mod fluent cu vorbitori nativi \u00een ciuda unor mici gre\u0219eli de gramatic\u0103 \u0219i ortografie.<\/td>\n<td width=\"300\">ESOL Online<br>ESOL<br>Preg\u0103tire pentru testul<br>Life in the UK Preg\u0103tirea pentru IELTS<\/td>\n<\/tr>\n<tr>\n<td width=\"300\"><strong>Avansat (C1)<\/strong><br><span style=\"font-family: inherit; font-size: inherit;\">Studentul poate \u021bine \u0219i elabora un discurs \u0219i poate comunica cu succes \u00eentr-un context profesional, academic \u0219i social.&nbsp;&nbsp;<\/span><\/td>\n<td width=\"300\">Preg\u0103tire pentru testul Life in the UK<br>Preg\u0103tirea pentru IELTS<\/td>\n<\/tr>\n<tr>\n<td width=\"300\"><strong>Experimentat (C2)<\/strong><br>Studentul st\u0103p\u00e2ne\u0219te limba la perfec\u021bie \u0219i poate \u00een\u021belege orice.<\/td>\n<td width=\"300\">Preg\u0103tire pentru testul Life in the UK<br>Preg\u0103tirea pentru IELTS<\/td>\n<\/tr>\n<\/tbody>\n<\/table>\n<p><em><br>Nivelurile A1 \u2013 C2 sunt luate din Common European Framework of Reference for Languages (Cadrul European Comun de Referin\u021b\u0103 pentru Limbi)*<\/em><\/p>\n<h5>Sunte\u021bi profesor de englez\u0103 \u0219i vre\u021bi s\u0103 face\u021bi munc\u0103 voluntar\u0103? Lua\u021bi leg\u0103tura cu noi acum!<\/h5><\/div>\n\t\t\t\t<\/div>\n\t\t\t\t<\/div>\n\t\t\t\t\t\t<\/div>\n\t\t\t\t\t<\/div>\n\t\t<\/div>\n\t\t\t\t\t\t\t\t<\/div>\n\t\t\t\t\t<\/div>\n\t\t<\/section>\n\t\t\t\t\t\t<\/div>\n\t\t\t\t\t\t<\/div>\n\t\t\t\t\t<\/div>\n\t\t","protected":false},"excerpt":{"rendered":"<p>Indiferent de nivelul de englez\u0103 pe care \u00eel ave\u021bi, avem cursul potrivit pentru dumneavoastr\u0103. De la cursuri pentru nivel pre-ESOL p\u00e2n\u0103 la cursuri de preg\u0103tire pentru IELTS, toat\u0103 lumea are dreptul la un curs gratuit la PBIC. Nu \u0219ti\u021bi sigur ce nivel ave\u021bi? Lua\u021bi leg\u0103tura cu echipa noastr\u0103 pentru o evaluare gratuit\u0103: 01234 328100 or [&hellip;]<\/p>\n","protected":false},"author":1,"featured_media":0,"parent":0,"menu_order":0,"comment_status":"closed","ping_status":"closed","template":"template\/template-full-width.php","meta":[],"_links":{"self":[{"href":"https:\/\/pbic.org.uk.websitepreview.co.uk\/ro\/wp-json\/wp\/v2\/pages\/4514"}],"collection":[{"href":"https:\/\/pbic.org.uk.websitepreview.co.uk\/ro\/wp-json\/wp\/v2\/pages"}],"about":[{"href":"https:\/\/pbic.org.uk.websitepreview.co.uk\/ro\/wp-json\/wp\/v2\/types\/page"}],"author":[{"embeddable":true,"href":"https:\/\/pbic.org.uk.websitepreview.co.uk\/ro\/wp-json\/wp\/v2\/users\/1"}],"replies":[{"embeddable":true,"href":"https:\/\/pbic.org.uk.websitepreview.co.uk\/ro\/wp-json\/wp\/v2\/comments?post=4514"}],"version-history":[{"count":5,"href":"https:\/\/pbic.org.uk.websitepreview.co.uk\/ro\/wp-json\/wp\/v2\/pages\/4514\/revisions"}],"predecessor-version":[{"id":4628,"href":"https:\/\/pbic.org.uk.websitepreview.co.uk\/ro\/wp-json\/wp\/v2\/pages\/4514\/revisions\/4628"}],"wp:attachment":[{"href":"https:\/\/pbic.org.uk.websitepreview.co.uk\/ro\/wp-json\/wp\/v2\/media?parent=4514"}],"curies":[{"name":"wp","href":"https:\/\/api.w.org\/{rel}","templated":true}]}}