{"id":4501,"date":"2020-11-20T20:07:20","date_gmt":"2020-11-20T20:07:20","guid":{"rendered":"https:\/\/pbic.org.uk.websitepreview.co.uk\/euss-european-settlement-scheme-sistemul-de-inregistrare-a-cetatenilor-din-uniunea-europeana-in-vederea-obtinerii-noului-statut-de-sedere-in-regatul-unit\/"},"modified":"2020-11-20T22:34:08","modified_gmt":"2020-11-20T22:34:08","slug":"euss-european-settlement-scheme-sistemul-de-inregistrare-a-cetatenilor-din-uniunea-europeana-in-vederea-obtinerii-noului-statut-de-sedere-in-regatul-unit","status":"publish","type":"page","link":"https:\/\/pbic.org.uk.websitepreview.co.uk\/ro\/euss-european-settlement-scheme-sistemul-de-inregistrare-a-cetatenilor-din-uniunea-europeana-in-vederea-obtinerii-noului-statut-de-sedere-in-regatul-unit\/","title":{"rendered":"EUSS &#8211; European Settlement Scheme"},"content":{"rendered":"\t\t<div data-elementor-type=\"wp-post\" data-elementor-id=\"4501\" class=\"elementor elementor-4501 elementor-3238\" data-elementor-settings=\"[]\">\n\t\t\t\t\t\t<div class=\"elementor-inner\">\n\t\t\t\t\t\t\t<div class=\"elementor-section-wrap\">\n\t\t\t\t\t\t\t<section class=\"elementor-section elementor-top-section elementor-element elementor-element-d71c0a9 elementor-section-boxed elementor-section-height-default elementor-section-height-default\" data-id=\"d71c0a9\" data-element_type=\"section\" data-settings=\"{&quot;ekit_has_onepagescroll_dot&quot;:&quot;yes&quot;}\">\n\t\t\t\t\t\t<div class=\"elementor-container elementor-column-gap-default\">\n\t\t\t\t\t\t\t<div class=\"elementor-row\">\n\t\t\t\t\t<div class=\"elementor-column elementor-col-100 elementor-top-column elementor-element elementor-element-8ab3e02\" data-id=\"8ab3e02\" data-element_type=\"column\">\n\t\t\t<div class=\"elementor-column-wrap elementor-element-populated\">\n\t\t\t\t\t\t\t<div class=\"elementor-widget-wrap\">\n\t\t\t\t\t\t<div class=\"elementor-element elementor-element-f801e31 elementor-widget elementor-widget-text-editor\" data-id=\"f801e31\" data-element_type=\"widget\" data-widget_type=\"text-editor.default\">\n\t\t\t\t<div class=\"elementor-widget-container\">\n\t\t\t\t\t<div class=\"elementor-text-editor elementor-clearfix\"><p class=\"lead\">Sistemul de \u00cenregistrare a cet\u0103\u021benilor din Uniunea European\u0103 \u00een vederea ob\u021binerii noului statut de \u0219edere \u00een Regatul Unit. \u00cen aprilie 2019, PBIC a primit finan\u021bare de la Home Office (Ministerul de Interne al Regatului Unit) pentru a ajuta imigran\u021bii \u00een situa\u021bie de vulnerabilitate s\u0103 solicite \u00eenregistrarea \u00een EU Settlement Scheme pentru a r\u0103m\u00e2ne \u00een Regatul Unit. <\/p>\n<p>Dac\u0103 dori\u021bi s\u0103 afla\u021bi mai multe despre acest sistem sau ave\u021bi nevoie de ajutor ca s\u0103 v\u0103 \u00eenregistra\u021bi, v\u0103 rug\u0103m s\u0103 lua\u021bi leg\u0103tura cu noi. Suntem aici ca s\u0103 v\u0103 ajut\u0103m.  Pute\u021bi, de asemenea, s\u0103 consulta\u021bi cele mai frecvente \u00eentreb\u0103ri despre European Settlement Scheme.  <\/p>\n<\/div>\n\t\t\t\t<\/div>\n\t\t\t\t<\/div>\n\t\t\t\t\t\t<\/div>\n\t\t\t\t\t<\/div>\n\t\t<\/div>\n\t\t\t\t\t\t\t\t<\/div>\n\t\t\t\t\t<\/div>\n\t\t<\/section>\n\t\t\t\t<section class=\"elementor-section elementor-top-section elementor-element elementor-element-bc19ca9 elementor-section-boxed elementor-section-height-default elementor-section-height-default\" data-id=\"bc19ca9\" data-element_type=\"section\" data-settings=\"{&quot;ekit_has_onepagescroll_dot&quot;:&quot;yes&quot;}\">\n\t\t\t\t\t\t<div class=\"elementor-container elementor-column-gap-default\">\n\t\t\t\t\t\t\t<div class=\"elementor-row\">\n\t\t\t\t\t<div class=\"elementor-column elementor-col-100 elementor-top-column elementor-element elementor-element-a322ffa\" data-id=\"a322ffa\" data-element_type=\"column\">\n\t\t\t<div class=\"elementor-column-wrap elementor-element-populated\">\n\t\t\t\t\t\t\t<div class=\"elementor-widget-wrap\">\n\t\t\t\t\t\t<div class=\"elementor-element elementor-element-263308e elementor-widget elementor-widget-text-editor\" data-id=\"263308e\" data-element_type=\"widget\" data-widget_type=\"text-editor.default\">\n\t\t\t\t<div class=\"elementor-widget-container\">\n\t\t\t\t\t<div class=\"elementor-text-editor elementor-clearfix\"><h3>Cum pute\u021bi lua leg\u0103tura cu noi<\/h3>\n<p><strong><br \/>Linia de consultan\u021b\u0103:<\/strong> +44 (0)7802 579 808<br \/><strong>E-mail:<\/strong> <a href=\"mailto:euss@pbic.org.uk\">euss@pbic.org.uk<\/a><\/p>\n<p>Consultan\u021bii no\u0219tri \u00een materie de EUSS sunt disponibili s\u0103 v\u0103 ajute de luni p\u00e2n\u0103 vineri \u00eentre orele 10:00 \u0219i 15:00.<\/p>\n<p>Avem consultan\u021bi preg\u0103ti\u021bi care vor putea s\u0103 v\u0103 ajute s\u0103 v\u0103 \u00eenregistra\u021bi sau s\u0103 v\u0103 orienteze c\u0103tre o organiza\u021bie mai adecvat\u0103 dac\u0103 este vorba despre un caz special care necesit\u0103 asisten\u021b\u0103 din partea unui consultant de nivel 2 sau 3. <\/p>\n<h3 class=\"MsoNormal\">\u00centreb\u0103ri frecvente legate de EUSS<\/h3>\n<\/div>\n\t\t\t\t<\/div>\n\t\t\t\t<\/div>\n\t\t\t\t\t\t<\/div>\n\t\t\t\t\t<\/div>\n\t\t<\/div>\n\t\t\t\t\t\t\t\t<\/div>\n\t\t\t\t\t<\/div>\n\t\t<\/section>\n\t\t\t\t<section class=\"elementor-section elementor-top-section elementor-element elementor-element-ffe1c71 elementor-section-boxed elementor-section-height-default elementor-section-height-default\" data-id=\"ffe1c71\" data-element_type=\"section\" data-settings=\"{&quot;ekit_has_onepagescroll_dot&quot;:&quot;yes&quot;}\">\n\t\t\t\t\t\t<div class=\"elementor-container elementor-column-gap-default\">\n\t\t\t\t\t\t\t<div class=\"elementor-row\">\n\t\t\t\t\t<div class=\"elementor-column elementor-col-100 elementor-top-column elementor-element elementor-element-3ae362e\" data-id=\"3ae362e\" data-element_type=\"column\">\n\t\t\t<div class=\"elementor-column-wrap elementor-element-populated\">\n\t\t\t\t\t\t\t<div class=\"elementor-widget-wrap\">\n\t\t\t\t\t\t<div class=\"elementor-element elementor-element-78c8450 elementor-widget elementor-widget-accordion\" data-id=\"78c8450\" data-element_type=\"widget\" data-widget_type=\"accordion.default\">\n\t\t\t\t<div class=\"elementor-widget-container\">\n\t\t\t\t\t<div class=\"elementor-accordion\" role=\"tablist\">\n\t\t\t\t\t\t\t<div class=\"elementor-accordion-item\">\n\t\t\t\t\t<div id=\"elementor-tab-title-1261\" class=\"elementor-tab-title\" data-tab=\"1\" role=\"tab\" aria-controls=\"elementor-tab-content-1261\">\n\t\t\t\t\t\t\t\t\t\t\t\t\t<span class=\"elementor-accordion-icon elementor-accordion-icon-left\" aria-hidden=\"true\">\n\t\t\t\t\t\t\t\t\t\t\t\t\t\t\t<span class=\"elementor-accordion-icon-closed\"><i class=\"fas fa-plus\"><\/i><\/span>\n\t\t\t\t\t\t\t\t<span class=\"elementor-accordion-icon-opened\"><i class=\"fas fa-minus\"><\/i><\/span>\n\t\t\t\t\t\t\t\t\t\t\t\t\t\t<\/span>\n\t\t\t\t\t\t\t\t\t\t\t\t<a class=\"elementor-accordion-title\" href=\"\">Cine trebuie s\u0103 depun\u0103 cerere de \u00eenregistrare pentru \u201esettled status\u201d? <\/a>\n\t\t\t\t\t<\/div>\n\t\t\t\t\t<div id=\"elementor-tab-content-1261\" class=\"elementor-tab-content elementor-clearfix\" data-tab=\"1\" role=\"tabpanel\" aria-labelledby=\"elementor-tab-title-1261\"><p>Dac\u0103 sunte\u021bi cet\u0103\u021bean al\u202fUniunii Europene,\u202fal Spa\u021biului Economic European (SEE)\u202fsau cet\u0103\u021bean elve\u021bian, dumneavoastr\u0103 \u0219i familia dumneavoastr\u0103 pute\u021bi s\u0103 depune\u021bi cerere de \u00eenregistrarea \u00een \u202fEU\u202fSettlement Scheme pentru a putea tr\u0103i \u00een continuare \u00een Regatul Unit dup\u0103 30 iunie 2021. Dac\u0103 \u00eenregistrarea este acceptat\u0103, ve\u021bi primi\u201esettled status\u201d, statutul de rezident permanent, sau \u201epre-settled status\u201d, statutul de rezident temporar.<\/p>\n<p>* SEEinclude\u202f\u202f\u021b\u0103rile din UE \u0219i Islanda, Liechtenstein \u0219i Norvegia. <\/p>\n<\/div>\n\t\t\t\t<\/div>\n\t\t\t\t\t\t\t<div class=\"elementor-accordion-item\">\n\t\t\t\t\t<div id=\"elementor-tab-title-1262\" class=\"elementor-tab-title\" data-tab=\"2\" role=\"tab\" aria-controls=\"elementor-tab-content-1262\">\n\t\t\t\t\t\t\t\t\t\t\t\t\t<span class=\"elementor-accordion-icon elementor-accordion-icon-left\" aria-hidden=\"true\">\n\t\t\t\t\t\t\t\t\t\t\t\t\t\t\t<span class=\"elementor-accordion-icon-closed\"><i class=\"fas fa-plus\"><\/i><\/span>\n\t\t\t\t\t\t\t\t<span class=\"elementor-accordion-icon-opened\"><i class=\"fas fa-minus\"><\/i><\/span>\n\t\t\t\t\t\t\t\t\t\t\t\t\t\t<\/span>\n\t\t\t\t\t\t\t\t\t\t\t\t<a class=\"elementor-accordion-title\" href=\"\">Care este diferen\u021ba dinte \u201esettled status\u201d \u0219i \u201epre-settled status\u201d? <\/a>\n\t\t\t\t\t<\/div>\n\t\t\t\t\t<div id=\"elementor-tab-content-1262\" class=\"elementor-tab-content elementor-clearfix\" data-tab=\"2\" role=\"tabpanel\" aria-labelledby=\"elementor-tab-title-1262\"><table class=\"mce-item-table\">\n<tbody>\n<tr>\n<td width=\"253\">Settled Status (statutul de rezident permanent) <\/td>\n<td width=\"276\">Pre-Settled Status (statutul de rezident temporar) <\/td>\n<\/tr>\n<tr>\n<td width=\"253\">\n<p>\u00cen mod normal, ve\u021bi primi statutul \u201esettled\u201d dac\u0103:<\/p>\n<ul>\n<li>A\u021bi locuit \u00een Regatul Unit o perioad\u0103 ne\u00eentrerupt\u0103 de 5 ani.<\/li>\n<\/ul>\n<\/td>\n<td width=\"276\">Dac\u0103 nu a\u021bi locuit o perioad\u0103 ne\u00eentrerupt\u0103 de 5 ani la data \u00eenregistr\u0103rii, \u00een mod normal ve\u021bi primi statutul \u201epre-settled\u201d.<\/td>\n<\/tr>\n<\/tbody>\n<\/table>\n<\/div>\n\t\t\t\t<\/div>\n\t\t\t\t\t\t\t<div class=\"elementor-accordion-item\">\n\t\t\t\t\t<div id=\"elementor-tab-title-1263\" class=\"elementor-tab-title\" data-tab=\"3\" role=\"tab\" aria-controls=\"elementor-tab-content-1263\">\n\t\t\t\t\t\t\t\t\t\t\t\t\t<span class=\"elementor-accordion-icon elementor-accordion-icon-left\" aria-hidden=\"true\">\n\t\t\t\t\t\t\t\t\t\t\t\t\t\t\t<span class=\"elementor-accordion-icon-closed\"><i class=\"fas fa-plus\"><\/i><\/span>\n\t\t\t\t\t\t\t\t<span class=\"elementor-accordion-icon-opened\"><i class=\"fas fa-minus\"><\/i><\/span>\n\t\t\t\t\t\t\t\t\t\t\t\t\t\t<\/span>\n\t\t\t\t\t\t\t\t\t\t\t\t<a class=\"elementor-accordion-title\" href=\"\">De ce am nevoie ca s\u0103 m\u0103 \u00eenregistrez \u00een sistem? <\/a>\n\t\t\t\t\t<\/div>\n\t\t\t\t\t<div id=\"elementor-tab-content-1263\" class=\"elementor-tab-content elementor-clearfix\" data-tab=\"3\" role=\"tabpanel\" aria-labelledby=\"elementor-tab-title-1263\"><p>Pentru a v\u0103 \u00eenregistra ave\u021bi nevoie de:  <\/p>\n<ul>\n<li>o\tActul de identitate (un pa\u0219aport valabil sau carte de identitate).<\/li>\n<li>o\tAdresa \u00een Regatul Unit (\u00een afara cazului \u00een care ave\u021bi un document de reziden\u021b\u0103 permanent\u0103 valabil sau un document de \u0219edere pe perioad\u0103 nedefinit\u0103 valabil).<\/li>\n<\/ul>\n<\/div>\n\t\t\t\t<\/div>\n\t\t\t\t\t\t\t<div class=\"elementor-accordion-item\">\n\t\t\t\t\t<div id=\"elementor-tab-title-1264\" class=\"elementor-tab-title\" data-tab=\"4\" role=\"tab\" aria-controls=\"elementor-tab-content-1264\">\n\t\t\t\t\t\t\t\t\t\t\t\t\t<span class=\"elementor-accordion-icon elementor-accordion-icon-left\" aria-hidden=\"true\">\n\t\t\t\t\t\t\t\t\t\t\t\t\t\t\t<span class=\"elementor-accordion-icon-closed\"><i class=\"fas fa-plus\"><\/i><\/span>\n\t\t\t\t\t\t\t\t<span class=\"elementor-accordion-icon-opened\"><i class=\"fas fa-minus\"><\/i><\/span>\n\t\t\t\t\t\t\t\t\t\t\t\t\t\t<\/span>\n\t\t\t\t\t\t\t\t\t\t\t\t<a class=\"elementor-accordion-title\" href=\"\">De ce trebuie s\u0103 m\u0103 \u00eenscriu \u00een EUSS? <\/a>\n\t\t\t\t\t<\/div>\n\t\t\t\t\t<div id=\"elementor-tab-content-1264\" class=\"elementor-tab-content elementor-clearfix\" data-tab=\"4\" role=\"tabpanel\" aria-labelledby=\"elementor-tab-title-1264\"><p>Prin \u00eenregistrare v\u0103 ve\u021bi p\u0103stra urm\u0103toarele drepturi:<\/p>\n<ul>\n<li>De a lucra \u00een Regatul Unit<\/li>\n<li>De a beneficia \u00een continuare de serviciile NHS \u00een mod gratuit<\/li>\n<li>La educa\u021bie sau continuarea studiilor<\/li>\n<li>De a avea acces la fonduri publice precum ajutoare sociale sau pensii, dac\u0103 \u00eendeplini\u021bi condi\u021biile necesare pentru acestea<\/li>\n<li>S\u0103 pute\u021bi pleca \u0219i reveni \u00een Regatul Unit.<\/li>\n<\/ul>\n<\/div>\n\t\t\t\t<\/div>\n\t\t\t\t\t\t\t<div class=\"elementor-accordion-item\">\n\t\t\t\t\t<div id=\"elementor-tab-title-1265\" class=\"elementor-tab-title\" data-tab=\"5\" role=\"tab\" aria-controls=\"elementor-tab-content-1265\">\n\t\t\t\t\t\t\t\t\t\t\t\t\t<span class=\"elementor-accordion-icon elementor-accordion-icon-left\" aria-hidden=\"true\">\n\t\t\t\t\t\t\t\t\t\t\t\t\t\t\t<span class=\"elementor-accordion-icon-closed\"><i class=\"fas fa-plus\"><\/i><\/span>\n\t\t\t\t\t\t\t\t<span class=\"elementor-accordion-icon-opened\"><i class=\"fas fa-minus\"><\/i><\/span>\n\t\t\t\t\t\t\t\t\t\t\t\t\t\t<\/span>\n\t\t\t\t\t\t\t\t\t\t\t\t<a class=\"elementor-accordion-title\" href=\"\">Cum pot s\u0103 m\u0103 \u00eenregistrez? <\/a>\n\t\t\t\t\t<\/div>\n\t\t\t\t\t<div id=\"elementor-tab-content-1265\" class=\"elementor-tab-content elementor-clearfix\" data-tab=\"5\" role=\"tabpanel\" aria-labelledby=\"elementor-tab-title-1265\"><p>Pute\u021bi s\u0103 v\u0103 \u00eenregistra\u021bi \u00een mod independent utiliz\u00e2nd aplica\u021bia \u201eEU exit: ID Document Check\u201d sau pute\u021bi trimite documentele prin po\u0219t\u0103 \u0219i s\u0103 \u00eenc\u0103rca\u021bi o poz\u0103 \u00een aplica\u021bie.<\/p>\n<\/div>\n\t\t\t\t<\/div>\n\t\t\t\t\t\t\t<div class=\"elementor-accordion-item\">\n\t\t\t\t\t<div id=\"elementor-tab-title-1266\" class=\"elementor-tab-title\" data-tab=\"6\" role=\"tab\" aria-controls=\"elementor-tab-content-1266\">\n\t\t\t\t\t\t\t\t\t\t\t\t\t<span class=\"elementor-accordion-icon elementor-accordion-icon-left\" aria-hidden=\"true\">\n\t\t\t\t\t\t\t\t\t\t\t\t\t\t\t<span class=\"elementor-accordion-icon-closed\"><i class=\"fas fa-plus\"><\/i><\/span>\n\t\t\t\t\t\t\t\t<span class=\"elementor-accordion-icon-opened\"><i class=\"fas fa-minus\"><\/i><\/span>\n\t\t\t\t\t\t\t\t\t\t\t\t\t\t<\/span>\n\t\t\t\t\t\t\t\t\t\t\t\t<a class=\"elementor-accordion-title\" href=\"\">Unde pot ob\u021bine ajutor pentru \u00eenregistrare? <\/a>\n\t\t\t\t\t<\/div>\n\t\t\t\t\t<div id=\"elementor-tab-content-1266\" class=\"elementor-tab-content elementor-clearfix\" data-tab=\"6\" role=\"tabpanel\" aria-labelledby=\"elementor-tab-title-1266\"><p>Consultan\u021bii no\u0219tri califica\u021bi sunt aici ca s\u0103 v\u0103 ajute cu \u00eenregistrarea \u00een EUSS. Dac\u0103 ave\u021bi nevoie de ajutor, apela\u021bi-ne la +44 (0)7802 579 808 sau trimite\u021bi un e-mail la <a href=\"mailto:euss@pbic.org.uk\"><strong>euss@pbic.org.uk<\/strong><\/a>.<\/p>\n<\/div>\n\t\t\t\t<\/div>\n\t\t\t\t\t<\/div>\n\t\t\t\t<\/div>\n\t\t\t\t<\/div>\n\t\t\t\t\t\t<\/div>\n\t\t\t\t\t<\/div>\n\t\t<\/div>\n\t\t\t\t\t\t\t\t<\/div>\n\t\t\t\t\t<\/div>\n\t\t<\/section>\n\t\t\t\t<section class=\"elementor-section elementor-top-section elementor-element elementor-element-c3062a5 elementor-section-boxed elementor-section-height-default elementor-section-height-default\" data-id=\"c3062a5\" data-element_type=\"section\" data-settings=\"{&quot;ekit_has_onepagescroll_dot&quot;:&quot;yes&quot;}\">\n\t\t\t\t\t\t<div class=\"elementor-container elementor-column-gap-default\">\n\t\t\t\t\t\t\t<div class=\"elementor-row\">\n\t\t\t\t\t<div class=\"elementor-column elementor-col-100 elementor-top-column elementor-element elementor-element-52495a3\" data-id=\"52495a3\" data-element_type=\"column\">\n\t\t\t<div class=\"elementor-column-wrap elementor-element-populated\">\n\t\t\t\t\t\t\t<div class=\"elementor-widget-wrap\">\n\t\t\t\t\t\t<div class=\"elementor-element elementor-element-6876254 elementor-widget elementor-widget-elementskit-testimonial\" data-id=\"6876254\" data-element_type=\"widget\" data-widget_type=\"elementskit-testimonial.default\">\n\t\t\t\t<div class=\"elementor-widget-container\">\n\t\t\t<div class=\"ekit-wid-con\" ><div class=\"elementskit-testimonial-slider\" data-config=\"{&quot;rtl&quot;:false,&quot;arrows&quot;:false,&quot;dots&quot;:false,&quot;pauseOnHover&quot;:true,&quot;prevArrow&quot;:&quot;&quot;,&quot;nextArrow&quot;:&quot;&quot;,&quot;autoplay&quot;:false,&quot;autoplaySpeed&quot;:1000,&quot;infinite&quot;:false,&quot;slidesToShow&quot;:1,&quot;slidesToScroll&quot;:1,&quot;responsive&quot;:[]}\">\n\t\t\t<div class=\"elementskit-testimonial-inner\">\n\t\t\t<div class=\"elementskit-single-testimonial-slider ekit_testimonial_style_2\">\n\t\t\t\t<div class=\"elementskit-commentor-content\">\n\t\t\t\t\t\t\t\t\t\t\t<div class=\"elementskit-client_logo\">\n\t\t\t\t\t\t\t\t\t\t\t\t\t\t<img src=\"https:\/\/pbic.org.uk.websitepreview.co.uk\/wp-content\/plugins\/elementor\/assets\/images\/placeholder.png\" class=\"elementskit-testimonial-client-logo\" alt=\"Client Logo\">\n\t\t\t\t\t\t<\/div>\n\t\t\t\t\t\t\t\t\t\t\t<p>Staff at PBIC are dedicated, hard-working and positive. As a charity organisation all of PBIC\u2019s services are free. I used their services with EUSS application support. I would recommend to anyone looking for help!<\/p>\n\t\t\t\t\t\t\t\t\t\t\t\t\t\t\t\t<span class=\"elementskit-border-hr\"><\/span>\n\t\t\t\t\t\t\t\t\t\t<span class=\"elementskit-profile-info\">\n\t\t\t\t\t\t<strong class=\"elementskit-author-name\">EUSS support feedback<\/strong>\n\t\t\t\t\t\t<span class=\"elementskit-author-des\"><\/span>\n\t\t\t\t\t<\/span>\n\t\t\t\t<\/div>\n\t\t\t\t\t\t\t\t\t<div class=\"elementskit-watermark-icon  ekit_watermark_icon_custom_position \">\n\t\t\t\t\t\t<i aria-hidden=\"true\" class=\"icon icon-quote1\"><\/i>\t\t\t\t\t<\/div>\n\t\t\t\t\t\t\t<\/div>\n\t\t<\/div>\n\t<\/div>\n<\/div>\t\t<\/div>\n\t\t\t\t<\/div>\n\t\t\t\t\t\t<\/div>\n\t\t\t\t\t<\/div>\n\t\t<\/div>\n\t\t\t\t\t\t\t\t<\/div>\n\t\t\t\t\t<\/div>\n\t\t<\/section>\n\t\t\t\t<section class=\"elementor-section elementor-top-section elementor-element elementor-element-1f7bf20 elementor-section-boxed elementor-section-height-default elementor-section-height-default\" data-id=\"1f7bf20\" data-element_type=\"section\" data-settings=\"{&quot;ekit_has_onepagescroll_dot&quot;:&quot;yes&quot;}\">\n\t\t\t\t\t\t<div class=\"elementor-container elementor-column-gap-default\">\n\t\t\t\t\t\t\t<div class=\"elementor-row\">\n\t\t\t\t\t<div class=\"elementor-column elementor-col-100 elementor-top-column elementor-element elementor-element-e9d94b7\" data-id=\"e9d94b7\" data-element_type=\"column\">\n\t\t\t<div class=\"elementor-column-wrap elementor-element-populated\">\n\t\t\t\t\t\t\t<div class=\"elementor-widget-wrap\">\n\t\t\t\t\t\t<div class=\"elementor-element elementor-element-daffaa5 elementor-widget elementor-widget-image\" data-id=\"daffaa5\" data-element_type=\"widget\" data-widget_type=\"image.default\">\n\t\t\t\t<div class=\"elementor-widget-container\">\n\t\t\t\t\t<div class=\"elementor-image\">\n\t\t\t\t\t\t\t\t\t\t\t<a href=\"https:\/\/www.gov.uk\/settled-status-eu-citizens-families\/applying-for-settled-status\" target=\"_blank\">\n\t\t\t\t\t\t\t<img width=\"1920\" height=\"1080\" src=\"https:\/\/pbic.org.uk.websitepreview.co.uk\/wp-content\/uploads\/2020\/11\/EUSS_poster_Facebook.jpg\" class=\"attachment-full size-full\" alt=\"EUSS\" loading=\"lazy\" srcset=\"https:\/\/pbic.org.uk.websitepreview.co.uk\/wp-content\/uploads\/2020\/11\/EUSS_poster_Facebook.jpg 1920w, https:\/\/pbic.org.uk.websitepreview.co.uk\/wp-content\/uploads\/2020\/11\/EUSS_poster_Facebook-300x169.jpg 300w, https:\/\/pbic.org.uk.websitepreview.co.uk\/wp-content\/uploads\/2020\/11\/EUSS_poster_Facebook-1024x576.jpg 1024w, https:\/\/pbic.org.uk.websitepreview.co.uk\/wp-content\/uploads\/2020\/11\/EUSS_poster_Facebook-768x432.jpg 768w, https:\/\/pbic.org.uk.websitepreview.co.uk\/wp-content\/uploads\/2020\/11\/EUSS_poster_Facebook-1536x864.jpg 1536w, https:\/\/pbic.org.uk.websitepreview.co.uk\/wp-content\/uploads\/2020\/11\/EUSS_poster_Facebook-600x338.jpg 600w\" sizes=\"(max-width: 1920px) 100vw, 1920px\" \/>\t\t\t\t\t\t\t\t<\/a>\n\t\t\t\t\t\t\t\t\t\t\t<\/div>\n\t\t\t\t<\/div>\n\t\t\t\t<\/div>\n\t\t\t\t\t\t<\/div>\n\t\t\t\t\t<\/div>\n\t\t<\/div>\n\t\t\t\t\t\t\t\t<\/div>\n\t\t\t\t\t<\/div>\n\t\t<\/section>\n\t\t\t\t\t\t<\/div>\n\t\t\t\t\t\t<\/div>\n\t\t\t\t\t<\/div>\n\t\t","protected":false},"excerpt":{"rendered":"<p>Sistemul de \u00cenregistrare a cet\u0103\u021benilor din Uniunea European\u0103 \u00een vederea ob\u021binerii noului statut de \u0219edere \u00een Regatul Unit. \u00cen aprilie 2019, PBIC a primit finan\u021bare de la Home Office (Ministerul de Interne al Regatului Unit) pentru a ajuta imigran\u021bii \u00een situa\u021bie de vulnerabilitate s\u0103 solicite \u00eenregistrarea \u00een EU Settlement Scheme pentru a r\u0103m\u00e2ne \u00een Regatul [&hellip;]<\/p>\n","protected":false},"author":1,"featured_media":0,"parent":0,"menu_order":0,"comment_status":"closed","ping_status":"closed","template":"template\/template-full-width.php","meta":[],"_links":{"self":[{"href":"https:\/\/pbic.org.uk.websitepreview.co.uk\/ro\/wp-json\/wp\/v2\/pages\/4501"}],"collection":[{"href":"https:\/\/pbic.org.uk.websitepreview.co.uk\/ro\/wp-json\/wp\/v2\/pages"}],"about":[{"href":"https:\/\/pbic.org.uk.websitepreview.co.uk\/ro\/wp-json\/wp\/v2\/types\/page"}],"author":[{"embeddable":true,"href":"https:\/\/pbic.org.uk.websitepreview.co.uk\/ro\/wp-json\/wp\/v2\/users\/1"}],"replies":[{"embeddable":true,"href":"https:\/\/pbic.org.uk.websitepreview.co.uk\/ro\/wp-json\/wp\/v2\/comments?post=4501"}],"version-history":[{"count":7,"href":"https:\/\/pbic.org.uk.websitepreview.co.uk\/ro\/wp-json\/wp\/v2\/pages\/4501\/revisions"}],"predecessor-version":[{"id":4640,"href":"https:\/\/pbic.org.uk.websitepreview.co.uk\/ro\/wp-json\/wp\/v2\/pages\/4501\/revisions\/4640"}],"wp:attachment":[{"href":"https:\/\/pbic.org.uk.websitepreview.co.uk\/ro\/wp-json\/wp\/v2\/media?parent=4501"}],"curies":[{"name":"wp","href":"https:\/\/api.w.org\/{rel}","templated":true}]}}