{"id":4494,"date":"2020-11-20T19:59:12","date_gmt":"2020-11-20T19:59:12","guid":{"rendered":"https:\/\/pbic.org.uk.websitepreview.co.uk\/consultanta-in-probleme-generale\/"},"modified":"2020-11-20T22:30:14","modified_gmt":"2020-11-20T22:30:14","slug":"consultanta-in-probleme-generale","status":"publish","type":"page","link":"https:\/\/pbic.org.uk.websitepreview.co.uk\/ro\/consultanta-in-probleme-generale\/","title":{"rendered":"Consultan\u021b\u0103 \u00een probleme generale"},"content":{"rendered":"\t\t<div data-elementor-type=\"wp-post\" data-elementor-id=\"4494\" class=\"elementor elementor-4494 elementor-3343\" data-elementor-settings=\"[]\">\n\t\t\t\t\t\t<div class=\"elementor-inner\">\n\t\t\t\t\t\t\t<div class=\"elementor-section-wrap\">\n\t\t\t\t\t\t\t<section class=\"elementor-section elementor-top-section elementor-element elementor-element-d71c0a9 elementor-section-boxed elementor-section-height-default elementor-section-height-default\" data-id=\"d71c0a9\" data-element_type=\"section\" data-settings=\"{&quot;ekit_has_onepagescroll_dot&quot;:&quot;yes&quot;}\">\n\t\t\t\t\t\t<div class=\"elementor-container elementor-column-gap-default\">\n\t\t\t\t\t\t\t<div class=\"elementor-row\">\n\t\t\t\t\t<div class=\"elementor-column elementor-col-100 elementor-top-column elementor-element elementor-element-8ab3e02\" data-id=\"8ab3e02\" data-element_type=\"column\">\n\t\t\t<div class=\"elementor-column-wrap elementor-element-populated\">\n\t\t\t\t\t\t\t<div class=\"elementor-widget-wrap\">\n\t\t\t\t\t\t<div class=\"elementor-element elementor-element-f801e31 elementor-widget elementor-widget-text-editor\" data-id=\"f801e31\" data-element_type=\"widget\" data-widget_type=\"text-editor.default\">\n\t\t\t\t<div class=\"elementor-widget-container\">\n\t\t\t\t\t<div class=\"elementor-text-editor elementor-clearfix\"><p class=\"lead\">Serviciul nostru de consultan\u021b\u0103 \u00een probleme generale \u00een mai multe limbi a fost creat drept r\u0103spuns la nevoile imigran\u021bilor din UE \u00een Regatul Unit.<\/p>\n<p>Consultan\u021bii no\u0219tri bilingvi sunt gata s\u0103 v\u0103 ajute \u00eentr-o gam\u0103 ampl\u0103 de domenii, de la \u00een\u021belegerea documentelor p\u00e2n\u0103 la asisten\u021b\u0103 \u00een nel\u0103muriri legate de Universal Credit (sistemul de indemniza\u021bii sociale).  Colabor\u0103m, de asemenea, cu o serie de parteneri ale\u0219i cu grij\u0103, la care putem s\u0103 v\u0103 trimitem dac\u0103 nevoile dumneavoastr\u0103 nu se \u00eencadreaz\u0103 \u00een domeniul nostru de expertiz\u0103.<\/p>\n<\/div>\n\t\t\t\t<\/div>\n\t\t\t\t<\/div>\n\t\t\t\t\t\t<\/div>\n\t\t\t\t\t<\/div>\n\t\t<\/div>\n\t\t\t\t\t\t\t\t<\/div>\n\t\t\t\t\t<\/div>\n\t\t<\/section>\n\t\t\t\t<section class=\"elementor-section elementor-top-section elementor-element elementor-element-bc19ca9 elementor-section-boxed elementor-section-height-default elementor-section-height-default\" data-id=\"bc19ca9\" data-element_type=\"section\" data-settings=\"{&quot;ekit_has_onepagescroll_dot&quot;:&quot;yes&quot;}\">\n\t\t\t\t\t\t<div class=\"elementor-container elementor-column-gap-default\">\n\t\t\t\t\t\t\t<div class=\"elementor-row\">\n\t\t\t\t\t<div class=\"elementor-column elementor-col-100 elementor-top-column elementor-element elementor-element-a322ffa\" data-id=\"a322ffa\" data-element_type=\"column\">\n\t\t\t<div class=\"elementor-column-wrap elementor-element-populated\">\n\t\t\t\t\t\t\t<div class=\"elementor-widget-wrap\">\n\t\t\t\t\t\t<div class=\"elementor-element elementor-element-263308e elementor-widget elementor-widget-text-editor\" data-id=\"263308e\" data-element_type=\"widget\" data-widget_type=\"text-editor.default\">\n\t\t\t\t<div class=\"elementor-widget-container\">\n\t\t\t\t\t<div class=\"elementor-text-editor elementor-clearfix\"><h3>Probleme obi\u0219nuite cu care v\u0103 putem ajuta<\/h3>\n<\/div>\n\t\t\t\t<\/div>\n\t\t\t\t<\/div>\n\t\t\t\t\t\t<\/div>\n\t\t\t\t\t<\/div>\n\t\t<\/div>\n\t\t\t\t\t\t\t\t<\/div>\n\t\t\t\t\t<\/div>\n\t\t<\/section>\n\t\t\t\t<section class=\"elementor-section elementor-top-section elementor-element elementor-element-d412b6f elementor-section-boxed elementor-section-height-default elementor-section-height-default\" data-id=\"d412b6f\" data-element_type=\"section\" data-settings=\"{&quot;ekit_has_onepagescroll_dot&quot;:&quot;yes&quot;}\">\n\t\t\t\t\t\t<div class=\"elementor-container elementor-column-gap-default\">\n\t\t\t\t\t\t\t<div class=\"elementor-row\">\n\t\t\t\t\t<div class=\"elementor-column elementor-col-33 elementor-top-column elementor-element elementor-element-9e62546\" data-id=\"9e62546\" data-element_type=\"column\">\n\t\t\t<div class=\"elementor-column-wrap elementor-element-populated\">\n\t\t\t\t\t\t\t<div class=\"elementor-widget-wrap\">\n\t\t\t\t\t\t<div class=\"elementor-element elementor-element-a27400c charitious-align-center elementor-widget elementor-widget-xs-featured-box\" data-id=\"a27400c\" data-element_type=\"widget\" data-widget_type=\"xs-featured-box.default\">\n\t\t\t\t<div class=\"elementor-widget-container\">\n\t\t\t\n\n                    <div class=\"xs-service-promo\">\n                                    <span class=\"\"><\/span>\n                                                    <h5>S\u0103 \u00een\u021belege\u021bi anumite documente<\/h5>\n                                                                    <div class=\"xs-service-promo-overlay\"><\/div>\n                            <\/div>\n        \t\t\t<\/div>\n\t\t\t\t<\/div>\n\t\t\t\t\t\t<\/div>\n\t\t\t\t\t<\/div>\n\t\t<\/div>\n\t\t\t\t<div class=\"elementor-column elementor-col-33 elementor-top-column elementor-element elementor-element-e93d0f4\" data-id=\"e93d0f4\" data-element_type=\"column\">\n\t\t\t<div class=\"elementor-column-wrap elementor-element-populated\">\n\t\t\t\t\t\t\t<div class=\"elementor-widget-wrap\">\n\t\t\t\t\t\t<div class=\"elementor-element elementor-element-7ede5b1 charitious-align-center elementor-widget elementor-widget-xs-featured-box\" data-id=\"7ede5b1\" data-element_type=\"widget\" data-widget_type=\"xs-featured-box.default\">\n\t\t\t\t<div class=\"elementor-widget-container\">\n\t\t\t\n\n                    <div class=\"xs-service-promo\">\n                                    <span class=\"\"><\/span>\n                                                    <h5>G\u0103sirea unei locuin\u021be<\/h5>\n                                                                    <div class=\"xs-service-promo-overlay\"><\/div>\n                            <\/div>\n        \t\t\t<\/div>\n\t\t\t\t<\/div>\n\t\t\t\t\t\t<\/div>\n\t\t\t\t\t<\/div>\n\t\t<\/div>\n\t\t\t\t<div class=\"elementor-column elementor-col-33 elementor-top-column elementor-element elementor-element-771cfc0\" data-id=\"771cfc0\" data-element_type=\"column\">\n\t\t\t<div class=\"elementor-column-wrap elementor-element-populated\">\n\t\t\t\t\t\t\t<div class=\"elementor-widget-wrap\">\n\t\t\t\t\t\t<div class=\"elementor-element elementor-element-c411275 charitious-align-center elementor-widget elementor-widget-xs-featured-box\" data-id=\"c411275\" data-element_type=\"widget\" data-widget_type=\"xs-featured-box.default\">\n\t\t\t\t<div class=\"elementor-widget-container\">\n\t\t\t\n\n                    <div class=\"xs-service-promo\">\n                                    <span class=\"\"><\/span>\n                                                    <h5>Educa\u021bie<\/h5>\n                                                                    <div class=\"xs-service-promo-overlay\"><\/div>\n                            <\/div>\n        \t\t\t<\/div>\n\t\t\t\t<\/div>\n\t\t\t\t\t\t<\/div>\n\t\t\t\t\t<\/div>\n\t\t<\/div>\n\t\t\t\t\t\t\t\t<\/div>\n\t\t\t\t\t<\/div>\n\t\t<\/section>\n\t\t\t\t<section class=\"elementor-section elementor-top-section elementor-element elementor-element-b93aae8 elementor-section-boxed elementor-section-height-default elementor-section-height-default\" data-id=\"b93aae8\" data-element_type=\"section\" data-settings=\"{&quot;ekit_has_onepagescroll_dot&quot;:&quot;yes&quot;}\">\n\t\t\t\t\t\t<div class=\"elementor-container elementor-column-gap-default\">\n\t\t\t\t\t\t\t<div class=\"elementor-row\">\n\t\t\t\t\t<div class=\"elementor-column elementor-col-33 elementor-top-column elementor-element elementor-element-0f69e3f\" data-id=\"0f69e3f\" data-element_type=\"column\">\n\t\t\t<div class=\"elementor-column-wrap elementor-element-populated\">\n\t\t\t\t\t\t\t<div class=\"elementor-widget-wrap\">\n\t\t\t\t\t\t<div class=\"elementor-element elementor-element-748a278 charitious-align-center elementor-widget elementor-widget-xs-featured-box\" data-id=\"748a278\" data-element_type=\"widget\" data-widget_type=\"xs-featured-box.default\">\n\t\t\t\t<div class=\"elementor-widget-container\">\n\t\t\t\n\n                    <div class=\"xs-service-promo\">\n                                    <span class=\"\"><\/span>\n                                                    <h5>Impozite<\/h5>\n                                                                    <div class=\"xs-service-promo-overlay\"><\/div>\n                            <\/div>\n        \t\t\t<\/div>\n\t\t\t\t<\/div>\n\t\t\t\t\t\t<\/div>\n\t\t\t\t\t<\/div>\n\t\t<\/div>\n\t\t\t\t<div class=\"elementor-column elementor-col-33 elementor-top-column elementor-element elementor-element-476b387\" data-id=\"476b387\" data-element_type=\"column\">\n\t\t\t<div class=\"elementor-column-wrap elementor-element-populated\">\n\t\t\t\t\t\t\t<div class=\"elementor-widget-wrap\">\n\t\t\t\t\t\t<div class=\"elementor-element elementor-element-1c79d65 charitious-align-center elementor-widget elementor-widget-xs-featured-box\" data-id=\"1c79d65\" data-element_type=\"widget\" data-widget_type=\"xs-featured-box.default\">\n\t\t\t\t<div class=\"elementor-widget-container\">\n\t\t\t\n\n                    <div class=\"xs-service-promo\">\n                                    <span class=\"\"><\/span>\n                                                    <h5>Pensii<\/h5>\n                                                                    <div class=\"xs-service-promo-overlay\"><\/div>\n                            <\/div>\n        \t\t\t<\/div>\n\t\t\t\t<\/div>\n\t\t\t\t\t\t<\/div>\n\t\t\t\t\t<\/div>\n\t\t<\/div>\n\t\t\t\t<div class=\"elementor-column elementor-col-33 elementor-top-column elementor-element elementor-element-37fc02d\" data-id=\"37fc02d\" data-element_type=\"column\">\n\t\t\t<div class=\"elementor-column-wrap elementor-element-populated\">\n\t\t\t\t\t\t\t<div class=\"elementor-widget-wrap\">\n\t\t\t\t\t\t<div class=\"elementor-element elementor-element-0535c25 charitious-align-center elementor-widget elementor-widget-xs-featured-box\" data-id=\"0535c25\" data-element_type=\"widget\" data-widget_type=\"xs-featured-box.default\">\n\t\t\t\t<div class=\"elementor-widget-container\">\n\t\t\t\n\n                    <div class=\"xs-service-promo\">\n                                    <span class=\"\"><\/span>\n                                                    <h5>Probleme legate de ajutoarele sociale<\/h5>\n                                                                    <div class=\"xs-service-promo-overlay\"><\/div>\n                            <\/div>\n        \t\t\t<\/div>\n\t\t\t\t<\/div>\n\t\t\t\t\t\t<\/div>\n\t\t\t\t\t<\/div>\n\t\t<\/div>\n\t\t\t\t\t\t\t\t<\/div>\n\t\t\t\t\t<\/div>\n\t\t<\/section>\n\t\t\t\t<section class=\"elementor-section elementor-top-section elementor-element elementor-element-fb69f67 elementor-section-boxed elementor-section-height-default elementor-section-height-default\" data-id=\"fb69f67\" data-element_type=\"section\" data-settings=\"{&quot;ekit_has_onepagescroll_dot&quot;:&quot;yes&quot;}\">\n\t\t\t\t\t\t<div class=\"elementor-container elementor-column-gap-default\">\n\t\t\t\t\t\t\t<div class=\"elementor-row\">\n\t\t\t\t\t<div class=\"elementor-column elementor-col-100 elementor-top-column elementor-element elementor-element-e3595a5\" data-id=\"e3595a5\" data-element_type=\"column\">\n\t\t\t<div class=\"elementor-column-wrap elementor-element-populated\">\n\t\t\t\t\t\t\t<div class=\"elementor-widget-wrap\">\n\t\t\t\t\t\t<div class=\"elementor-element elementor-element-35e78e5 elementor-widget elementor-widget-accordion\" data-id=\"35e78e5\" data-element_type=\"widget\" data-widget_type=\"accordion.default\">\n\t\t\t\t<div class=\"elementor-widget-container\">\n\t\t\t\t\t<div class=\"elementor-accordion\" role=\"tablist\">\n\t\t\t\t\t\t\t<div class=\"elementor-accordion-item\">\n\t\t\t\t\t<div id=\"elementor-tab-title-5651\" class=\"elementor-tab-title\" data-tab=\"1\" role=\"tab\" aria-controls=\"elementor-tab-content-5651\">\n\t\t\t\t\t\t\t\t\t\t\t\t\t<span class=\"elementor-accordion-icon elementor-accordion-icon-left\" aria-hidden=\"true\">\n\t\t\t\t\t\t\t\t\t\t\t\t\t\t\t<span class=\"elementor-accordion-icon-closed\"><i class=\"fas fa-plus\"><\/i><\/span>\n\t\t\t\t\t\t\t\t<span class=\"elementor-accordion-icon-opened\"><i class=\"fas fa-minus\"><\/i><\/span>\n\t\t\t\t\t\t\t\t\t\t\t\t\t\t<\/span>\n\t\t\t\t\t\t\t\t\t\t\t\t<a class=\"elementor-accordion-title\" href=\"\">What benefit queries can you help with?<\/a>\n\t\t\t\t\t<\/div>\n\t\t\t\t\t<div id=\"elementor-tab-content-5651\" class=\"elementor-tab-content elementor-clearfix\" data-tab=\"1\" role=\"tabpanel\" aria-labelledby=\"elementor-tab-title-5651\"><ul>\n<li>Personal Independence Payment<\/li>\n<li>Child Benefit<\/li>\n<li>Universal Credit<\/li>\n<li>Job Seekers Allowance<\/li>\n<li>Pension Credit<\/li>\n<li>Council Tax Support<\/li>\n<li>Income Support<\/li>\n<li>Child Tax Credits<\/li>\n<li>Working Tax Credits<\/li>\n<li>Housing Benefit<\/li>\n<li>Carers Allowance<\/li>\n<\/ul>\n<\/div>\n\t\t\t\t<\/div>\n\t\t\t\t\t<\/div>\n\t\t\t\t<\/div>\n\t\t\t\t<\/div>\n\t\t\t\t\t\t<\/div>\n\t\t\t\t\t<\/div>\n\t\t<\/div>\n\t\t\t\t\t\t\t\t<\/div>\n\t\t\t\t\t<\/div>\n\t\t<\/section>\n\t\t\t\t<section class=\"elementor-section elementor-top-section elementor-element elementor-element-55762b5 elementor-section-boxed elementor-section-height-default elementor-section-height-default\" data-id=\"55762b5\" data-element_type=\"section\" data-settings=\"{&quot;ekit_has_onepagescroll_dot&quot;:&quot;yes&quot;}\">\n\t\t\t\t\t\t<div class=\"elementor-container elementor-column-gap-default\">\n\t\t\t\t\t\t\t<div class=\"elementor-row\">\n\t\t\t\t\t<div class=\"elementor-column elementor-col-100 elementor-top-column elementor-element elementor-element-3216b15\" data-id=\"3216b15\" data-element_type=\"column\">\n\t\t\t<div class=\"elementor-column-wrap elementor-element-populated\">\n\t\t\t\t\t\t\t<div class=\"elementor-widget-wrap\">\n\t\t\t\t\t\t<div class=\"elementor-element elementor-element-87ff4bc elementor-widget elementor-widget-text-editor\" data-id=\"87ff4bc\" data-element_type=\"widget\" data-widget_type=\"text-editor.default\">\n\t\t\t\t<div class=\"elementor-widget-container\">\n\t\t\t\t\t<div class=\"elementor-text-editor elementor-clearfix\"><p>Oferim sesiuni de consiliere prin telefon sau prin programare \u0219i, \u00een timp util, vom reintroduce solicit\u0103rile de consultan\u021b\u0103 neprev\u0103zute s\u0103pt\u0103m\u00e2nale.<\/p>\n<h5>Lua\u021bi leg\u0103tura cu noi la 01234 328100 sau trimite\u021bi un e-mail la <a href=\"mailto:info@pbic.org.uk\">info@pbic.org.uk<\/a><\/h5>\n<\/div>\n\t\t\t\t<\/div>\n\t\t\t\t<\/div>\n\t\t\t\t\t\t<\/div>\n\t\t\t\t\t<\/div>\n\t\t<\/div>\n\t\t\t\t\t\t\t\t<\/div>\n\t\t\t\t\t<\/div>\n\t\t<\/section>\n\t\t\t\t\t\t<\/div>\n\t\t\t\t\t\t<\/div>\n\t\t\t\t\t<\/div>\n\t\t","protected":false},"excerpt":{"rendered":"<p>Serviciul nostru de consultan\u021b\u0103 \u00een probleme generale \u00een mai multe limbi a fost creat drept r\u0103spuns la nevoile imigran\u021bilor din UE \u00een Regatul Unit. Consultan\u021bii no\u0219tri bilingvi sunt gata s\u0103 v\u0103 ajute \u00eentr-o gam\u0103 ampl\u0103 de domenii, de la \u00een\u021belegerea documentelor p\u00e2n\u0103 la asisten\u021b\u0103 \u00een nel\u0103muriri legate de Universal Credit (sistemul de indemniza\u021bii sociale). Colabor\u0103m, [&hellip;]<\/p>\n","protected":false},"author":1,"featured_media":0,"parent":0,"menu_order":0,"comment_status":"closed","ping_status":"closed","template":"template\/template-full-width.php","meta":[],"_links":{"self":[{"href":"https:\/\/pbic.org.uk.websitepreview.co.uk\/ro\/wp-json\/wp\/v2\/pages\/4494"}],"collection":[{"href":"https:\/\/pbic.org.uk.websitepreview.co.uk\/ro\/wp-json\/wp\/v2\/pages"}],"about":[{"href":"https:\/\/pbic.org.uk.websitepreview.co.uk\/ro\/wp-json\/wp\/v2\/types\/page"}],"author":[{"embeddable":true,"href":"https:\/\/pbic.org.uk.websitepreview.co.uk\/ro\/wp-json\/wp\/v2\/users\/1"}],"replies":[{"embeddable":true,"href":"https:\/\/pbic.org.uk.websitepreview.co.uk\/ro\/wp-json\/wp\/v2\/comments?post=4494"}],"version-history":[{"count":6,"href":"https:\/\/pbic.org.uk.websitepreview.co.uk\/ro\/wp-json\/wp\/v2\/pages\/4494\/revisions"}],"predecessor-version":[{"id":4627,"href":"https:\/\/pbic.org.uk.websitepreview.co.uk\/ro\/wp-json\/wp\/v2\/pages\/4494\/revisions\/4627"}],"wp:attachment":[{"href":"https:\/\/pbic.org.uk.websitepreview.co.uk\/ro\/wp-json\/wp\/v2\/media?parent=4494"}],"curies":[{"name":"wp","href":"https:\/\/api.w.org\/{rel}","templated":true}]}}