{"id":4490,"date":"2020-11-20T19:56:10","date_gmt":"2020-11-20T19:56:10","guid":{"rendered":"https:\/\/pbic.org.uk.websitepreview.co.uk\/contact-us\/"},"modified":"2020-11-20T22:40:08","modified_gmt":"2020-11-20T22:40:08","slug":"luai-legatura-cu-noi","status":"publish","type":"page","link":"https:\/\/pbic.org.uk.websitepreview.co.uk\/ro\/luai-legatura-cu-noi\/","title":{"rendered":"Lua\u021bi leg\u0103tura cu noi"},"content":{"rendered":"\t\t<div data-elementor-type=\"wp-post\" data-elementor-id=\"4490\" class=\"elementor elementor-4490 elementor-515\" data-elementor-settings=\"[]\">\n\t\t\t\t\t\t<div class=\"elementor-inner\">\n\t\t\t\t\t\t\t<div class=\"elementor-section-wrap\">\n\t\t\t\t\t\t\t<section class=\"elementor-section elementor-top-section elementor-element elementor-element-bcfa554 elementor-section-boxed elementor-section-height-default elementor-section-height-default\" data-id=\"bcfa554\" data-element_type=\"section\" data-settings=\"{&quot;ekit_has_onepagescroll_dot&quot;:&quot;yes&quot;}\">\n\t\t\t\t\t\t<div class=\"elementor-container elementor-column-gap-default\">\n\t\t\t\t\t\t\t<div class=\"elementor-row\">\n\t\t\t\t\t<div class=\"elementor-column elementor-col-100 elementor-top-column elementor-element elementor-element-8dfba2a\" data-id=\"8dfba2a\" data-element_type=\"column\">\n\t\t\t<div class=\"elementor-column-wrap elementor-element-populated\">\n\t\t\t\t\t\t\t<div class=\"elementor-widget-wrap\">\n\t\t\t\t\t\t<section class=\"elementor-section elementor-inner-section elementor-element elementor-element-5da5bda elementor-section-boxed elementor-section-height-default elementor-section-height-default\" data-id=\"5da5bda\" data-element_type=\"section\" data-settings=\"{&quot;background_background&quot;:&quot;classic&quot;,&quot;ekit_has_onepagescroll_dot&quot;:&quot;yes&quot;}\">\n\t\t\t\t\t\t<div class=\"elementor-container elementor-column-gap-default\">\n\t\t\t\t\t\t\t<div class=\"elementor-row\">\n\t\t\t\t\t<div class=\"elementor-column elementor-col-50 elementor-inner-column elementor-element elementor-element-3132414 contact-form-v2\" data-id=\"3132414\" data-element_type=\"column\">\n\t\t\t<div class=\"elementor-column-wrap elementor-element-populated\">\n\t\t\t\t\t\t\t<div class=\"elementor-widget-wrap\">\n\t\t\t\t\t\t<div class=\"elementor-element elementor-element-5006521 elementor-widget elementor-widget-text-editor\" data-id=\"5006521\" data-element_type=\"widget\" data-widget_type=\"text-editor.default\">\n\t\t\t\t<div class=\"elementor-widget-container\">\n\t\t\t\t\t<div class=\"elementor-text-editor elementor-clearfix\"><h3><span style=\"color: #ffffff;\"><strong>PBIC<\/strong><\/span><\/h3>\n<p><strong>Pute\u021bi lua leg\u0103tura cu noi: De luni p\u00e2n\u0103 vineri, 10:00 \u2013 15:00.<\/strong><\/p>\n<p>90-92 Bromham Road<br \/>Bedford<br \/>MK40 2QH<\/p>\n<p><strong>Phone:<\/strong>\u00a0<a class=\"white\" href=\"tel:01234 328100\">01234 328100<\/a><strong><br \/>Email:<\/strong> <a class=\"white\" href=\"mailto:info@pbic.org.uk\">info@pbic.org.uk<\/a><\/p>\n<\/div>\n\t\t\t\t<\/div>\n\t\t\t\t<\/div>\n\t\t\t\t\t\t<\/div>\n\t\t\t\t\t<\/div>\n\t\t<\/div>\n\t\t\t\t<div class=\"elementor-column elementor-col-50 elementor-inner-column elementor-element elementor-element-025dae3\" data-id=\"025dae3\" data-element_type=\"column\">\n\t\t\t<div class=\"elementor-column-wrap elementor-element-populated\">\n\t\t\t\t\t\t\t<div class=\"elementor-widget-wrap\">\n\t\t\t\t\t\t<div class=\"elementor-element elementor-element-6766865 elementor-widget elementor-widget-google_maps\" data-id=\"6766865\" data-element_type=\"widget\" data-widget_type=\"google_maps.default\">\n\t\t\t\t<div class=\"elementor-widget-container\">\n\t\t\t<div class=\"elementor-custom-embed\"><iframe frameborder=\"0\" scrolling=\"no\" marginheight=\"0\" marginwidth=\"0\" src=\"https:\/\/maps.google.com\/maps?q=PBIC%20Bedford&amp;t=m&amp;z=13&amp;output=embed&amp;iwloc=near\" title=\"PBIC Bedford\" aria-label=\"PBIC Bedford\"><\/iframe><\/div>\t\t<\/div>\n\t\t\t\t<\/div>\n\t\t\t\t\t\t<\/div>\n\t\t\t\t\t<\/div>\n\t\t<\/div>\n\t\t\t\t\t\t\t\t<\/div>\n\t\t\t\t\t<\/div>\n\t\t<\/section>\n\t\t\t\t\t\t<\/div>\n\t\t\t\t\t<\/div>\n\t\t<\/div>\n\t\t\t\t\t\t\t\t<\/div>\n\t\t\t\t\t<\/div>\n\t\t<\/section>\n\t\t\t\t<section class=\"elementor-section elementor-top-section elementor-element elementor-element-cc84ec3 elementor-section-boxed elementor-section-height-default elementor-section-height-default\" data-id=\"cc84ec3\" data-element_type=\"section\" data-settings=\"{&quot;ekit_has_onepagescroll_dot&quot;:&quot;yes&quot;}\">\n\t\t\t\t\t\t<div class=\"elementor-container elementor-column-gap-default\">\n\t\t\t\t\t\t\t<div class=\"elementor-row\">\n\t\t\t\t\t<div class=\"elementor-column elementor-col-100 elementor-top-column elementor-element elementor-element-2e4324c\" data-id=\"2e4324c\" data-element_type=\"column\">\n\t\t\t<div class=\"elementor-column-wrap elementor-element-populated\">\n\t\t\t\t\t\t\t<div class=\"elementor-widget-wrap\">\n\t\t\t\t\t\t<div class=\"elementor-element elementor-element-be2e40b elementor-widget elementor-widget-text-editor\" data-id=\"be2e40b\" data-element_type=\"widget\" data-widget_type=\"text-editor.default\">\n\t\t\t\t<div class=\"elementor-widget-container\">\n\t\t\t\t\t<div class=\"elementor-text-editor elementor-clearfix\"><h3 style=\"text-align: center;\">Send us a message<\/h3>\n<\/div>\n\t\t\t\t<\/div>\n\t\t\t\t<\/div>\n\t\t\t\t<div class=\"elementor-element elementor-element-884e7eb elementor-widget elementor-widget-html\" data-id=\"884e7eb\" data-element_type=\"widget\" data-widget_type=\"html.default\">\n\t\t\t\t<div class=\"elementor-widget-container\">\n\t\t\t<script type=\"text\/javascript\" src=\"https:\/\/form.jotform.com\/jsform\/202774016909357\"><\/script>\t\t<\/div>\n\t\t\t\t<\/div>\n\t\t\t\t\t\t<\/div>\n\t\t\t\t\t<\/div>\n\t\t<\/div>\n\t\t\t\t\t\t\t\t<\/div>\n\t\t\t\t\t<\/div>\n\t\t<\/section>\n\t\t\t\t\t\t<\/div>\n\t\t\t\t\t\t<\/div>\n\t\t\t\t\t<\/div>\n\t\t","protected":false},"excerpt":{"rendered":"<p>PBIC Pute\u021bi lua leg\u0103tura cu noi: De luni p\u00e2n\u0103 vineri, 10:00 \u2013 15:00. 90-92 Bromham Road Bedford MK40 2QH Phone:&nbsp;01234 328100 Email: info@pbic.org.uk Send us a message<\/p>\n","protected":false},"author":1,"featured_media":0,"parent":0,"menu_order":0,"comment_status":"closed","ping_status":"closed","template":"template\/template-full-width.php","meta":[],"_links":{"self":[{"href":"https:\/\/pbic.org.uk.websitepreview.co.uk\/ro\/wp-json\/wp\/v2\/pages\/4490"}],"collection":[{"href":"https:\/\/pbic.org.uk.websitepreview.co.uk\/ro\/wp-json\/wp\/v2\/pages"}],"about":[{"href":"https:\/\/pbic.org.uk.websitepreview.co.uk\/ro\/wp-json\/wp\/v2\/types\/page"}],"author":[{"embeddable":true,"href":"https:\/\/pbic.org.uk.websitepreview.co.uk\/ro\/wp-json\/wp\/v2\/users\/1"}],"replies":[{"embeddable":true,"href":"https:\/\/pbic.org.uk.websitepreview.co.uk\/ro\/wp-json\/wp\/v2\/comments?post=4490"}],"version-history":[{"count":4,"href":"https:\/\/pbic.org.uk.websitepreview.co.uk\/ro\/wp-json\/wp\/v2\/pages\/4490\/revisions"}],"predecessor-version":[{"id":4621,"href":"https:\/\/pbic.org.uk.websitepreview.co.uk\/ro\/wp-json\/wp\/v2\/pages\/4490\/revisions\/4621"}],"wp:attachment":[{"href":"https:\/\/pbic.org.uk.websitepreview.co.uk\/ro\/wp-json\/wp\/v2\/media?parent=4490"}],"curies":[{"name":"wp","href":"https:\/\/api.w.org\/{rel}","templated":true}]}}