{"id":4056,"date":"2020-11-17T11:17:08","date_gmt":"2020-11-17T11:17:08","guid":{"rendered":"https:\/\/pbic.org.uk.websitepreview.co.uk\/nasze-uslugi\/"},"modified":"2020-11-17T17:55:42","modified_gmt":"2020-11-17T17:55:42","slug":"nasze-uslugi","status":"publish","type":"page","link":"https:\/\/pbic.org.uk.websitepreview.co.uk\/pl\/nasze-uslugi\/","title":{"rendered":"Nasze Us\u0142ugi"},"content":{"rendered":"\t\t<div data-elementor-type=\"wp-post\" data-elementor-id=\"4056\" class=\"elementor elementor-4056 elementor-435\" data-elementor-settings=\"[]\">\n\t\t\t\t\t\t<div class=\"elementor-inner\">\n\t\t\t\t\t\t\t<div class=\"elementor-section-wrap\">\n\t\t\t\t\t\t\t<section class=\"elementor-section elementor-top-section elementor-element elementor-element-c64efff elementor-section-boxed elementor-section-height-default elementor-section-height-default\" data-id=\"c64efff\" data-element_type=\"section\" data-settings=\"{&quot;ekit_has_onepagescroll_dot&quot;:&quot;yes&quot;}\">\n\t\t\t\t\t\t<div class=\"elementor-container elementor-column-gap-default\">\n\t\t\t\t\t\t\t<div class=\"elementor-row\">\n\t\t\t\t\t<div class=\"elementor-column elementor-col-100 elementor-top-column elementor-element elementor-element-2b1a524\" data-id=\"2b1a524\" data-element_type=\"column\">\n\t\t\t<div class=\"elementor-column-wrap elementor-element-populated\">\n\t\t\t\t\t\t\t<div class=\"elementor-widget-wrap\">\n\t\t\t\t\t\t<div class=\"elementor-element elementor-element-c9e5948 elementor-widget elementor-widget-text-editor\" data-id=\"c9e5948\" data-element_type=\"widget\" data-widget_type=\"text-editor.default\">\n\t\t\t\t<div class=\"elementor-widget-container\">\n\t\t\t\t\t<div class=\"elementor-text-editor elementor-clearfix\"><p class=\"lead\">W PBIC cechujemy si\u0119 holistycznym podej\u015bciem. Pomagamy we wszystkim; czy to t\u0142umaczenie, doradztwo zawodowe, wype\u0142nianie r\u00f3\u017cnych form, czy pomaganie w bardziej skomplikowanych sprawach.<\/p>\n<p>Zapewniamy, \u017ce wszystkie nasze us\u0142ugi s\u0105 bezp\u0142atne, gdy\u017c uwa\u017camy, \u017ce ka\u017cdy powinien mie\u0107 prawo dost\u0119pu do darmowych porad \u2013 nie wa\u017cne w jakim j\u0119zyku.<\/p>\n<p>Ze wzgl\u0119du na barier\u0119 j\u0119zykow\u0105 oraz brak pewno\u015bci siebie, wielu migrant\u00f3w ma problem z dost\u0119pem do us\u0142ug lokalnych w Wielkiej Brytanii. <\/p>\n<p>W PBIC, cz\u0119sto dzia\u0142amy jako po\u015brednik, \u0142\u0105cz\u0105c osoby w potrzebie, ze wsparciem, kt\u00f3re jest dla nich dost\u0119pne.  <\/p>\n<p>Nasze us\u0142ugi s\u0105 w wi\u0119kszo\u015bci dostarczane poprzez dwuj\u0119zycznych doradc\u00f3w. Oferujemy wsparcie w j\u0119zyku Polskim, Angielskim oraz Rosyjskim. <\/p>\n<p>Nasi wolontariusze oferuj\u0105 t\u0142umaczenia w wielu Europejskich j\u0119zykach. Wsp\u00f3\u0142pracujemy r\u00f3wnie\u017c z QPCO (Queens Park Community Organisation Interpreting Project) dzi\u0119ki czemu mo\u017cemy oferowa\u0107 wsparcie w 15 j\u0119zykach. <\/p>\n<\/div>\n\t\t\t\t<\/div>\n\t\t\t\t<\/div>\n\t\t\t\t\t\t<\/div>\n\t\t\t\t\t<\/div>\n\t\t<\/div>\n\t\t\t\t\t\t\t\t<\/div>\n\t\t\t\t\t<\/div>\n\t\t<\/section>\n\t\t\t\t<section class=\"elementor-section elementor-top-section elementor-element elementor-element-793f3f5 elementor-section-boxed elementor-section-height-default elementor-section-height-default\" data-id=\"793f3f5\" data-element_type=\"section\" data-settings=\"{&quot;ekit_has_onepagescroll_dot&quot;:&quot;yes&quot;}\">\n\t\t\t\t\t\t<div class=\"elementor-container elementor-column-gap-default\">\n\t\t\t\t\t\t\t<div class=\"elementor-row\">\n\t\t\t\t\t<div class=\"elementor-column elementor-col-33 elementor-top-column elementor-element elementor-element-2967c32\" data-id=\"2967c32\" data-element_type=\"column\">\n\t\t\t<div class=\"elementor-column-wrap elementor-element-populated\">\n\t\t\t\t\t\t\t<div class=\"elementor-widget-wrap\">\n\t\t\t\t\t\t<div class=\"elementor-element elementor-element-a1feb93 elementor-widget elementor-widget-elementskit-image-box\" data-id=\"a1feb93\" data-element_type=\"widget\" data-widget_type=\"elementskit-image-box.default\">\n\t\t\t\t<div class=\"elementor-widget-container\">\n\t\t\t<div class=\"ekit-wid-con\" >\n            <div class=\"elementskit-info-image-box text-center simple-card\" >\n\n                <a href=\"\/pl\/porady-ogolne\">\n                <div class=\"elementskit-box-header image-box-img-center\">\n\n                    <img width=\"360\" height=\"240\" src=\"https:\/\/pbic.org.uk.websitepreview.co.uk\/wp-content\/uploads\/2020\/10\/general-advice-thumb.jpg\" class=\"attachment-full size-full\" alt=\"General advice\" loading=\"lazy\" srcset=\"https:\/\/pbic.org.uk.websitepreview.co.uk\/wp-content\/uploads\/2020\/10\/general-advice-thumb.jpg 360w, https:\/\/pbic.org.uk.websitepreview.co.uk\/wp-content\/uploads\/2020\/10\/general-advice-thumb-300x200.jpg 300w\" sizes=\"(max-width: 360px) 100vw, 360px\" \/>\n                <\/div>\n                <\/a>\n                <div class=\"elementskit-box-body\">\n                    <div class=\"elementskit-box-content\">\n                                                <h3 class=\"elementskit-info-box-title\">\n\n                        \n                        <a >Porady Og\u00f3lne   <\/a>\n                        \n                    <\/h3>\n                                                            <div class=\"elementskit-box-style-content\">\n                        Oferujemy wsparcie w t\u0142umaczeniu dokument\u00f3w, wype\u0142nianiu form oraz aplikacji, rejestracji do szko\u0142y lub lekarza, \u015bwiadczeniach socjalnych, sprawach mieszkaniowych lub w jakichkolwiek innych problemach, kt\u00f3re mog\u0105 spotka\u0107 migrant\u00f3w przyby\u0142ych do UK.                      <\/div>\n                                    <\/div>\n\n                                <div class=\"elementskit-box-footer\">\n                    <div class=\"box-footer\">\n                        <div class=\"btn-wraper\">\n                                                            <a href=\"\/pl\/porady-ogolne\" class=\"elementskit-btn\">\n                                    \n                                    \n                                    Learn more                                 <\/a>\n                                                        <\/div>\n                    <\/div>\n                <\/div>\n                            <\/div>\n            <\/div>\n        <\/div>\t\t<\/div>\n\t\t\t\t<\/div>\n\t\t\t\t\t\t<\/div>\n\t\t\t\t\t<\/div>\n\t\t<\/div>\n\t\t\t\t<div class=\"elementor-column elementor-col-33 elementor-top-column elementor-element elementor-element-11c5cac\" data-id=\"11c5cac\" data-element_type=\"column\">\n\t\t\t<div class=\"elementor-column-wrap elementor-element-populated\">\n\t\t\t\t\t\t\t<div class=\"elementor-widget-wrap\">\n\t\t\t\t\t\t<div class=\"elementor-element elementor-element-9282cb4 elementor-widget elementor-widget-elementskit-image-box\" data-id=\"9282cb4\" data-element_type=\"widget\" data-widget_type=\"elementskit-image-box.default\">\n\t\t\t\t<div class=\"elementor-widget-container\">\n\t\t\t<div class=\"ekit-wid-con\" >\n            <div class=\"elementskit-info-image-box text-center simple-card\" >\n\n                <a href=\"\/pl\/kursy-jezyka-anielskiego\">\n                <div class=\"elementskit-box-header image-box-img-center\">\n\n                    <img width=\"360\" height=\"240\" src=\"https:\/\/pbic.org.uk.websitepreview.co.uk\/wp-content\/uploads\/2020\/10\/esol-courses.jpg\" class=\"attachment-full size-full\" alt=\"ESOL courses\" loading=\"lazy\" srcset=\"https:\/\/pbic.org.uk.websitepreview.co.uk\/wp-content\/uploads\/2020\/10\/esol-courses.jpg 360w, https:\/\/pbic.org.uk.websitepreview.co.uk\/wp-content\/uploads\/2020\/10\/esol-courses-300x200.jpg 300w\" sizes=\"(max-width: 360px) 100vw, 360px\" \/>\n                <\/div>\n                <\/a>\n                <div class=\"elementskit-box-body\">\n                    <div class=\"elementskit-box-content\">\n                                                <h3 class=\"elementskit-info-box-title\">\n\n                        \n                        <a >Kursy J\u0119zyka Angielskiego (ESOL)     <\/a>\n                        \n                    <\/h3>\n                                                            <div class=\"elementskit-box-style-content\">\n                        Nasze Kursy ESOL s\u0105 specyficznie dostosowane dla os\u00f3b, kt\u00f3re przeprowadzi\u0142y si\u0119 do UK. Opr\u00f3cz podstawowych lekcji j\u0119zyka, nasze kursy zawieraj\u0105 modu\u0142y o brytyjskich warto\u015bciach, kt\u00f3re s\u0105 akredytowane przez AQA.  \r\n\r\nZaj\u0119cia s\u0105 dost\u0119pne na r\u00f3\u017cnych poziomach: od zaj\u0119\u0107 podstawowych, a\u017c po zaawansowane lekcje pomagaj\u0105ce w przygotowaniu do egzamin\u00f3w IELTS.                     <\/div>\n                                    <\/div>\n\n                                <div class=\"elementskit-box-footer\">\n                    <div class=\"box-footer\">\n                        <div class=\"btn-wraper\">\n                                                            <a href=\"\/pl\/kursy-jezyka-anielskiego\" class=\"elementskit-btn\">\n                                    \n                                    \n                                    Dowiedz si\u0119 wi\u0119cej                                <\/a>\n                                                        <\/div>\n                    <\/div>\n                <\/div>\n                            <\/div>\n            <\/div>\n        <\/div>\t\t<\/div>\n\t\t\t\t<\/div>\n\t\t\t\t\t\t<\/div>\n\t\t\t\t\t<\/div>\n\t\t<\/div>\n\t\t\t\t<div class=\"elementor-column elementor-col-33 elementor-top-column elementor-element elementor-element-53ca0ff\" data-id=\"53ca0ff\" data-element_type=\"column\">\n\t\t\t<div class=\"elementor-column-wrap elementor-element-populated\">\n\t\t\t\t\t\t\t<div class=\"elementor-widget-wrap\">\n\t\t\t\t\t\t<div class=\"elementor-element elementor-element-70a61fd elementor-widget elementor-widget-elementskit-image-box\" data-id=\"70a61fd\" data-element_type=\"widget\" data-widget_type=\"elementskit-image-box.default\">\n\t\t\t\t<div class=\"elementor-widget-container\">\n\t\t\t<div class=\"ekit-wid-con\" >\n            <div class=\"elementskit-info-image-box text-center simple-card\" >\n\n                <a href=\"\/pl\/doradztwo-zawodowe\">\n                <div class=\"elementskit-box-header image-box-img-center\">\n\n                    <img width=\"360\" height=\"240\" src=\"https:\/\/pbic.org.uk.websitepreview.co.uk\/wp-content\/uploads\/2020\/10\/careers-advice-thumb.jpg\" class=\"attachment-full size-full\" alt=\"Careers advice\" loading=\"lazy\" srcset=\"https:\/\/pbic.org.uk.websitepreview.co.uk\/wp-content\/uploads\/2020\/10\/careers-advice-thumb.jpg 360w, https:\/\/pbic.org.uk.websitepreview.co.uk\/wp-content\/uploads\/2020\/10\/careers-advice-thumb-300x200.jpg 300w\" sizes=\"(max-width: 360px) 100vw, 360px\" \/>\n                <\/div>\n                <\/a>\n                <div class=\"elementskit-box-body\">\n                    <div class=\"elementskit-box-content\">\n                                                <h3 class=\"elementskit-info-box-title\">\n\n                        \n                        <a >Doradztwo Zawodowe  <\/a>\n                        \n                    <\/h3>\n                                                            <div class=\"elementskit-box-style-content\">\n                        Wspieramy w rozwoju zawodowym, czyli polepszaniu perspektyw zatrudnienia, jak i \u017cycia na co dzie\u0144. Nasze bezp\u0142atne doradztwo zawodowe jest dostosowane do indywidualnych potrzeb klienta. \u015awiadczymy porady w zakresie: poszukiwania pracy, tworzenia CV w j\u0119zyku angielskim, wype\u0142niania aplikacji o prac\u0119, przygotowania do rozmowy kwalifikacyjnej, informacji o lokalnym rynku pracy oraz znalezieniu odpowiednich kurs\u00f3w.                      <\/div>\n                                    <\/div>\n\n                                <div class=\"elementskit-box-footer\">\n                    <div class=\"box-footer\">\n                        <div class=\"btn-wraper\">\n                                                            <a href=\"\/pl\/doradztwo-zawodowe\" class=\"elementskit-btn\">\n                                    \n                                    \n                                    Learn more                                 <\/a>\n                                                        <\/div>\n                    <\/div>\n                <\/div>\n                            <\/div>\n            <\/div>\n        <\/div>\t\t<\/div>\n\t\t\t\t<\/div>\n\t\t\t\t\t\t<\/div>\n\t\t\t\t\t<\/div>\n\t\t<\/div>\n\t\t\t\t\t\t\t\t<\/div>\n\t\t\t\t\t<\/div>\n\t\t<\/section>\n\t\t\t\t<section class=\"elementor-section elementor-top-section elementor-element elementor-element-2ff027c elementor-section-boxed elementor-section-height-default elementor-section-height-default\" data-id=\"2ff027c\" data-element_type=\"section\" data-settings=\"{&quot;ekit_has_onepagescroll_dot&quot;:&quot;yes&quot;}\">\n\t\t\t\t\t\t<div class=\"elementor-container elementor-column-gap-default\">\n\t\t\t\t\t\t\t<div class=\"elementor-row\">\n\t\t\t\t\t<div class=\"elementor-column elementor-col-33 elementor-top-column elementor-element elementor-element-f83aba2\" data-id=\"f83aba2\" data-element_type=\"column\">\n\t\t\t<div class=\"elementor-column-wrap elementor-element-populated\">\n\t\t\t\t\t\t\t<div class=\"elementor-widget-wrap\">\n\t\t\t\t\t\t<div class=\"elementor-element elementor-element-0a64af8 elementor-widget elementor-widget-elementskit-image-box\" data-id=\"0a64af8\" data-element_type=\"widget\" data-widget_type=\"elementskit-image-box.default\">\n\t\t\t\t<div class=\"elementor-widget-container\">\n\t\t\t<div class=\"ekit-wid-con\" >\n            <div class=\"elementskit-info-image-box text-center simple-card\" >\n\n                \n                <div class=\"elementskit-box-header image-box-img-center\">\n\n                    <img width=\"360\" height=\"240\" src=\"https:\/\/pbic.org.uk.websitepreview.co.uk\/wp-content\/uploads\/2020\/10\/listening-service-thumb.jpg\" class=\"attachment-full size-full\" alt=\"Listening service\" loading=\"lazy\" srcset=\"https:\/\/pbic.org.uk.websitepreview.co.uk\/wp-content\/uploads\/2020\/10\/listening-service-thumb.jpg 360w, https:\/\/pbic.org.uk.websitepreview.co.uk\/wp-content\/uploads\/2020\/10\/listening-service-thumb-300x200.jpg 300w\" sizes=\"(max-width: 360px) 100vw, 360px\" \/>\n                <\/div>\n                \n                <div class=\"elementskit-box-body\">\n                    <div class=\"elementskit-box-content\">\n                                                <h3 class=\"elementskit-info-box-title\">\n\n                        \n                        Listening Service\n                        \n                    <\/h3>\n                                                            <div class=\"elementskit-box-style-content\">\n                        Nasza us\u0142uga Listening Service jest dla os\u00f3b, kt\u00f3re chc\u0105 po prostu z kim\u015b porozmawia\u0107. Nasi doradcy przechodz\u0105 odpowiednie szkolenia, aby zapewni\u0107 bezstronne oraz poufne sesje. Warto podkre\u015bli\u0107, i\u017c nie s\u0105 to sesje porad.\r\n\r\nPlanujemy rozpocz\u0119cie naszej us\u0142ugi Listening Service w Kwietniu 2021r.                     <\/div>\n                                    <\/div>\n\n                            <\/div>\n            <\/div>\n        <\/div>\t\t<\/div>\n\t\t\t\t<\/div>\n\t\t\t\t\t\t<\/div>\n\t\t\t\t\t<\/div>\n\t\t<\/div>\n\t\t\t\t<div class=\"elementor-column elementor-col-33 elementor-top-column elementor-element elementor-element-474d859\" data-id=\"474d859\" data-element_type=\"column\">\n\t\t\t<div class=\"elementor-column-wrap elementor-element-populated\">\n\t\t\t\t\t\t\t<div class=\"elementor-widget-wrap\">\n\t\t\t\t\t\t<div class=\"elementor-element elementor-element-3e59409 elementor-widget elementor-widget-elementskit-image-box\" data-id=\"3e59409\" data-element_type=\"widget\" data-widget_type=\"elementskit-image-box.default\">\n\t\t\t\t<div class=\"elementor-widget-container\">\n\t\t\t<div class=\"ekit-wid-con\" >\n            <div class=\"elementskit-info-image-box text-center simple-card\" >\n\n                <a href=\"\/pl\/euss-status-osoby-osiedlonej\">\n                <div class=\"elementskit-box-header image-box-img-center\">\n\n                    <img width=\"360\" height=\"240\" src=\"https:\/\/pbic.org.uk.websitepreview.co.uk\/wp-content\/uploads\/2020\/10\/europe-thumb.jpg\" class=\"attachment-full size-full\" alt=\"European Settled Status Advice\" loading=\"lazy\" srcset=\"https:\/\/pbic.org.uk.websitepreview.co.uk\/wp-content\/uploads\/2020\/10\/europe-thumb.jpg 360w, https:\/\/pbic.org.uk.websitepreview.co.uk\/wp-content\/uploads\/2020\/10\/europe-thumb-300x200.jpg 300w\" sizes=\"(max-width: 360px) 100vw, 360px\" \/>\n                <\/div>\n                <\/a>\n                <div class=\"elementskit-box-body\">\n                    <div class=\"elementskit-box-content\">\n                                                <h3 class=\"elementskit-info-box-title\">\n\n                        \n                        <a >Europejski Status Osoby Osiedlonej     <\/a>\n                        \n                    <\/h3>\n                                                            <div class=\"elementskit-box-style-content\">\n                        Jeste\u015bmy organizacj\u0105 zarejestrowan\u0105 w OISC (Office of Immigration Services Commissioner).  \r\n\r\nZapewniamy wsparcie dla os\u00f3b w dziedzinie statusu osoby osiedlonej jak pomoc w procesie aplikacji, czy udzielanie informacji o statusie.  \r\n\r\nPoniewa\u017c znajdujemy si\u0119 w okresie przej\u015bciowym Brexitu, zach\u0119camy wszystkich, kt\u00f3rzy nie posiadaj\u0105 jeszcze statusu osoby osiedlonej o kontakt w celu z\u0142o\u017cenia aplikacji, tym samym zabezpieczenia swoich praw w UK.                     <\/div>\n                                    <\/div>\n\n                                <div class=\"elementskit-box-footer\">\n                    <div class=\"box-footer\">\n                        <div class=\"btn-wraper\">\n                                                            <a href=\"\/pl\/euss-status-osoby-osiedlonej\" class=\"elementskit-btn\">\n                                    \n                                    \n                                    Learn more                                 <\/a>\n                                                        <\/div>\n                    <\/div>\n                <\/div>\n                            <\/div>\n            <\/div>\n        <\/div>\t\t<\/div>\n\t\t\t\t<\/div>\n\t\t\t\t\t\t<\/div>\n\t\t\t\t\t<\/div>\n\t\t<\/div>\n\t\t\t\t<div class=\"elementor-column elementor-col-33 elementor-top-column elementor-element elementor-element-938ed5d\" data-id=\"938ed5d\" data-element_type=\"column\">\n\t\t\t<div class=\"elementor-column-wrap elementor-element-populated\">\n\t\t\t\t\t\t\t<div class=\"elementor-widget-wrap\">\n\t\t\t\t\t\t<div class=\"elementor-element elementor-element-f3d9fb0 elementor-widget elementor-widget-elementskit-image-box\" data-id=\"f3d9fb0\" data-element_type=\"widget\" data-widget_type=\"elementskit-image-box.default\">\n\t\t\t\t<div class=\"elementor-widget-container\">\n\t\t\t<div class=\"ekit-wid-con\" >\n            <div class=\"elementskit-info-image-box text-center simple-card\" >\n\n                <a href=\"\/pl\/promethidion\">\n                <div class=\"elementskit-box-header image-box-img-center\">\n\n                    <img width=\"360\" height=\"240\" src=\"https:\/\/pbic.org.uk.websitepreview.co.uk\/wp-content\/uploads\/2020\/10\/polish-culture-thumb.jpg\" class=\"attachment-full size-full\" alt=\"Polish culture\" loading=\"lazy\" srcset=\"https:\/\/pbic.org.uk.websitepreview.co.uk\/wp-content\/uploads\/2020\/10\/polish-culture-thumb.jpg 360w, https:\/\/pbic.org.uk.websitepreview.co.uk\/wp-content\/uploads\/2020\/10\/polish-culture-thumb-300x200.jpg 300w\" sizes=\"(max-width: 360px) 100vw, 360px\" \/>\n                <\/div>\n                <\/a>\n                <div class=\"elementskit-box-body\">\n                    <div class=\"elementskit-box-content\">\n                                                <h3 class=\"elementskit-info-box-title\">\n\n                        \n                        <a >Promujemy Polsk\u0105 Kultur\u0119 <\/a>\n                        \n                    <\/h3>\n                                                            <div class=\"elementskit-box-style-content\">\n                        Bierzemy udzia\u0142 w wielu wydarzeniach promuj\u0105cych polsk\u0105 kultur\u0119 w UK. Organizujemy coroczny Dzie\u0144 Polskiego Dziedzictwa oraz reprezentujemy spo\u0142ecze\u0144stwo polskie na lokalnych targach pracy, festiwalach, czy innych wydarzeniach. Na tych eventach mo\u017cna te\u017c zobaczy\u0107 wyst\u0119py naszego lokalnego zespo\u0142u Promethidion.                       <\/div>\n                                    <\/div>\n\n                                <div class=\"elementskit-box-footer\">\n                    <div class=\"box-footer\">\n                        <div class=\"btn-wraper\">\n                                                            <a href=\"\/pl\/promethidion\" class=\"elementskit-btn\">\n                                    \n                                    \n                                    Learn more                                 <\/a>\n                                                        <\/div>\n                    <\/div>\n                <\/div>\n                            <\/div>\n            <\/div>\n        <\/div>\t\t<\/div>\n\t\t\t\t<\/div>\n\t\t\t\t\t\t<\/div>\n\t\t\t\t\t<\/div>\n\t\t<\/div>\n\t\t\t\t\t\t\t\t<\/div>\n\t\t\t\t\t<\/div>\n\t\t<\/section>\n\t\t\t\t<section class=\"elementor-section elementor-top-section elementor-element elementor-element-65f6e5c elementor-section-boxed elementor-section-height-default elementor-section-height-default\" data-id=\"65f6e5c\" data-element_type=\"section\" data-settings=\"{&quot;ekit_has_onepagescroll_dot&quot;:&quot;yes&quot;}\">\n\t\t\t\t\t\t<div class=\"elementor-container elementor-column-gap-default\">\n\t\t\t\t\t\t\t<div class=\"elementor-row\">\n\t\t\t\t\t<div class=\"elementor-column elementor-col-33 elementor-top-column elementor-element elementor-element-882f296\" data-id=\"882f296\" data-element_type=\"column\">\n\t\t\t<div class=\"elementor-column-wrap\">\n\t\t\t\t\t\t\t<div class=\"elementor-widget-wrap\">\n\t\t\t\t\t\t\t\t<\/div>\n\t\t\t\t\t<\/div>\n\t\t<\/div>\n\t\t\t\t<div class=\"elementor-column elementor-col-33 elementor-top-column elementor-element elementor-element-0924768\" data-id=\"0924768\" data-element_type=\"column\">\n\t\t\t<div class=\"elementor-column-wrap elementor-element-populated\">\n\t\t\t\t\t\t\t<div class=\"elementor-widget-wrap\">\n\t\t\t\t\t\t<div class=\"elementor-element elementor-element-2e789c0 elementor-widget elementor-widget-elementskit-image-box\" data-id=\"2e789c0\" data-element_type=\"widget\" data-widget_type=\"elementskit-image-box.default\">\n\t\t\t\t<div class=\"elementor-widget-container\">\n\t\t\t<div class=\"ekit-wid-con\" >\n            <div class=\"elementskit-info-image-box text-center simple-card\" >\n\n                \n                <div class=\"elementskit-box-header image-box-img-center\">\n\n                    <img width=\"360\" height=\"240\" src=\"https:\/\/pbic.org.uk.websitepreview.co.uk\/wp-content\/uploads\/2020\/10\/polish-courses-thumb.jpg\" class=\"attachment-full size-full\" alt=\"\" loading=\"lazy\" srcset=\"https:\/\/pbic.org.uk.websitepreview.co.uk\/wp-content\/uploads\/2020\/10\/polish-courses-thumb.jpg 360w, https:\/\/pbic.org.uk.websitepreview.co.uk\/wp-content\/uploads\/2020\/10\/polish-courses-thumb-300x200.jpg 300w\" sizes=\"(max-width: 360px) 100vw, 360px\" \/>\n                <\/div>\n                \n                <div class=\"elementskit-box-body\">\n                    <div class=\"elementskit-box-content\">\n                                                <h3 class=\"elementskit-info-box-title\">\n\n                        \n                        Kursy J\u0119zyka Polskiego \n                        \n                    <\/h3>\n                                                            <div class=\"elementskit-box-style-content\">\n                        Nasze kursy j\u0119zyka polskiego zapewniaj\u0105 poznanie podstaw j\u0119zyka polskiego oraz polskiej kultury. \r\n\r\nTen kurs jest idealny dla tych, kt\u00f3rzy chc\u0105 pog\u0142\u0119bi\u0107 swoj\u0105 wiedz\u0119 o Polsce oraz j\u0119zyku polskim.                     <\/div>\n                                    <\/div>\n\n                            <\/div>\n            <\/div>\n        <\/div>\t\t<\/div>\n\t\t\t\t<\/div>\n\t\t\t\t\t\t<\/div>\n\t\t\t\t\t<\/div>\n\t\t<\/div>\n\t\t\t\t<div class=\"elementor-column elementor-col-33 elementor-top-column elementor-element elementor-element-22cdb7c\" data-id=\"22cdb7c\" data-element_type=\"column\">\n\t\t\t<div class=\"elementor-column-wrap\">\n\t\t\t\t\t\t\t<div class=\"elementor-widget-wrap\">\n\t\t\t\t\t\t\t\t<\/div>\n\t\t\t\t\t<\/div>\n\t\t<\/div>\n\t\t\t\t\t\t\t\t<\/div>\n\t\t\t\t\t<\/div>\n\t\t<\/section>\n\t\t\t\t\t\t<\/div>\n\t\t\t\t\t\t<\/div>\n\t\t\t\t\t<\/div>\n\t\t","protected":false},"excerpt":{"rendered":"<p>W PBIC cechujemy si\u0119 holistycznym podej\u015bciem. Pomagamy we wszystkim; czy to t\u0142umaczenie, doradztwo zawodowe, wype\u0142nianie r\u00f3\u017cnych form, czy pomaganie w bardziej skomplikowanych sprawach. Zapewniamy, \u017ce wszystkie nasze us\u0142ugi s\u0105 bezp\u0142atne, gdy\u017c uwa\u017camy, \u017ce ka\u017cdy powinien mie\u0107 prawo dost\u0119pu do darmowych porad \u2013 nie wa\u017cne w jakim j\u0119zyku. Ze wzgl\u0119du na barier\u0119 j\u0119zykow\u0105 oraz brak pewno\u015bci [&hellip;]<\/p>\n","protected":false},"author":1,"featured_media":0,"parent":0,"menu_order":0,"comment_status":"closed","ping_status":"closed","template":"template\/template-full-width.php","meta":[],"_links":{"self":[{"href":"https:\/\/pbic.org.uk.websitepreview.co.uk\/pl\/wp-json\/wp\/v2\/pages\/4056"}],"collection":[{"href":"https:\/\/pbic.org.uk.websitepreview.co.uk\/pl\/wp-json\/wp\/v2\/pages"}],"about":[{"href":"https:\/\/pbic.org.uk.websitepreview.co.uk\/pl\/wp-json\/wp\/v2\/types\/page"}],"author":[{"embeddable":true,"href":"https:\/\/pbic.org.uk.websitepreview.co.uk\/pl\/wp-json\/wp\/v2\/users\/1"}],"replies":[{"embeddable":true,"href":"https:\/\/pbic.org.uk.websitepreview.co.uk\/pl\/wp-json\/wp\/v2\/comments?post=4056"}],"version-history":[{"count":5,"href":"https:\/\/pbic.org.uk.websitepreview.co.uk\/pl\/wp-json\/wp\/v2\/pages\/4056\/revisions"}],"predecessor-version":[{"id":4175,"href":"https:\/\/pbic.org.uk.websitepreview.co.uk\/pl\/wp-json\/wp\/v2\/pages\/4056\/revisions\/4175"}],"wp:attachment":[{"href":"https:\/\/pbic.org.uk.websitepreview.co.uk\/pl\/wp-json\/wp\/v2\/media?parent=4056"}],"curies":[{"name":"wp","href":"https:\/\/api.w.org\/{rel}","templated":true}]}}