{"id":4054,"date":"2020-11-17T11:11:34","date_gmt":"2020-11-17T11:11:34","guid":{"rendered":"https:\/\/pbic.org.uk.websitepreview.co.uk\/euss-status-osoby-osiedlonej\/"},"modified":"2020-11-17T17:53:35","modified_gmt":"2020-11-17T17:53:35","slug":"euss-status-osoby-osiedlonej","status":"publish","type":"page","link":"https:\/\/pbic.org.uk.websitepreview.co.uk\/pl\/euss-status-osoby-osiedlonej\/","title":{"rendered":"EUSS \u2013 Status Osoby Osiedlonej"},"content":{"rendered":"\t\t<div data-elementor-type=\"wp-post\" data-elementor-id=\"4054\" class=\"elementor elementor-4054 elementor-3238\" data-elementor-settings=\"[]\">\n\t\t\t\t\t\t<div class=\"elementor-inner\">\n\t\t\t\t\t\t\t<div class=\"elementor-section-wrap\">\n\t\t\t\t\t\t\t<section class=\"elementor-section elementor-top-section elementor-element elementor-element-d71c0a9 elementor-section-boxed elementor-section-height-default elementor-section-height-default\" data-id=\"d71c0a9\" data-element_type=\"section\" data-settings=\"{&quot;ekit_has_onepagescroll_dot&quot;:&quot;yes&quot;}\">\n\t\t\t\t\t\t<div class=\"elementor-container elementor-column-gap-default\">\n\t\t\t\t\t\t\t<div class=\"elementor-row\">\n\t\t\t\t\t<div class=\"elementor-column elementor-col-100 elementor-top-column elementor-element elementor-element-8ab3e02\" data-id=\"8ab3e02\" data-element_type=\"column\">\n\t\t\t<div class=\"elementor-column-wrap elementor-element-populated\">\n\t\t\t\t\t\t\t<div class=\"elementor-widget-wrap\">\n\t\t\t\t\t\t<div class=\"elementor-element elementor-element-f801e31 elementor-widget elementor-widget-text-editor\" data-id=\"f801e31\" data-element_type=\"widget\" data-widget_type=\"text-editor.default\">\n\t\t\t\t<div class=\"elementor-widget-container\">\n\t\t\t\t\t<div class=\"elementor-text-editor elementor-clearfix\"><p class=\"lead\">W Kwietniu 2019, Ministerstwo Spraw Wewn\u0119trznych w Wielkiej Brytanii przyzna\u0142o PBIC \u015brodki na wsparcie migrant\u00f3w z UE w ubieganiu si\u0119 o Pre-Settled oraz Settled Status.<\/p>\n<p>Je\u015bli chcesz dowiedzie\u0107 si\u0119 wi\u0119cej na temat projektu, z\u0142o\u017cy\u0107 wniosek na Pre-Settled\/Settled status, czy zada\u0107 pytanie, skontaktuj si\u0119 z nami. <\/p>\n<p>Mo\u017cesz r\u00f3wnie\u017c zobaczy\u0107 nasze FAQ czyli cz\u0119sto zadawane pytania dotycz\u0105ce statusu osoby osiedlonej.  <\/p>\n<\/div>\n\t\t\t\t<\/div>\n\t\t\t\t<\/div>\n\t\t\t\t\t\t<\/div>\n\t\t\t\t\t<\/div>\n\t\t<\/div>\n\t\t\t\t\t\t\t\t<\/div>\n\t\t\t\t\t<\/div>\n\t\t<\/section>\n\t\t\t\t<section class=\"elementor-section elementor-top-section elementor-element elementor-element-bc19ca9 elementor-section-boxed elementor-section-height-default elementor-section-height-default\" data-id=\"bc19ca9\" data-element_type=\"section\" data-settings=\"{&quot;ekit_has_onepagescroll_dot&quot;:&quot;yes&quot;}\">\n\t\t\t\t\t\t<div class=\"elementor-container elementor-column-gap-default\">\n\t\t\t\t\t\t\t<div class=\"elementor-row\">\n\t\t\t\t\t<div class=\"elementor-column elementor-col-100 elementor-top-column elementor-element elementor-element-a322ffa\" data-id=\"a322ffa\" data-element_type=\"column\">\n\t\t\t<div class=\"elementor-column-wrap elementor-element-populated\">\n\t\t\t\t\t\t\t<div class=\"elementor-widget-wrap\">\n\t\t\t\t\t\t<div class=\"elementor-element elementor-element-263308e elementor-widget elementor-widget-text-editor\" data-id=\"263308e\" data-element_type=\"widget\" data-widget_type=\"text-editor.default\">\n\t\t\t\t<div class=\"elementor-widget-container\">\n\t\t\t\t\t<div class=\"elementor-text-editor elementor-clearfix\"><h3>Skontaktuj si\u0119 z nami<\/h3>\n<p><strong>Telefon:<\/strong> 01234 328100<br \/>\n<strong>E-mail:<\/strong> <a href=\"mailto:euss@pbic.org.uk\">euss@pbic.org.uk<\/a><\/p>\n<p>Nasi wyszkoleni doradcy EUSS s\u0105 tu po to, aby Ci pom\u00f3c z procesem aplikacji.<\/p>\n<p>Posiadamy wymagany sprz\u0119t do z\u0142o\u017cenia aplikacji o status osoby osiedlonej, dzi\u0119ki czemu zapewnimy Pa\u0144stwu odpowiednie wsparcie.<\/p>\n<p>W przypadku, gdy sprawa EUSS musi by\u0107 rozstrzygni\u0119ta przez doradc\u0119 na poziomie 2 lub 3, PBIC przeka\u017ce twoj\u0105 spraw\u0119 do odpowiedniej organizacji.<\/p>\n<h3>Najcz\u0119\u015bciej zadawane pytania (FAQ)<\/h3>\n<\/div>\n\t\t\t\t<\/div>\n\t\t\t\t<\/div>\n\t\t\t\t\t\t<\/div>\n\t\t\t\t\t<\/div>\n\t\t<\/div>\n\t\t\t\t\t\t\t\t<\/div>\n\t\t\t\t\t<\/div>\n\t\t<\/section>\n\t\t\t\t<section class=\"elementor-section elementor-top-section elementor-element elementor-element-ffe1c71 elementor-section-boxed elementor-section-height-default elementor-section-height-default\" data-id=\"ffe1c71\" data-element_type=\"section\" data-settings=\"{&quot;ekit_has_onepagescroll_dot&quot;:&quot;yes&quot;}\">\n\t\t\t\t\t\t<div class=\"elementor-container elementor-column-gap-default\">\n\t\t\t\t\t\t\t<div class=\"elementor-row\">\n\t\t\t\t\t<div class=\"elementor-column elementor-col-100 elementor-top-column elementor-element elementor-element-3ae362e\" data-id=\"3ae362e\" data-element_type=\"column\">\n\t\t\t<div class=\"elementor-column-wrap elementor-element-populated\">\n\t\t\t\t\t\t\t<div class=\"elementor-widget-wrap\">\n\t\t\t\t\t\t<div class=\"elementor-element elementor-element-78c8450 elementor-widget elementor-widget-accordion\" data-id=\"78c8450\" data-element_type=\"widget\" data-widget_type=\"accordion.default\">\n\t\t\t\t<div class=\"elementor-widget-container\">\n\t\t\t\t\t<div class=\"elementor-accordion\" role=\"tablist\">\n\t\t\t\t\t\t\t<div class=\"elementor-accordion-item\">\n\t\t\t\t\t<div id=\"elementor-tab-title-1261\" class=\"elementor-tab-title\" data-tab=\"1\" role=\"tab\" aria-controls=\"elementor-tab-content-1261\">\n\t\t\t\t\t\t\t\t\t\t\t\t\t<span class=\"elementor-accordion-icon elementor-accordion-icon-left\" aria-hidden=\"true\">\n\t\t\t\t\t\t\t\t\t\t\t\t\t\t\t<span class=\"elementor-accordion-icon-closed\"><i class=\"fas fa-plus\"><\/i><\/span>\n\t\t\t\t\t\t\t\t<span class=\"elementor-accordion-icon-opened\"><i class=\"fas fa-minus\"><\/i><\/span>\n\t\t\t\t\t\t\t\t\t\t\t\t\t\t<\/span>\n\t\t\t\t\t\t\t\t\t\t\t\t<a class=\"elementor-accordion-title\" href=\"\">Kto powinienem aplikowa\u0107 o status osoby osiedlonej? <\/a>\n\t\t\t\t\t<\/div>\n\t\t\t\t\t<div id=\"elementor-tab-content-1261\" class=\"elementor-tab-content elementor-clearfix\" data-tab=\"1\" role=\"tabpanel\" aria-labelledby=\"elementor-tab-title-1261\"><p>Obywatele Unii Europejskiej, Europejskiego Obszaru Gospodarczego i Szwajcarii oraz cz\u0142onkowie ich rodzin b\u0119d\u0105 mogli sk\u0142ada\u0107 wnioski o pozostanie w Wielkiej Brytanii po 30 czerwca 2021r. w ramach systemu osiedle\u0144czego dla obywateli UE. W przypadku pozytywnie rozpatrzonych wniosk\u00f3w zostanie <a href=\"https:\/\/www.gov.uk\/settled-status-eu-citizens-families\/what-settled-and-presettled-status-means\" target=\"_blank\" rel=\"noopener\">przyznany status osoby osiedlonej lub tymczasowy status osoby osiedlonej<\/a>. <\/p>\n<\/div>\n\t\t\t\t<\/div>\n\t\t\t\t\t\t\t<div class=\"elementor-accordion-item\">\n\t\t\t\t\t<div id=\"elementor-tab-title-1262\" class=\"elementor-tab-title\" data-tab=\"2\" role=\"tab\" aria-controls=\"elementor-tab-content-1262\">\n\t\t\t\t\t\t\t\t\t\t\t\t\t<span class=\"elementor-accordion-icon elementor-accordion-icon-left\" aria-hidden=\"true\">\n\t\t\t\t\t\t\t\t\t\t\t\t\t\t\t<span class=\"elementor-accordion-icon-closed\"><i class=\"fas fa-plus\"><\/i><\/span>\n\t\t\t\t\t\t\t\t<span class=\"elementor-accordion-icon-opened\"><i class=\"fas fa-minus\"><\/i><\/span>\n\t\t\t\t\t\t\t\t\t\t\t\t\t\t<\/span>\n\t\t\t\t\t\t\t\t\t\t\t\t<a class=\"elementor-accordion-title\" href=\"\">Jaka jest r\u00f3\u017cnica mi\u0119dzy statusem osoby osiedlonej oraz tymczasowym statusem osoby osiedlonej? <\/a>\n\t\t\t\t\t<\/div>\n\t\t\t\t\t<div id=\"elementor-tab-content-1262\" class=\"elementor-tab-content elementor-clearfix\" data-tab=\"2\" role=\"tabpanel\" aria-labelledby=\"elementor-tab-title-1262\"><table style=\"font-weight: 400;\" data-tablestyle=\"MsoTableGrid\" data-tablelook=\"1184\">\n<tbody>\n<tr>\n<td data-celllook=\"0\"><b><span data-contrast=\"none\">Status\u00a0<\/span><\/b><b><span data-contrast=\"none\">osoby<\/span><\/b><b><span data-contrast=\"none\">\u00a0<\/span><\/b><b><span data-contrast=\"none\">osiedlonej<\/span><\/b><b><span data-contrast=\"none\">\u00a0(<\/span><\/b><b><span data-contrast=\"none\">Settled<\/span><\/b><b><span data-contrast=\"none\">\u00a0Status<\/span><\/b><b><span data-contrast=\"none\">)<\/span><\/b><span data-ccp-props=\"{&quot;201341983&quot;:0,&quot;335559740&quot;:259}\">\u00a0<\/span><\/td>\n<td data-celllook=\"0\"><b><span data-contrast=\"none\">Tymczasowy<\/span><\/b><b><span data-contrast=\"none\">\u00a0status\u00a0<\/span><\/b><b><span data-contrast=\"none\">osoby<\/span><\/b><b><span data-contrast=\"none\">\u00a0<\/span><\/b><b><span data-contrast=\"none\">osiedlonej<\/span><\/b><b><span data-contrast=\"none\">\u00a0(<\/span><\/b><b><span data-contrast=\"none\">Pre-Settled<\/span><\/b><b><span data-contrast=\"none\">\u00a0Status<\/span><\/b><b><span data-contrast=\"none\">)\u00a0<\/span><\/b><span data-ccp-props=\"{&quot;201341983&quot;:0,&quot;335559740&quot;:259}\">\u00a0<\/span><\/td>\n<\/tr>\n<tr>\n<td data-celllook=\"0\"><span data-contrast=\"none\">Status osoby osiedlonej nadawany jest zazwyczaj osobom, kt\u00f3re:<\/span><span data-ccp-props=\"{&quot;201341983&quot;:0,&quot;335559740&quot;:259}\">\u00a0<\/span><\/p>\n<ul>\n<li data-leveltext=\"\uf0b7\" data-font=\"Symbol\" data-listid=\"3\" aria-setsize=\"-1\" data-aria-posinset=\"1\" data-aria-level=\"1\"><span data-contrast=\"none\">mieszka\u0142y<\/span><span data-contrast=\"none\">\u00a0w\u00a0<\/span><span data-contrast=\"none\">Wielkiej<\/span><span data-contrast=\"none\">\u00a0<\/span><span data-contrast=\"none\">Brytanii<\/span><span data-contrast=\"none\">\u00a0<\/span><span data-contrast=\"none\">przez<\/span><span data-contrast=\"none\">\u00a0<\/span><span data-contrast=\"none\">ci\u0105g\u0142y<\/span><span data-contrast=\"none\">\u00a0<\/span><span data-contrast=\"none\">okres<\/span><span data-contrast=\"none\">\u00a05\u00a0<\/span><span data-contrast=\"none\">lat<\/span><span data-contrast=\"none\">\u00a0(<\/span><span data-contrast=\"none\">okre\u015blany<\/span><span data-contrast=\"none\">\u00a0<\/span><span data-contrast=\"none\">mianem<\/span><span data-contrast=\"none\">\u00a0,,<\/span><span data-contrast=\"none\">nieprzerwanego<\/span><span data-contrast=\"none\">\u00a0<\/span><span data-contrast=\"none\">pobytu<\/span><span data-contrast=\"none\">\u201d)<\/span><span data-contrast=\"none\">.<\/span><span data-ccp-props=\"{&quot;134233279&quot;:true,&quot;201341983&quot;:0,&quot;335559739&quot;:160,&quot;335559740&quot;:259}\">\u00a0<\/span><\/li>\n<\/ul>\n<p><span data-ccp-props=\"{&quot;201341983&quot;:0,&quot;335559740&quot;:259}\">\u00a0<\/span><\/p>\n<p><span data-ccp-props=\"{&quot;201341983&quot;:0,&quot;335559740&quot;:259}\">\u00a0<\/span><\/td>\n<td data-celllook=\"0\"><span data-contrast=\"none\">Osoby niemaj\u0105ce 5 lat nieprzerwanego pobytu w momencie sk\u0142adania\u00a0<\/span><span data-contrast=\"none\">wniosku<\/span><span data-contrast=\"none\">\u00a0zazwyczaj otrzymaj\u0105 tymczasowy status osoby osiedlonej.<\/span><span data-ccp-props=\"{&quot;201341983&quot;:0,&quot;335559740&quot;:259}\">\u00a0<\/span><\/td>\n<\/tr>\n<\/tbody>\n<\/table>\n<\/div>\n\t\t\t\t<\/div>\n\t\t\t\t\t\t\t<div class=\"elementor-accordion-item\">\n\t\t\t\t\t<div id=\"elementor-tab-title-1263\" class=\"elementor-tab-title\" data-tab=\"3\" role=\"tab\" aria-controls=\"elementor-tab-content-1263\">\n\t\t\t\t\t\t\t\t\t\t\t\t\t<span class=\"elementor-accordion-icon elementor-accordion-icon-left\" aria-hidden=\"true\">\n\t\t\t\t\t\t\t\t\t\t\t\t\t\t\t<span class=\"elementor-accordion-icon-closed\"><i class=\"fas fa-plus\"><\/i><\/span>\n\t\t\t\t\t\t\t\t<span class=\"elementor-accordion-icon-opened\"><i class=\"fas fa-minus\"><\/i><\/span>\n\t\t\t\t\t\t\t\t\t\t\t\t\t\t<\/span>\n\t\t\t\t\t\t\t\t\t\t\t\t<a class=\"elementor-accordion-title\" href=\"\">Czego potrzebuj\u0119, aby zaaplikowa\u0107 o status?<\/a>\n\t\t\t\t\t<\/div>\n\t\t\t\t\t<div id=\"elementor-tab-content-1263\" class=\"elementor-tab-content elementor-clearfix\" data-tab=\"3\" role=\"tabpanel\" aria-labelledby=\"elementor-tab-title-1263\"><p>Sk\u0142adaj\u0105c wniosek, nale\u017cy posiada\u0107 dokument potwierdzaj\u0105cy:<\/p>\n<ul>\n<li>To\u017csamo\u015b\u0107 (wa\u017cny paszport lub dow\u00f3d osobisty)<\/li>\n<li>zamieszkanie w Wielkiej Brytanii, o ile nie jest posiadana karta sta\u0142ego pobytu lub tzw. indefinite leave to remain\/enter<\/li>\n<\/ul>\n<\/div>\n\t\t\t\t<\/div>\n\t\t\t\t\t\t\t<div class=\"elementor-accordion-item\">\n\t\t\t\t\t<div id=\"elementor-tab-title-1264\" class=\"elementor-tab-title\" data-tab=\"4\" role=\"tab\" aria-controls=\"elementor-tab-content-1264\">\n\t\t\t\t\t\t\t\t\t\t\t\t\t<span class=\"elementor-accordion-icon elementor-accordion-icon-left\" aria-hidden=\"true\">\n\t\t\t\t\t\t\t\t\t\t\t\t\t\t\t<span class=\"elementor-accordion-icon-closed\"><i class=\"fas fa-plus\"><\/i><\/span>\n\t\t\t\t\t\t\t\t<span class=\"elementor-accordion-icon-opened\"><i class=\"fas fa-minus\"><\/i><\/span>\n\t\t\t\t\t\t\t\t\t\t\t\t\t\t<\/span>\n\t\t\t\t\t\t\t\t\t\t\t\t<a class=\"elementor-accordion-title\" href=\"\">Dlaczego aplikowa\u0107 o status?<\/a>\n\t\t\t\t\t<\/div>\n\t\t\t\t\t<div id=\"elementor-tab-content-1264\" class=\"elementor-tab-content elementor-clearfix\" data-tab=\"4\" role=\"tabpanel\" aria-labelledby=\"elementor-tab-title-1264\"><p>Aplikuj\u0105c o status, zabezpieczasz swoje prawa do:<\/p>\n<ul>\n<li>pracy w Wielkiej Brytanii<\/li>\n<li>dost\u0119pu do opieki publicznej s\u0142u\u017cby zdrowia (ang. NHS)<\/li>\n<li>podejmowania nauki lub kontynuowania studi\u00f3w<\/li>\n<li>korzystania z funduszy publicznych, takich jak zasi\u0142ki i \u015bwiadczenia emerytalne, po spe\u0142nieniu okre\u015blonych wymog\u00f3w<\/li>\n<li>podr\u00f3\u017cowania do i z Wielkiej Brytanii<\/li>\n<\/ul>\n<\/div>\n\t\t\t\t<\/div>\n\t\t\t\t\t\t\t<div class=\"elementor-accordion-item\">\n\t\t\t\t\t<div id=\"elementor-tab-title-1265\" class=\"elementor-tab-title\" data-tab=\"5\" role=\"tab\" aria-controls=\"elementor-tab-content-1265\">\n\t\t\t\t\t\t\t\t\t\t\t\t\t<span class=\"elementor-accordion-icon elementor-accordion-icon-left\" aria-hidden=\"true\">\n\t\t\t\t\t\t\t\t\t\t\t\t\t\t\t<span class=\"elementor-accordion-icon-closed\"><i class=\"fas fa-plus\"><\/i><\/span>\n\t\t\t\t\t\t\t\t<span class=\"elementor-accordion-icon-opened\"><i class=\"fas fa-minus\"><\/i><\/span>\n\t\t\t\t\t\t\t\t\t\t\t\t\t\t<\/span>\n\t\t\t\t\t\t\t\t\t\t\t\t<a class=\"elementor-accordion-title\" href=\"\">Jak mog\u0119 z\u0142o\u017cy\u0107 aplikacje?<\/a>\n\t\t\t\t\t<\/div>\n\t\t\t\t\t<div id=\"elementor-tab-content-1265\" class=\"elementor-tab-content elementor-clearfix\" data-tab=\"5\" role=\"tabpanel\" aria-labelledby=\"elementor-tab-title-1265\"><p>Mo\u017cna samemu zaaplikowa\u0107 na dwa sposoby:<\/p>\n<ul>\n<li>zeskanowa\u0107 dokument i wgra\u0107 zdj\u0119cie za pomoc\u0105 aplikacji na telefon Android \u201cEU Exit: ID Document Check\u201d<\/li>\n<li>lub wys\u0142a\u0107 dokument poczt\u0105 i wgra\u0107 zdj\u0119cie za pomoc\u0105 aplikacji<\/li>\n<\/ul>\n<\/div>\n\t\t\t\t<\/div>\n\t\t\t\t\t\t\t<div class=\"elementor-accordion-item\">\n\t\t\t\t\t<div id=\"elementor-tab-title-1266\" class=\"elementor-tab-title\" data-tab=\"6\" role=\"tab\" aria-controls=\"elementor-tab-content-1266\">\n\t\t\t\t\t\t\t\t\t\t\t\t\t<span class=\"elementor-accordion-icon elementor-accordion-icon-left\" aria-hidden=\"true\">\n\t\t\t\t\t\t\t\t\t\t\t\t\t\t\t<span class=\"elementor-accordion-icon-closed\"><i class=\"fas fa-plus\"><\/i><\/span>\n\t\t\t\t\t\t\t\t<span class=\"elementor-accordion-icon-opened\"><i class=\"fas fa-minus\"><\/i><\/span>\n\t\t\t\t\t\t\t\t\t\t\t\t\t\t<\/span>\n\t\t\t\t\t\t\t\t\t\t\t\t<a class=\"elementor-accordion-title\" href=\"\">Gdzie mog\u0119 uzyska\u0107 pomoc przy aplikacji o status osoby osiedlonej? <\/a>\n\t\t\t\t\t<\/div>\n\t\t\t\t\t<div id=\"elementor-tab-content-1266\" class=\"elementor-tab-content elementor-clearfix\" data-tab=\"6\" role=\"tabpanel\" aria-labelledby=\"elementor-tab-title-1266\"><p>Nasi doradcy s\u0105 dost\u0119pni, aby pom\u00f3c z aplikacj\u0105 o status osoby osiedlonej. Je\u015bli potrzebujesz pomocy, zadzwo\u0144 pod numer 01234 328100 lub wy\u015blij e-mail na <a href=\"mailto:euss@pbic.org.uk\">euss@pbic.org.uk<\/a>.<\/p>\n<\/div>\n\t\t\t\t<\/div>\n\t\t\t\t\t<\/div>\n\t\t\t\t<\/div>\n\t\t\t\t<\/div>\n\t\t\t\t\t\t<\/div>\n\t\t\t\t\t<\/div>\n\t\t<\/div>\n\t\t\t\t\t\t\t\t<\/div>\n\t\t\t\t\t<\/div>\n\t\t<\/section>\n\t\t\t\t\t\t<\/div>\n\t\t\t\t\t\t<\/div>\n\t\t\t\t\t<\/div>\n\t\t","protected":false},"excerpt":{"rendered":"<p>W Kwietniu 2019, Ministerstwo Spraw Wewn\u0119trznych w Wielkiej Brytanii przyzna\u0142o PBIC \u015brodki na wsparcie migrant\u00f3w z UE w ubieganiu si\u0119 o Pre-Settled oraz Settled Status. Je\u015bli chcesz dowiedzie\u0107 si\u0119 wi\u0119cej na temat projektu, z\u0142o\u017cy\u0107 wniosek na Pre-Settled\/Settled status, czy zada\u0107 pytanie, skontaktuj si\u0119 z nami. Mo\u017cesz r\u00f3wnie\u017c zobaczy\u0107 nasze FAQ czyli cz\u0119sto zadawane pytania dotycz\u0105ce [&hellip;]<\/p>\n","protected":false},"author":1,"featured_media":0,"parent":0,"menu_order":0,"comment_status":"closed","ping_status":"closed","template":"template\/template-full-width.php","meta":[],"_links":{"self":[{"href":"https:\/\/pbic.org.uk.websitepreview.co.uk\/pl\/wp-json\/wp\/v2\/pages\/4054"}],"collection":[{"href":"https:\/\/pbic.org.uk.websitepreview.co.uk\/pl\/wp-json\/wp\/v2\/pages"}],"about":[{"href":"https:\/\/pbic.org.uk.websitepreview.co.uk\/pl\/wp-json\/wp\/v2\/types\/page"}],"author":[{"embeddable":true,"href":"https:\/\/pbic.org.uk.websitepreview.co.uk\/pl\/wp-json\/wp\/v2\/users\/1"}],"replies":[{"embeddable":true,"href":"https:\/\/pbic.org.uk.websitepreview.co.uk\/pl\/wp-json\/wp\/v2\/comments?post=4054"}],"version-history":[{"count":5,"href":"https:\/\/pbic.org.uk.websitepreview.co.uk\/pl\/wp-json\/wp\/v2\/pages\/4054\/revisions"}],"predecessor-version":[{"id":4172,"href":"https:\/\/pbic.org.uk.websitepreview.co.uk\/pl\/wp-json\/wp\/v2\/pages\/4054\/revisions\/4172"}],"wp:attachment":[{"href":"https:\/\/pbic.org.uk.websitepreview.co.uk\/pl\/wp-json\/wp\/v2\/media?parent=4054"}],"curies":[{"name":"wp","href":"https:\/\/api.w.org\/{rel}","templated":true}]}}