{"id":4047,"date":"2020-11-17T10:57:58","date_gmt":"2020-11-17T10:57:58","guid":{"rendered":"https:\/\/pbic.org.uk.websitepreview.co.uk\/promethidion\/"},"modified":"2020-11-17T17:45:52","modified_gmt":"2020-11-17T17:45:52","slug":"promethidion","status":"publish","type":"page","link":"https:\/\/pbic.org.uk.websitepreview.co.uk\/pl\/promethidion\/","title":{"rendered":"Promethidion"},"content":{"rendered":"\t\t<div data-elementor-type=\"wp-post\" data-elementor-id=\"4047\" class=\"elementor elementor-4047 elementor-3305\" data-elementor-settings=\"[]\">\n\t\t\t\t\t\t<div class=\"elementor-inner\">\n\t\t\t\t\t\t\t<div class=\"elementor-section-wrap\">\n\t\t\t\t\t\t\t<section class=\"elementor-section elementor-top-section elementor-element elementor-element-a28449d elementor-section-boxed elementor-section-height-default elementor-section-height-default\" data-id=\"a28449d\" data-element_type=\"section\" data-settings=\"{&quot;ekit_has_onepagescroll_dot&quot;:&quot;yes&quot;}\">\n\t\t\t\t\t\t<div class=\"elementor-container elementor-column-gap-default\">\n\t\t\t\t\t\t\t<div class=\"elementor-row\">\n\t\t\t\t\t<div class=\"elementor-column elementor-col-100 elementor-top-column elementor-element elementor-element-08e5bbd\" data-id=\"08e5bbd\" data-element_type=\"column\">\n\t\t\t<div class=\"elementor-column-wrap elementor-element-populated\">\n\t\t\t\t\t\t\t<div class=\"elementor-widget-wrap\">\n\t\t\t\t\t\t<div class=\"elementor-element elementor-element-f7b7301 elementor-widget elementor-widget-text-editor\" data-id=\"f7b7301\" data-element_type=\"widget\" data-widget_type=\"text-editor.default\">\n\t\t\t\t<div class=\"elementor-widget-container\">\n\t\t\t\t\t<div class=\"elementor-text-editor elementor-clearfix\"><p class=\"lead\">Korzenie PBIC s\u0105 mocno zwi\u0105zane z polsk\u0105 kultur\u0105. Cz\u0119\u015bci\u0105 naszej organizacji charytatywnej jest dzieci\u0119cy zesp\u00f3\u0142 \u015bpiewu i ta\u0144ca, kt\u00f3rego celem jest promowanie polskiej kultury i tradycji w UK.<\/p>\n<p>Zesp\u00f3\u0142 ten nazywa si\u0119 Prometihdion. Dzieci w zespole maj\u0105 od 3 do 13 lat. Dzieci wyst\u0119puj\u0105 w tradycyjnych strojach krakowskich (dowiedz si\u0119 wi\u0119cej o stroju krakowskim <a href=\"#costume\">tutaj)<\/a>.<\/p>\n<p>Lecz Promethidion to nie tylko stroje. Repertuar zespo\u0142u zawiera tradycyjne polskie ta\u0144ce, piosenki historyczne, patriotyczne i dzieci\u0119ce, jak i kol\u0119dy.<\/p>\n<p>Zesp\u00f3\u0142 mo\u017cna zobaczy\u0107 przy okazji przer\u00f3\u017cnych wydarze\u0144: Dniu pami\u0119ci o Holokau\u015bcie, Dniu Niepodleg\u0142o\u015bci, Bedfordzkim River Festival, Paradzie \u015aw. Patryka, \u015bwi\u0105tecznych festiwalach, Refugee Week oraz wielu innych.<\/p>\n<p>Je\u015bli twoje dzieci ucz\u0119szczaj\u0105 do szko\u0142y w Bedford, mog\u0142y si\u0119 spotka\u0107 z naszym zespo\u0142em w szkole. Promethidion, w ci\u0105gu Culture Week (Tygodnia Kultury) naucza inne dzieci o Polskiej kulturze, ta\u0144cu i \u015bpiewie.<\/p>\n<p>Wszystkich zainteresowanych zapisem do zespo\u0142u Promethidion, prosimy o kontakt z Lucyn\u0105: Lucyna.ratajczyk@pbic.org.uk<\/p>\n<p>Mo\u017cna te\u017c obserwowa\u0107 nasz zesp\u00f3\u0142 na Facebooku. Tam dodajemy aktualne informacje oraz filmiki. POLUB.<\/p>\n<\/div>\n\t\t\t\t<\/div>\n\t\t\t\t<\/div>\n\t\t\t\t\t\t<\/div>\n\t\t\t\t\t<\/div>\n\t\t<\/div>\n\t\t\t\t\t\t\t\t<\/div>\n\t\t\t\t\t<\/div>\n\t\t<\/section>\n\t\t\t\t<section class=\"elementor-section elementor-top-section elementor-element elementor-element-46c2f1d elementor-section-boxed elementor-section-height-default elementor-section-height-default\" data-id=\"46c2f1d\" data-element_type=\"section\" data-settings=\"{&quot;ekit_has_onepagescroll_dot&quot;:&quot;yes&quot;}\">\n\t\t\t\t\t\t<div class=\"elementor-container elementor-column-gap-default\">\n\t\t\t\t\t\t\t<div class=\"elementor-row\">\n\t\t\t\t\t<div class=\"elementor-column elementor-col-33 elementor-top-column elementor-element elementor-element-200152d\" data-id=\"200152d\" data-element_type=\"column\">\n\t\t\t<div class=\"elementor-column-wrap\">\n\t\t\t\t\t\t\t<div class=\"elementor-widget-wrap\">\n\t\t\t\t\t\t\t\t<\/div>\n\t\t\t\t\t<\/div>\n\t\t<\/div>\n\t\t\t\t<div class=\"elementor-column elementor-col-33 elementor-top-column elementor-element elementor-element-e9934b1\" data-id=\"e9934b1\" data-element_type=\"column\">\n\t\t\t<div class=\"elementor-column-wrap elementor-element-populated\">\n\t\t\t\t\t\t\t<div class=\"elementor-widget-wrap\">\n\t\t\t\t\t\t<div class=\"elementor-element elementor-element-26587bc elementor-widget elementor-widget-text-editor\" data-id=\"26587bc\" data-element_type=\"widget\" data-widget_type=\"text-editor.default\">\n\t\t\t\t<div class=\"elementor-widget-container\">\n\t\t\t\t\t<div class=\"elementor-text-editor elementor-clearfix\"><p><iframe style=\"display: block; border: none; overflow: hidden;\" src=\"https:\/\/www.facebook.com\/plugins\/page.php?href=https%3A%2F%2Fwww.facebook.com%2FPromethidion-Bedford-133233357061971%2F%3Ffref%3Dts&amp;tabs&amp;width=900&amp;height=214&amp;small_header=false&amp;adapt_container_width=true&amp;hide_cover=false&amp;show_facepile=true&amp;appId\" width=\"100%\" height=\"auto\" frameborder=\"0\" scrolling=\"no\"><\/iframe><\/p>\n<\/div>\n\t\t\t\t<\/div>\n\t\t\t\t<\/div>\n\t\t\t\t\t\t<\/div>\n\t\t\t\t\t<\/div>\n\t\t<\/div>\n\t\t\t\t<div class=\"elementor-column elementor-col-33 elementor-top-column elementor-element elementor-element-a84ddec\" data-id=\"a84ddec\" data-element_type=\"column\">\n\t\t\t<div class=\"elementor-column-wrap\">\n\t\t\t\t\t\t\t<div class=\"elementor-widget-wrap\">\n\t\t\t\t\t\t\t\t<\/div>\n\t\t\t\t\t<\/div>\n\t\t<\/div>\n\t\t\t\t\t\t\t\t<\/div>\n\t\t\t\t\t<\/div>\n\t\t<\/section>\n\t\t\t\t<section class=\"elementor-section elementor-top-section elementor-element elementor-element-60bfb50 elementor-section-boxed elementor-section-height-default elementor-section-height-default\" data-id=\"60bfb50\" data-element_type=\"section\" data-settings=\"{&quot;background_background&quot;:&quot;classic&quot;,&quot;ekit_has_onepagescroll_dot&quot;:&quot;yes&quot;}\">\n\t\t\t\t\t\t<div class=\"elementor-container elementor-column-gap-default\">\n\t\t\t\t\t\t\t<div class=\"elementor-row\">\n\t\t\t\t\t<div class=\"elementor-column elementor-col-100 elementor-top-column elementor-element elementor-element-def6a0a\" data-id=\"def6a0a\" data-element_type=\"column\">\n\t\t\t<div class=\"elementor-column-wrap elementor-element-populated\">\n\t\t\t\t\t\t\t<div class=\"elementor-widget-wrap\">\n\t\t\t\t\t\t<section class=\"elementor-section elementor-inner-section elementor-element elementor-element-0783de8 elementor-section-boxed elementor-section-height-default elementor-section-height-default\" data-id=\"0783de8\" data-element_type=\"section\" data-settings=\"{&quot;ekit_has_onepagescroll_dot&quot;:&quot;yes&quot;}\">\n\t\t\t\t\t\t<div class=\"elementor-container elementor-column-gap-default\">\n\t\t\t\t\t\t\t<div class=\"elementor-row\">\n\t\t\t\t\t<div class=\"elementor-column elementor-col-100 elementor-inner-column elementor-element elementor-element-f769ac6\" data-id=\"f769ac6\" data-element_type=\"column\">\n\t\t\t<div class=\"elementor-column-wrap elementor-element-populated\">\n\t\t\t\t\t\t\t<div class=\"elementor-widget-wrap\">\n\t\t\t\t\t\t<div class=\"elementor-element elementor-element-5576830 elementor-widget elementor-widget-text-editor\" data-id=\"5576830\" data-element_type=\"widget\" data-widget_type=\"text-editor.default\">\n\t\t\t\t<div class=\"elementor-widget-container\">\n\t\t\t\t\t<div class=\"elementor-text-editor elementor-clearfix\"><div id=\"costume\"><\/div>\n<h3>Cz\u0142onkowie zespo\u0142u Prometidion nosz\u0105 pe\u0142en str\u00f3j krakowski<\/h3>\n<p>Damski str\u00f3j zawiera bia\u0142\u0105 bluzeczk\u0119, haftowan\u0105 kamizelk\u0105 pokryt\u0105 koralikami z obu stron, sukienk\u0119 w kwiaty, fartuch, naszyjnik z czerwonych korali oraz kozaki sznurowane. Niezam\u0119\u017cne dziewczyny mog\u0105 nosi\u0107 na g\u0142owie wieniec z kwiat\u00f3w z kokardkami, a m\u0119\u017catki nosz\u0105 bia\u0142e chusty. Ch\u0142opacy nosz\u0105 niebieskie haftowane p\u0142aszcze z fr\u0119dzlami, pasiaste spodnie, krakowskie czapki ozdobione pawimi pi\u00f3rami, kokard\u0105 oraz paski ozdabiane metalowymi ko\u0142ami.<\/p>\n<\/div>\n\t\t\t\t<\/div>\n\t\t\t\t<\/div>\n\t\t\t\t\t\t<\/div>\n\t\t\t\t\t<\/div>\n\t\t<\/div>\n\t\t\t\t\t\t\t\t<\/div>\n\t\t\t\t\t<\/div>\n\t\t<\/section>\n\t\t\t\t<div class=\"elementor-element elementor-element-c090f2d elementor-widget elementor-widget-xs-gallery\" data-id=\"c090f2d\" data-element_type=\"widget\" data-widget_type=\"xs-gallery.default\">\n\t\t\t\t<div class=\"elementor-widget-container\">\n\t\t\t\n        <div class=\"xs-single-item-slider owl-carousel\">\n                            <div class=\"xs-single-slider-item\">\n                    <img src=\"https:\/\/pbic.org.uk.websitepreview.co.uk\/wp-content\/uploads\/2020\/10\/promethidion-26.jpg\" alt=\"gallery item\">\n                <\/div>\n                            <div class=\"xs-single-slider-item\">\n                    <img src=\"https:\/\/pbic.org.uk.websitepreview.co.uk\/wp-content\/uploads\/2020\/10\/promethidion-25.jpg\" alt=\"gallery item\">\n                <\/div>\n                            <div class=\"xs-single-slider-item\">\n                    <img src=\"https:\/\/pbic.org.uk.websitepreview.co.uk\/wp-content\/uploads\/2020\/10\/promethidion-24.jpg\" alt=\"gallery item\">\n                <\/div>\n                            <div class=\"xs-single-slider-item\">\n                    <img src=\"https:\/\/pbic.org.uk.websitepreview.co.uk\/wp-content\/uploads\/2020\/10\/promethidion-23.jpg\" alt=\"gallery item\">\n                <\/div>\n                            <div class=\"xs-single-slider-item\">\n                    <img src=\"https:\/\/pbic.org.uk.websitepreview.co.uk\/wp-content\/uploads\/2020\/10\/promethidion-27.jpg\" alt=\"gallery item\">\n                <\/div>\n                            <div class=\"xs-single-slider-item\">\n                    <img src=\"https:\/\/pbic.org.uk.websitepreview.co.uk\/wp-content\/uploads\/2020\/10\/promethidion-22.jpg\" alt=\"gallery item\">\n                <\/div>\n                            <div class=\"xs-single-slider-item\">\n                    <img src=\"https:\/\/pbic.org.uk.websitepreview.co.uk\/wp-content\/uploads\/2020\/10\/promethidion-21.jpg\" alt=\"gallery item\">\n                <\/div>\n                            <div class=\"xs-single-slider-item\">\n                    <img src=\"https:\/\/pbic.org.uk.websitepreview.co.uk\/wp-content\/uploads\/2020\/10\/promethidion-20.jpg\" alt=\"gallery item\">\n                <\/div>\n                            <div class=\"xs-single-slider-item\">\n                    <img src=\"https:\/\/pbic.org.uk.websitepreview.co.uk\/wp-content\/uploads\/2020\/10\/promethidion-19.jpg\" alt=\"gallery item\">\n                <\/div>\n                            <div class=\"xs-single-slider-item\">\n                    <img src=\"https:\/\/pbic.org.uk.websitepreview.co.uk\/wp-content\/uploads\/2020\/10\/promethidion-18.jpg\" alt=\"gallery item\">\n                <\/div>\n                            <div class=\"xs-single-slider-item\">\n                    <img src=\"https:\/\/pbic.org.uk.websitepreview.co.uk\/wp-content\/uploads\/2020\/10\/promethidion-17.jpg\" alt=\"gallery item\">\n                <\/div>\n                            <div class=\"xs-single-slider-item\">\n                    <img src=\"https:\/\/pbic.org.uk.websitepreview.co.uk\/wp-content\/uploads\/2020\/10\/promethidion-16.jpg\" alt=\"gallery item\">\n                <\/div>\n                            <div class=\"xs-single-slider-item\">\n                    <img src=\"https:\/\/pbic.org.uk.websitepreview.co.uk\/wp-content\/uploads\/2020\/10\/promethidion-15.jpg\" alt=\"gallery item\">\n                <\/div>\n                            <div class=\"xs-single-slider-item\">\n                    <img src=\"https:\/\/pbic.org.uk.websitepreview.co.uk\/wp-content\/uploads\/2020\/10\/promethidion-14.jpg\" alt=\"gallery item\">\n                <\/div>\n                            <div class=\"xs-single-slider-item\">\n                    <img src=\"https:\/\/pbic.org.uk.websitepreview.co.uk\/wp-content\/uploads\/2020\/10\/promethidion-13.jpg\" alt=\"gallery item\">\n                <\/div>\n                            <div class=\"xs-single-slider-item\">\n                    <img src=\"https:\/\/pbic.org.uk.websitepreview.co.uk\/wp-content\/uploads\/2020\/10\/promethidion-12.jpg\" alt=\"gallery item\">\n                <\/div>\n                            <div class=\"xs-single-slider-item\">\n                    <img src=\"https:\/\/pbic.org.uk.websitepreview.co.uk\/wp-content\/uploads\/2020\/10\/promethidion-10.jpg\" alt=\"gallery item\">\n                <\/div>\n                            <div class=\"xs-single-slider-item\">\n                    <img src=\"https:\/\/pbic.org.uk.websitepreview.co.uk\/wp-content\/uploads\/2020\/10\/promethidion-11.jpg\" alt=\"gallery item\">\n                <\/div>\n                            <div class=\"xs-single-slider-item\">\n                    <img src=\"https:\/\/pbic.org.uk.websitepreview.co.uk\/wp-content\/uploads\/2020\/10\/promethidion-9.jpg\" alt=\"gallery item\">\n                <\/div>\n                            <div class=\"xs-single-slider-item\">\n                    <img src=\"https:\/\/pbic.org.uk.websitepreview.co.uk\/wp-content\/uploads\/2020\/10\/promethidion-7.jpg\" alt=\"gallery item\">\n                <\/div>\n                            <div class=\"xs-single-slider-item\">\n                    <img src=\"https:\/\/pbic.org.uk.websitepreview.co.uk\/wp-content\/uploads\/2020\/10\/promethidion-8.jpg\" alt=\"gallery item\">\n                <\/div>\n                            <div class=\"xs-single-slider-item\">\n                    <img src=\"https:\/\/pbic.org.uk.websitepreview.co.uk\/wp-content\/uploads\/2020\/10\/promethidion-6.jpg\" alt=\"gallery item\">\n                <\/div>\n                            <div class=\"xs-single-slider-item\">\n                    <img src=\"https:\/\/pbic.org.uk.websitepreview.co.uk\/wp-content\/uploads\/2020\/10\/promethidion-5.jpg\" alt=\"gallery item\">\n                <\/div>\n                            <div class=\"xs-single-slider-item\">\n                    <img src=\"https:\/\/pbic.org.uk.websitepreview.co.uk\/wp-content\/uploads\/2020\/10\/promethidion-3.jpg\" alt=\"gallery item\">\n                <\/div>\n                            <div class=\"xs-single-slider-item\">\n                    <img src=\"https:\/\/pbic.org.uk.websitepreview.co.uk\/wp-content\/uploads\/2020\/10\/promethidion-2.jpg\" alt=\"gallery item\">\n                <\/div>\n                            <div class=\"xs-single-slider-item\">\n                    <img src=\"https:\/\/pbic.org.uk.websitepreview.co.uk\/wp-content\/uploads\/2020\/10\/promethidion-1.jpg\" alt=\"gallery item\">\n                <\/div>\n                    <\/div>\n        \t\t<\/div>\n\t\t\t\t<\/div>\n\t\t\t\t\t\t<\/div>\n\t\t\t\t\t<\/div>\n\t\t<\/div>\n\t\t\t\t\t\t\t\t<\/div>\n\t\t\t\t\t<\/div>\n\t\t<\/section>\n\t\t\t\t<section class=\"elementor-section elementor-top-section elementor-element elementor-element-3390c6f elementor-section-boxed elementor-section-height-default elementor-section-height-default\" data-id=\"3390c6f\" data-element_type=\"section\" data-settings=\"{&quot;ekit_has_onepagescroll_dot&quot;:&quot;yes&quot;}\">\n\t\t\t\t\t\t<div class=\"elementor-container elementor-column-gap-default\">\n\t\t\t\t\t\t\t<div class=\"elementor-row\">\n\t\t\t\t\t<div class=\"elementor-column elementor-col-100 elementor-top-column elementor-element elementor-element-daaa535\" data-id=\"daaa535\" data-element_type=\"column\">\n\t\t\t<div class=\"elementor-column-wrap\">\n\t\t\t\t\t\t\t<div class=\"elementor-widget-wrap\">\n\t\t\t\t\t\t\t\t<\/div>\n\t\t\t\t\t<\/div>\n\t\t<\/div>\n\t\t\t\t\t\t\t\t<\/div>\n\t\t\t\t\t<\/div>\n\t\t<\/section>\n\t\t\t\t<section class=\"elementor-section elementor-top-section elementor-element elementor-element-c9e3fa2 elementor-section-boxed elementor-section-height-default elementor-section-height-default\" data-id=\"c9e3fa2\" data-element_type=\"section\" data-settings=\"{&quot;ekit_has_onepagescroll_dot&quot;:&quot;yes&quot;}\">\n\t\t\t\t\t\t<div class=\"elementor-container elementor-column-gap-default\">\n\t\t\t\t\t\t\t<div class=\"elementor-row\">\n\t\t\t\t\t<div class=\"elementor-column elementor-col-100 elementor-top-column elementor-element elementor-element-65edb4d\" data-id=\"65edb4d\" data-element_type=\"column\">\n\t\t\t<div class=\"elementor-column-wrap\">\n\t\t\t\t\t\t\t<div class=\"elementor-widget-wrap\">\n\t\t\t\t\t\t\t\t<\/div>\n\t\t\t\t\t<\/div>\n\t\t<\/div>\n\t\t\t\t\t\t\t\t<\/div>\n\t\t\t\t\t<\/div>\n\t\t<\/section>\n\t\t\t\t\t\t<\/div>\n\t\t\t\t\t\t<\/div>\n\t\t\t\t\t<\/div>\n\t\t","protected":false},"excerpt":{"rendered":"<p>Korzenie PBIC s\u0105 mocno zwi\u0105zane z polsk\u0105 kultur\u0105. Cz\u0119\u015bci\u0105 naszej organizacji charytatywnej jest dzieci\u0119cy zesp\u00f3\u0142 \u015bpiewu i ta\u0144ca, kt\u00f3rego celem jest promowanie polskiej kultury i tradycji w UK. Zesp\u00f3\u0142 ten nazywa si\u0119 Prometihdion. Dzieci w zespole maj\u0105 od 3 do 13 lat. Dzieci wyst\u0119puj\u0105 w tradycyjnych strojach krakowskich (dowiedz si\u0119 wi\u0119cej o stroju krakowskim tutaj). [&hellip;]<\/p>\n","protected":false},"author":1,"featured_media":0,"parent":0,"menu_order":0,"comment_status":"closed","ping_status":"closed","template":"template\/template-full-width.php","meta":[],"_links":{"self":[{"href":"https:\/\/pbic.org.uk.websitepreview.co.uk\/pl\/wp-json\/wp\/v2\/pages\/4047"}],"collection":[{"href":"https:\/\/pbic.org.uk.websitepreview.co.uk\/pl\/wp-json\/wp\/v2\/pages"}],"about":[{"href":"https:\/\/pbic.org.uk.websitepreview.co.uk\/pl\/wp-json\/wp\/v2\/types\/page"}],"author":[{"embeddable":true,"href":"https:\/\/pbic.org.uk.websitepreview.co.uk\/pl\/wp-json\/wp\/v2\/users\/1"}],"replies":[{"embeddable":true,"href":"https:\/\/pbic.org.uk.websitepreview.co.uk\/pl\/wp-json\/wp\/v2\/comments?post=4047"}],"version-history":[{"count":6,"href":"https:\/\/pbic.org.uk.websitepreview.co.uk\/pl\/wp-json\/wp\/v2\/pages\/4047\/revisions"}],"predecessor-version":[{"id":4148,"href":"https:\/\/pbic.org.uk.websitepreview.co.uk\/pl\/wp-json\/wp\/v2\/pages\/4047\/revisions\/4148"}],"wp:attachment":[{"href":"https:\/\/pbic.org.uk.websitepreview.co.uk\/pl\/wp-json\/wp\/v2\/media?parent=4047"}],"curies":[{"name":"wp","href":"https:\/\/api.w.org\/{rel}","templated":true}]}}