{"id":4022,"date":"2020-11-17T10:29:55","date_gmt":"2020-11-17T10:29:55","guid":{"rendered":"https:\/\/pbic.org.uk.websitepreview.co.uk\/wesprzyj-nas\/"},"modified":"2020-11-19T10:04:09","modified_gmt":"2020-11-19T10:04:09","slug":"wesprzyj-nas","status":"publish","type":"page","link":"https:\/\/pbic.org.uk.websitepreview.co.uk\/pl\/wesprzyj-nas\/","title":{"rendered":"Wesprzyj nas"},"content":{"rendered":"\t\t<div data-elementor-type=\"wp-post\" data-elementor-id=\"4022\" class=\"elementor elementor-4022 elementor-454\" data-elementor-settings=\"[]\">\n\t\t\t\t\t\t<div class=\"elementor-inner\">\n\t\t\t\t\t\t\t<div class=\"elementor-section-wrap\">\n\t\t\t\t\t\t\t<section class=\"elementor-section elementor-top-section elementor-element elementor-element-d71c0a9 elementor-section-boxed elementor-section-height-default elementor-section-height-default\" data-id=\"d71c0a9\" data-element_type=\"section\" data-settings=\"{&quot;ekit_has_onepagescroll_dot&quot;:&quot;yes&quot;}\">\n\t\t\t\t\t\t<div class=\"elementor-container elementor-column-gap-default\">\n\t\t\t\t\t\t\t<div class=\"elementor-row\">\n\t\t\t\t\t<div class=\"elementor-column elementor-col-100 elementor-top-column elementor-element elementor-element-8ab3e02\" data-id=\"8ab3e02\" data-element_type=\"column\">\n\t\t\t<div class=\"elementor-column-wrap elementor-element-populated\">\n\t\t\t\t\t\t\t<div class=\"elementor-widget-wrap\">\n\t\t\t\t\t\t<div class=\"elementor-element elementor-element-f801e31 elementor-widget elementor-widget-text-editor\" data-id=\"f801e31\" data-element_type=\"widget\" data-widget_type=\"text-editor.default\">\n\t\t\t\t<div class=\"elementor-widget-container\">\n\t\t\t\t\t<div class=\"elementor-text-editor elementor-clearfix\"><p class=\"lead\">Twoje wsparcie ma znaczenie. Jako organizacja charytatywna polegamy na szczodrobliwo\u015bci innych, aby m\u00f3c bezp\u0142atnie wesprze\u0107 tych, kt\u00f3rzy najbardziej potrzebuj\u0105 pomocy. Pomagamy rozwi\u0105zywa\u0107 problemy mieszkaniowe, oferujemy lekcje j. angielskiego, porady og\u00f3lne i wspieramy w rozw\u00f3ju kariery zawodowej.<\/p>\n<\/div>\n\t\t\t\t<\/div>\n\t\t\t\t<\/div>\n\t\t\t\t\t\t<\/div>\n\t\t\t\t\t<\/div>\n\t\t<\/div>\n\t\t\t\t\t\t\t\t<\/div>\n\t\t\t\t\t<\/div>\n\t\t<\/section>\n\t\t\t\t<section class=\"elementor-section elementor-top-section elementor-element elementor-element-0cd52ac elementor-section-boxed elementor-section-height-default elementor-section-height-default\" data-id=\"0cd52ac\" data-element_type=\"section\" data-settings=\"{&quot;background_background&quot;:&quot;classic&quot;,&quot;ekit_has_onepagescroll_dot&quot;:&quot;yes&quot;}\">\n\t\t\t\t\t\t<div class=\"elementor-container elementor-column-gap-default\">\n\t\t\t\t\t\t\t<div class=\"elementor-row\">\n\t\t\t\t\t<div class=\"elementor-column elementor-col-100 elementor-top-column elementor-element elementor-element-160e89b\" data-id=\"160e89b\" data-element_type=\"column\">\n\t\t\t<div class=\"elementor-column-wrap elementor-element-populated\">\n\t\t\t\t\t\t\t<div class=\"elementor-widget-wrap\">\n\t\t\t\t\t\t<div class=\"elementor-element elementor-element-30d7b79 elementor-widget elementor-widget-heading\" data-id=\"30d7b79\" data-element_type=\"widget\" data-widget_type=\"heading.default\">\n\t\t\t\t<div class=\"elementor-widget-container\">\n\t\t\t<h3 class=\"elementor-heading-title elementor-size-default\">Donate below and help migrants settle, achieve and contribute.<\/h3>\t\t<\/div>\n\t\t\t\t<\/div>\n\t\t\t\t\t\t<\/div>\n\t\t\t\t\t<\/div>\n\t\t<\/div>\n\t\t\t\t\t\t\t\t<\/div>\n\t\t\t\t\t<\/div>\n\t\t<\/section>\n\t\t\t\t<section class=\"elementor-section elementor-top-section elementor-element elementor-element-2228059 elementor-section-boxed elementor-section-height-default elementor-section-height-default\" data-id=\"2228059\" data-element_type=\"section\" data-settings=\"{&quot;ekit_has_onepagescroll_dot&quot;:&quot;yes&quot;}\">\n\t\t\t\t\t\t<div class=\"elementor-container elementor-column-gap-default\">\n\t\t\t\t\t\t\t<div class=\"elementor-row\">\n\t\t\t\t\t<div class=\"elementor-column elementor-col-25 elementor-top-column elementor-element elementor-element-bd1365b\" data-id=\"bd1365b\" data-element_type=\"column\">\n\t\t\t<div class=\"elementor-column-wrap elementor-element-populated\">\n\t\t\t\t\t\t\t<div class=\"elementor-widget-wrap\">\n\t\t\t\t\t\t<div class=\"elementor-element elementor-element-3bb5088 elementor-widget elementor-widget-text-editor\" data-id=\"3bb5088\" data-element_type=\"widget\" data-widget_type=\"text-editor.default\">\n\t\t\t\t<div class=\"elementor-widget-container\">\n\t\t\t\t\t<div class=\"elementor-text-editor elementor-clearfix\"><p><iframe src=\"https:\/\/www.nowdonate.com\/widget?key=lyvpx93a3699i7n5mr58\" style=\"border:none; outline:none; width:255px; height:140px;\"><\/iframe><\/p>\n<\/div>\n\t\t\t\t<\/div>\n\t\t\t\t<\/div>\n\t\t\t\t\t\t<\/div>\n\t\t\t\t\t<\/div>\n\t\t<\/div>\n\t\t\t\t<div class=\"elementor-column elementor-col-25 elementor-top-column elementor-element elementor-element-5731615\" data-id=\"5731615\" data-element_type=\"column\">\n\t\t\t<div class=\"elementor-column-wrap elementor-element-populated\">\n\t\t\t\t\t\t\t<div class=\"elementor-widget-wrap\">\n\t\t\t\t\t\t<div class=\"elementor-element elementor-element-389ee56 elementor-widget elementor-widget-text-editor\" data-id=\"389ee56\" data-element_type=\"widget\" data-widget_type=\"text-editor.default\">\n\t\t\t\t<div class=\"elementor-widget-container\">\n\t\t\t\t\t<div class=\"elementor-text-editor elementor-clearfix\"><p><iframe src=\"https:\/\/www.nowdonate.com\/widget?key=16wcho5c1t5610xn6q0u\" style=\"border:none; outline:none; width:255px; height:140px;\"><\/iframe><\/p>\n<\/div>\n\t\t\t\t<\/div>\n\t\t\t\t<\/div>\n\t\t\t\t\t\t<\/div>\n\t\t\t\t\t<\/div>\n\t\t<\/div>\n\t\t\t\t<div class=\"elementor-column elementor-col-25 elementor-top-column elementor-element elementor-element-0898677\" data-id=\"0898677\" data-element_type=\"column\">\n\t\t\t<div class=\"elementor-column-wrap elementor-element-populated\">\n\t\t\t\t\t\t\t<div class=\"elementor-widget-wrap\">\n\t\t\t\t\t\t<div class=\"elementor-element elementor-element-38d8746 elementor-widget elementor-widget-text-editor\" data-id=\"38d8746\" data-element_type=\"widget\" data-widget_type=\"text-editor.default\">\n\t\t\t\t<div class=\"elementor-widget-container\">\n\t\t\t\t\t<div class=\"elementor-text-editor elementor-clearfix\"><p><iframe src=\"https:\/\/www.nowdonate.com\/widget?key=0u53ks989peom6p27tg1\" style=\"border:none; outline:none; width:255px; height:140px;\"><\/iframe><\/p>\n<\/div>\n\t\t\t\t<\/div>\n\t\t\t\t<\/div>\n\t\t\t\t\t\t<\/div>\n\t\t\t\t\t<\/div>\n\t\t<\/div>\n\t\t\t\t<div class=\"elementor-column elementor-col-25 elementor-top-column elementor-element elementor-element-f244b8d\" data-id=\"f244b8d\" data-element_type=\"column\">\n\t\t\t<div class=\"elementor-column-wrap elementor-element-populated\">\n\t\t\t\t\t\t\t<div class=\"elementor-widget-wrap\">\n\t\t\t\t\t\t<div class=\"elementor-element elementor-element-42fae0f elementor-widget elementor-widget-text-editor\" data-id=\"42fae0f\" data-element_type=\"widget\" data-widget_type=\"text-editor.default\">\n\t\t\t\t<div class=\"elementor-widget-container\">\n\t\t\t\t\t<div class=\"elementor-text-editor elementor-clearfix\"><p><iframe src=\"https:\/\/www.nowdonate.com\/widget?key=9lkfvz240eg629z0e95c\" style=\"border:none; outline:none; width:255px; height:140px;\"><\/iframe><\/p>\n<\/div>\n\t\t\t\t<\/div>\n\t\t\t\t<\/div>\n\t\t\t\t\t\t<\/div>\n\t\t\t\t\t<\/div>\n\t\t<\/div>\n\t\t\t\t\t\t\t\t<\/div>\n\t\t\t\t\t<\/div>\n\t\t<\/section>\n\t\t\t\t<section class=\"elementor-section elementor-top-section elementor-element elementor-element-fa1424e elementor-section-boxed elementor-section-height-default elementor-section-height-default\" data-id=\"fa1424e\" data-element_type=\"section\" data-settings=\"{&quot;ekit_has_onepagescroll_dot&quot;:&quot;yes&quot;}\">\n\t\t\t\t\t\t<div class=\"elementor-container elementor-column-gap-default\">\n\t\t\t\t\t\t\t<div class=\"elementor-row\">\n\t\t\t\t\t<div class=\"elementor-column elementor-col-50 elementor-top-column elementor-element elementor-element-8d5a660\" data-id=\"8d5a660\" data-element_type=\"column\">\n\t\t\t<div class=\"elementor-column-wrap elementor-element-populated\">\n\t\t\t\t\t\t\t<div class=\"elementor-widget-wrap\">\n\t\t\t\t\t\t<div class=\"elementor-element elementor-element-b25aab4 elementor-widget elementor-widget-text-editor\" data-id=\"b25aab4\" data-element_type=\"widget\" data-widget_type=\"text-editor.default\">\n\t\t\t\t<div class=\"elementor-widget-container\">\n\t\t\t\t\t<div class=\"elementor-text-editor elementor-clearfix\"><h3>Amazon Smile<\/h3>\n<p>PBIC is registered with Amazon Smile, meaning you can support our charity any time you shop. When you choose a charity of your choice, Amazon donates 0.5% of each purchase to the cause.<br \/>Follow the link to find out more.<\/p>\n<\/div>\n\t\t\t\t<\/div>\n\t\t\t\t<\/div>\n\t\t\t\t\t\t<\/div>\n\t\t\t\t\t<\/div>\n\t\t<\/div>\n\t\t\t\t<div class=\"elementor-column elementor-col-50 elementor-top-column elementor-element elementor-element-644caba\" data-id=\"644caba\" data-element_type=\"column\">\n\t\t\t<div class=\"elementor-column-wrap elementor-element-populated\">\n\t\t\t\t\t\t\t<div class=\"elementor-widget-wrap\">\n\t\t\t\t\t\t<div class=\"elementor-element elementor-element-77a7e5a elementor-widget elementor-widget-text-editor\" data-id=\"77a7e5a\" data-element_type=\"widget\" data-widget_type=\"text-editor.default\">\n\t\t\t\t<div class=\"elementor-widget-container\">\n\t\t\t\t\t<div class=\"elementor-text-editor elementor-clearfix\"><div id=\"amznCharityBanner\"><script type=\"text\/javascript\">(function() {var iFrame = document.createElement('iframe'); iFrame.style.display = 'none'; iFrame.style.border = \"none\"; iFrame.width = 310; iFrame.height = 256; iFrame.setAttribute && iFrame.setAttribute('scrolling', 'no'); iFrame.setAttribute('frameborder', '0'); setTimeout(function() {var contents = (iFrame.contentWindow) ? iFrame.contentWindow : (iFrame.contentDocument.document) ? iFrame.contentDocument.document : iFrame.contentDocument; contents.document.open(); contents.document.write(decodeURIComponent(\"%3Cdiv%20id%3D%22amznCharityBannerInner%22%3E%3Ca%20href%3D%22https%3A%2F%2Fsmile.amazon.co.uk%2Fch%2F1152448-0%22%20target%3D%22_blank%22%3E%3Cdiv%20class%3D%22text%22%20height%3D%22%22%3E%3Cdiv%20class%3D%22support-wrapper%22%3E%3Cdiv%20class%3D%22support%22%20style%3D%22font-size%3A%2025px%3B%20line-height%3A%2028px%3B%20margin-top%3A%2029px%3B%20margin-bottom%3A%201px%3B%22%3ESupport%20%3Cspan%20id%3D%22charity-name%22%20style%3D%22display%3A%20inline-block%3B%22%3EPBIC%3C%2Fspan%3E%3C%2Fdiv%3E%3C%2Fdiv%3E%3Cp%20class%3D%22when-shop%22%3EWhen%20you%20shop%20at%20%3Cb%3Esmile.amazon.co.uk%2C%3C%2Fb%3E%3C%2Fp%3E%3Cp%20class%3D%22donates%22%3EAmazon%20Donates%3C%2Fp%3E%3C%2Fdiv%3E%3C%2Fa%3E%3C%2Fdiv%3E%3Cstyle%3E%23amznCharityBannerInner%7Bbackground-image%3Aurl(https%3A%2F%2Fm.media-amazon.com%2Fimages%2FG%2F02%2Fx-locale%2Fpaladin%2Fcharitycentral%2Fbanner-background-image._CB485923047_.png)%3Bwidth%3A302px%3Bheight%3A250px%3Bposition%3Arelative%7D%23amznCharityBannerInner%20a%7Bdisplay%3Ablock%3Bwidth%3A100%25%3Bheight%3A100%25%3Bposition%3Arelative%3Bcolor%3A%23000%3Btext-decoration%3Anone%7D.text%7Bposition%3Aabsolute%3Btop%3A20px%3Bleft%3A15px%3Bright%3A15px%3Bbottom%3A100px%7D.support-wrapper%7Boverflow%3Ahidden%3Bmax-height%3A86px%7D.support%7Bfont-family%3AArial%2Csans%3Bfont-weight%3A700%3Bline-height%3A28px%3Bfont-size%3A25px%3Bcolor%3A%23333%3Btext-align%3Acenter%3Bmargin%3A0%3Bpadding%3A0%3Bbackground%3A0%200%7D.when-shop%7Bfont-family%3AArial%2Csans%3Bfont-size%3A15px%3Bfont-weight%3A400%3Bline-height%3A25px%3Bcolor%3A%23333%3Btext-align%3Acenter%3Bmargin%3A0%3Bpadding%3A0%3Bbackground%3A0%200%7D.donates%7Bfont-family%3AArial%2Csans%3Bfont-size%3A15px%3Bfont-weight%3A400%3Bline-height%3A21px%3Bcolor%3A%23333%3Btext-align%3Acenter%3Bmargin%3A0%3Bpadding%3A0%3Bbackground%3A0%200%7D%3C%2Fstyle%3E\")); contents.document.close(); iFrame.style.display = 'block';}); document.getElementById('amznCharityBanner').appendChild(iFrame); })(); <\/script><\/div>\n<\/div>\n\t\t\t\t<\/div>\n\t\t\t\t<\/div>\n\t\t\t\t\t\t<\/div>\n\t\t\t\t\t<\/div>\n\t\t<\/div>\n\t\t\t\t\t\t\t\t<\/div>\n\t\t\t\t\t<\/div>\n\t\t<\/section>\n\t\t\t\t\t\t<\/div>\n\t\t\t\t\t\t<\/div>\n\t\t\t\t\t<\/div>\n\t\t","protected":false},"excerpt":{"rendered":"<p>Twoje wsparcie ma znaczenie. Jako organizacja charytatywna polegamy na szczodrobliwo\u015bci innych, aby m\u00f3c bezp\u0142atnie wesprze\u0107 tych, kt\u00f3rzy najbardziej potrzebuj\u0105 pomocy. Pomagamy rozwi\u0105zywa\u0107 problemy mieszkaniowe, oferujemy lekcje j. angielskiego, porady og\u00f3lne i wspieramy w rozw\u00f3ju kariery zawodowej. Donate below and help migrants settle, achieve and contribute. Amazon Smile PBIC is registered with Amazon Smile, meaning you [&hellip;]<\/p>\n","protected":false},"author":1,"featured_media":0,"parent":0,"menu_order":0,"comment_status":"closed","ping_status":"closed","template":"template\/template-full-width.php","meta":[],"_links":{"self":[{"href":"https:\/\/pbic.org.uk.websitepreview.co.uk\/pl\/wp-json\/wp\/v2\/pages\/4022"}],"collection":[{"href":"https:\/\/pbic.org.uk.websitepreview.co.uk\/pl\/wp-json\/wp\/v2\/pages"}],"about":[{"href":"https:\/\/pbic.org.uk.websitepreview.co.uk\/pl\/wp-json\/wp\/v2\/types\/page"}],"author":[{"embeddable":true,"href":"https:\/\/pbic.org.uk.websitepreview.co.uk\/pl\/wp-json\/wp\/v2\/users\/1"}],"replies":[{"embeddable":true,"href":"https:\/\/pbic.org.uk.websitepreview.co.uk\/pl\/wp-json\/wp\/v2\/comments?post=4022"}],"version-history":[{"count":10,"href":"https:\/\/pbic.org.uk.websitepreview.co.uk\/pl\/wp-json\/wp\/v2\/pages\/4022\/revisions"}],"predecessor-version":[{"id":4460,"href":"https:\/\/pbic.org.uk.websitepreview.co.uk\/pl\/wp-json\/wp\/v2\/pages\/4022\/revisions\/4460"}],"wp:attachment":[{"href":"https:\/\/pbic.org.uk.websitepreview.co.uk\/pl\/wp-json\/wp\/v2\/media?parent=4022"}],"curies":[{"name":"wp","href":"https:\/\/api.w.org\/{rel}","templated":true}]}}