{"id":4009,"date":"2020-11-17T09:59:31","date_gmt":"2020-11-17T09:59:31","guid":{"rendered":"https:\/\/pbic.org.uk.websitepreview.co.uk\/kariery\/"},"modified":"2020-11-17T10:02:39","modified_gmt":"2020-11-17T10:02:39","slug":"kariery","status":"publish","type":"page","link":"https:\/\/pbic.org.uk.websitepreview.co.uk\/pl\/kariery\/","title":{"rendered":"Kariery"},"content":{"rendered":"\t\t<div data-elementor-type=\"wp-post\" data-elementor-id=\"4009\" class=\"elementor elementor-4009 elementor-3198\" data-elementor-settings=\"[]\">\n\t\t\t\t\t\t<div class=\"elementor-inner\">\n\t\t\t\t\t\t\t<div class=\"elementor-section-wrap\">\n\t\t\t\t\t\t\t<section class=\"elementor-section elementor-top-section elementor-element elementor-element-d71c0a9 elementor-section-boxed elementor-section-height-default elementor-section-height-default\" data-id=\"d71c0a9\" data-element_type=\"section\" data-settings=\"{&quot;ekit_has_onepagescroll_dot&quot;:&quot;yes&quot;}\">\n\t\t\t\t\t\t<div class=\"elementor-container elementor-column-gap-default\">\n\t\t\t\t\t\t\t<div class=\"elementor-row\">\n\t\t\t\t\t<div class=\"elementor-column elementor-col-100 elementor-top-column elementor-element elementor-element-8ab3e02\" data-id=\"8ab3e02\" data-element_type=\"column\">\n\t\t\t<div class=\"elementor-column-wrap elementor-element-populated\">\n\t\t\t\t\t\t\t<div class=\"elementor-widget-wrap\">\n\t\t\t\t\t\t<div class=\"elementor-element elementor-element-f801e31 elementor-widget elementor-widget-text-editor\" data-id=\"f801e31\" data-element_type=\"widget\" data-widget_type=\"text-editor.default\">\n\t\t\t\t<div class=\"elementor-widget-container\">\n\t\t\t\t\t<div class=\"elementor-text-editor elementor-clearfix\"><p class=\"lead\">Czy chcesz wnie\u015b\u0107 wk\u0142ad do swojej spo\u0142eczno\u015bci? Czy szukasz pozycji, kt\u00f3ra pozwoli ci da\u0107 co\u015b od siebie?<\/p>\n<p>My w PBIC robimy wszystko, aby umo\u017cliwi\u0107 osobom wykorzysta\u0107 sw\u00f3j potencja\u0142. To, \u017ce kto\u015b mia\u0142 ci\u0119\u017cki pocz\u0105tek w \u017cyciu, nie oznacza, \u017ce nie mo\u017ce osi\u0105gn\u0105\u0107 czego\u015b wielkiego.<\/p>\n<p>Jeste\u015bmy doradcami, nauczycielami, pomocnikami, wolontariuszami \u2026 i \u015bwietnymi s\u0142uchaczami.<\/p>\n<p>Czasami prosta rozmowa mo\u017ce zrobi\u0107 wielk\u0105 r\u00f3\u017cnic\u0119.<\/p>\n<p>Brzmi to interesuj\u0105co dla ciebie? Sprawd\u017a nasze wolne posady!<\/p>\n<\/div>\n\t\t\t\t<\/div>\n\t\t\t\t<\/div>\n\t\t\t\t\t\t<\/div>\n\t\t\t\t\t<\/div>\n\t\t<\/div>\n\t\t\t\t\t\t\t\t<\/div>\n\t\t\t\t\t<\/div>\n\t\t<\/section>\n\t\t\t\t<section class=\"elementor-section elementor-top-section elementor-element elementor-element-0cd52ac elementor-section-boxed elementor-section-height-default elementor-section-height-default\" data-id=\"0cd52ac\" data-element_type=\"section\" data-settings=\"{&quot;background_background&quot;:&quot;classic&quot;,&quot;ekit_has_onepagescroll_dot&quot;:&quot;yes&quot;}\">\n\t\t\t\t\t\t<div class=\"elementor-container elementor-column-gap-default\">\n\t\t\t\t\t\t\t<div class=\"elementor-row\">\n\t\t\t\t\t<div class=\"elementor-column elementor-col-100 elementor-top-column elementor-element elementor-element-160e89b\" data-id=\"160e89b\" data-element_type=\"column\">\n\t\t\t<div class=\"elementor-column-wrap elementor-element-populated\">\n\t\t\t\t\t\t\t<div class=\"elementor-widget-wrap\">\n\t\t\t\t\t\t<div class=\"elementor-element elementor-element-30d7b79 elementor-widget elementor-widget-heading\" data-id=\"30d7b79\" data-element_type=\"widget\" data-widget_type=\"heading.default\">\n\t\t\t\t<div class=\"elementor-widget-container\">\n\t\t\t<h3 class=\"elementor-heading-title elementor-size-default\">Brak wolnych stanowisk na ten moment. <\/h3>\t\t<\/div>\n\t\t\t\t<\/div>\n\t\t\t\t<div class=\"elementor-element elementor-element-dafc9f8 elementor-widget elementor-widget-text-editor\" data-id=\"dafc9f8\" data-element_type=\"widget\" data-widget_type=\"text-editor.default\">\n\t\t\t\t<div class=\"elementor-widget-container\">\n\t\t\t\t\t<div class=\"elementor-text-editor elementor-clearfix\"><\/div>\n\t\t\t\t<\/div>\n\t\t\t\t<\/div>\n\t\t\t\t\t\t<\/div>\n\t\t\t\t\t<\/div>\n\t\t<\/div>\n\t\t\t\t\t\t\t\t<\/div>\n\t\t\t\t\t<\/div>\n\t\t<\/section>\n\t\t\t\t\t\t<\/div>\n\t\t\t\t\t\t<\/div>\n\t\t\t\t\t<\/div>\n\t\t","protected":false},"excerpt":{"rendered":"<p>Czy chcesz wnie\u015b\u0107 wk\u0142ad do swojej spo\u0142eczno\u015bci? Czy szukasz pozycji, kt\u00f3ra pozwoli ci da\u0107 co\u015b od siebie? My w PBIC robimy wszystko, aby umo\u017cliwi\u0107 osobom wykorzysta\u0107 sw\u00f3j potencja\u0142. To, \u017ce kto\u015b mia\u0142 ci\u0119\u017cki pocz\u0105tek w \u017cyciu, nie oznacza, \u017ce nie mo\u017ce osi\u0105gn\u0105\u0107 czego\u015b wielkiego. Jeste\u015bmy doradcami, nauczycielami, pomocnikami, wolontariuszami \u2026 i \u015bwietnymi s\u0142uchaczami. Czasami prosta [&hellip;]<\/p>\n","protected":false},"author":1,"featured_media":0,"parent":0,"menu_order":0,"comment_status":"closed","ping_status":"closed","template":"template\/template-full-width.php","meta":[],"_links":{"self":[{"href":"https:\/\/pbic.org.uk.websitepreview.co.uk\/pl\/wp-json\/wp\/v2\/pages\/4009"}],"collection":[{"href":"https:\/\/pbic.org.uk.websitepreview.co.uk\/pl\/wp-json\/wp\/v2\/pages"}],"about":[{"href":"https:\/\/pbic.org.uk.websitepreview.co.uk\/pl\/wp-json\/wp\/v2\/types\/page"}],"author":[{"embeddable":true,"href":"https:\/\/pbic.org.uk.websitepreview.co.uk\/pl\/wp-json\/wp\/v2\/users\/1"}],"replies":[{"embeddable":true,"href":"https:\/\/pbic.org.uk.websitepreview.co.uk\/pl\/wp-json\/wp\/v2\/comments?post=4009"}],"version-history":[{"count":3,"href":"https:\/\/pbic.org.uk.websitepreview.co.uk\/pl\/wp-json\/wp\/v2\/pages\/4009\/revisions"}],"predecessor-version":[{"id":4013,"href":"https:\/\/pbic.org.uk.websitepreview.co.uk\/pl\/wp-json\/wp\/v2\/pages\/4009\/revisions\/4013"}],"wp:attachment":[{"href":"https:\/\/pbic.org.uk.websitepreview.co.uk\/pl\/wp-json\/wp\/v2\/media?parent=4009"}],"curies":[{"name":"wp","href":"https:\/\/api.w.org\/{rel}","templated":true}]}}