{"id":3999,"date":"2020-11-16T20:51:05","date_gmt":"2020-11-16T20:51:05","guid":{"rendered":"https:\/\/pbic.org.uk.websitepreview.co.uk\/porady-ogolne\/"},"modified":"2020-11-16T20:54:05","modified_gmt":"2020-11-16T20:54:05","slug":"porady-ogolne","status":"publish","type":"page","link":"https:\/\/pbic.org.uk.websitepreview.co.uk\/pl\/porady-ogolne\/","title":{"rendered":"Porady og\u00f3lne"},"content":{"rendered":"\t\t<div data-elementor-type=\"wp-post\" data-elementor-id=\"3999\" class=\"elementor elementor-3999 elementor-3343\" data-elementor-settings=\"[]\">\n\t\t\t\t\t\t<div class=\"elementor-inner\">\n\t\t\t\t\t\t\t<div class=\"elementor-section-wrap\">\n\t\t\t\t\t\t\t<section class=\"elementor-section elementor-top-section elementor-element elementor-element-d71c0a9 elementor-section-boxed elementor-section-height-default elementor-section-height-default\" data-id=\"d71c0a9\" data-element_type=\"section\" data-settings=\"{&quot;ekit_has_onepagescroll_dot&quot;:&quot;yes&quot;}\">\n\t\t\t\t\t\t<div class=\"elementor-container elementor-column-gap-default\">\n\t\t\t\t\t\t\t<div class=\"elementor-row\">\n\t\t\t\t\t<div class=\"elementor-column elementor-col-100 elementor-top-column elementor-element elementor-element-8ab3e02\" data-id=\"8ab3e02\" data-element_type=\"column\">\n\t\t\t<div class=\"elementor-column-wrap elementor-element-populated\">\n\t\t\t\t\t\t\t<div class=\"elementor-widget-wrap\">\n\t\t\t\t\t\t<div class=\"elementor-element elementor-element-f801e31 elementor-widget elementor-widget-text-editor\" data-id=\"f801e31\" data-element_type=\"widget\" data-widget_type=\"text-editor.default\">\n\t\t\t\t<div class=\"elementor-widget-container\">\n\t\t\t\t\t<div class=\"elementor-text-editor elementor-clearfix\"><p class=\"lead\">Nasza us\u0142uga porad og\u00f3lnych zosta\u0142a stworzona w odpowiedzi na potrzeby migrant\u00f3w z Unii Europejskiej mieszkaj\u0105cych w UK.<\/p>\n<p>Czy to pomoc w zrozumieniu dokument\u00f3w, czy odpowied\u017a na pytania zwi\u0105zane z Universal Credit, nasi dwuj\u0119zyczni doradcy s\u0105 gotowi pom\u00f3c w ka\u017cdej z tych dziedzin i w wielu innych. Wsp\u00f3\u0142pracujemy r\u00f3wnie\u017c z wieloma zaufanymi organizacjami, je\u015bli twoja sprawa wychodzi poza zakres naszych us\u0142ug.<\/p>\n<\/div>\n\t\t\t\t<\/div>\n\t\t\t\t<\/div>\n\t\t\t\t\t\t<\/div>\n\t\t\t\t\t<\/div>\n\t\t<\/div>\n\t\t\t\t\t\t\t\t<\/div>\n\t\t\t\t\t<\/div>\n\t\t<\/section>\n\t\t\t\t<section class=\"elementor-section elementor-top-section elementor-element elementor-element-bc19ca9 elementor-section-boxed elementor-section-height-default elementor-section-height-default\" data-id=\"bc19ca9\" data-element_type=\"section\" data-settings=\"{&quot;ekit_has_onepagescroll_dot&quot;:&quot;yes&quot;}\">\n\t\t\t\t\t\t<div class=\"elementor-container elementor-column-gap-default\">\n\t\t\t\t\t\t\t<div class=\"elementor-row\">\n\t\t\t\t\t<div class=\"elementor-column elementor-col-100 elementor-top-column elementor-element elementor-element-a322ffa\" data-id=\"a322ffa\" data-element_type=\"column\">\n\t\t\t<div class=\"elementor-column-wrap elementor-element-populated\">\n\t\t\t\t\t\t\t<div class=\"elementor-widget-wrap\">\n\t\t\t\t\t\t<div class=\"elementor-element elementor-element-263308e elementor-widget elementor-widget-text-editor\" data-id=\"263308e\" data-element_type=\"widget\" data-widget_type=\"text-editor.default\">\n\t\t\t\t<div class=\"elementor-widget-container\">\n\t\t\t\t\t<div class=\"elementor-text-editor elementor-clearfix\"><h3>Najcz\u0119stsze problemy, w kt\u00f3rych oferujemy wsparcie:<\/h3>\n<\/div>\n\t\t\t\t<\/div>\n\t\t\t\t<\/div>\n\t\t\t\t\t\t<\/div>\n\t\t\t\t\t<\/div>\n\t\t<\/div>\n\t\t\t\t\t\t\t\t<\/div>\n\t\t\t\t\t<\/div>\n\t\t<\/section>\n\t\t\t\t<section class=\"elementor-section elementor-top-section elementor-element elementor-element-d412b6f elementor-section-boxed elementor-section-height-default elementor-section-height-default\" data-id=\"d412b6f\" data-element_type=\"section\" data-settings=\"{&quot;ekit_has_onepagescroll_dot&quot;:&quot;yes&quot;}\">\n\t\t\t\t\t\t<div class=\"elementor-container elementor-column-gap-default\">\n\t\t\t\t\t\t\t<div class=\"elementor-row\">\n\t\t\t\t\t<div class=\"elementor-column elementor-col-33 elementor-top-column elementor-element elementor-element-9e62546\" data-id=\"9e62546\" data-element_type=\"column\">\n\t\t\t<div class=\"elementor-column-wrap elementor-element-populated\">\n\t\t\t\t\t\t\t<div class=\"elementor-widget-wrap\">\n\t\t\t\t\t\t<div class=\"elementor-element elementor-element-a27400c charitious-align-center elementor-widget elementor-widget-xs-featured-box\" data-id=\"a27400c\" data-element_type=\"widget\" data-widget_type=\"xs-featured-box.default\">\n\t\t\t\t<div class=\"elementor-widget-container\">\n\t\t\t\n\n                    <div class=\"xs-service-promo\">\n                                    <span class=\"\"><\/span>\n                                                    <h5>Zrozumienie r\u00f3\u017cnych dokument\u00f3w<\/h5>\n                                                                    <div class=\"xs-service-promo-overlay\"><\/div>\n                            <\/div>\n        \t\t\t<\/div>\n\t\t\t\t<\/div>\n\t\t\t\t\t\t<\/div>\n\t\t\t\t\t<\/div>\n\t\t<\/div>\n\t\t\t\t<div class=\"elementor-column elementor-col-33 elementor-top-column elementor-element elementor-element-e93d0f4\" data-id=\"e93d0f4\" data-element_type=\"column\">\n\t\t\t<div class=\"elementor-column-wrap elementor-element-populated\">\n\t\t\t\t\t\t\t<div class=\"elementor-widget-wrap\">\n\t\t\t\t\t\t<div class=\"elementor-element elementor-element-7ede5b1 charitious-align-center elementor-widget elementor-widget-xs-featured-box\" data-id=\"7ede5b1\" data-element_type=\"widget\" data-widget_type=\"xs-featured-box.default\">\n\t\t\t\t<div class=\"elementor-widget-container\">\n\t\t\t\n\n                    <div class=\"xs-service-promo\">\n                                    <span class=\"\"><\/span>\n                                                    <h5>Sprawy Mieszkaniowe<\/h5>\n                                                                    <div class=\"xs-service-promo-overlay\"><\/div>\n                            <\/div>\n        \t\t\t<\/div>\n\t\t\t\t<\/div>\n\t\t\t\t\t\t<\/div>\n\t\t\t\t\t<\/div>\n\t\t<\/div>\n\t\t\t\t<div class=\"elementor-column elementor-col-33 elementor-top-column elementor-element elementor-element-771cfc0\" data-id=\"771cfc0\" data-element_type=\"column\">\n\t\t\t<div class=\"elementor-column-wrap elementor-element-populated\">\n\t\t\t\t\t\t\t<div class=\"elementor-widget-wrap\">\n\t\t\t\t\t\t<div class=\"elementor-element elementor-element-c411275 charitious-align-center elementor-widget elementor-widget-xs-featured-box\" data-id=\"c411275\" data-element_type=\"widget\" data-widget_type=\"xs-featured-box.default\">\n\t\t\t\t<div class=\"elementor-widget-container\">\n\t\t\t\n\n                    <div class=\"xs-service-promo\">\n                                    <span class=\"\"><\/span>\n                                                    <h5>Edukacja<\/h5>\n                                                                    <div class=\"xs-service-promo-overlay\"><\/div>\n                            <\/div>\n        \t\t\t<\/div>\n\t\t\t\t<\/div>\n\t\t\t\t\t\t<\/div>\n\t\t\t\t\t<\/div>\n\t\t<\/div>\n\t\t\t\t\t\t\t\t<\/div>\n\t\t\t\t\t<\/div>\n\t\t<\/section>\n\t\t\t\t<section class=\"elementor-section elementor-top-section elementor-element elementor-element-b93aae8 elementor-section-boxed elementor-section-height-default elementor-section-height-default\" data-id=\"b93aae8\" data-element_type=\"section\" data-settings=\"{&quot;ekit_has_onepagescroll_dot&quot;:&quot;yes&quot;}\">\n\t\t\t\t\t\t<div class=\"elementor-container elementor-column-gap-default\">\n\t\t\t\t\t\t\t<div class=\"elementor-row\">\n\t\t\t\t\t<div class=\"elementor-column elementor-col-33 elementor-top-column elementor-element elementor-element-0f69e3f\" data-id=\"0f69e3f\" data-element_type=\"column\">\n\t\t\t<div class=\"elementor-column-wrap elementor-element-populated\">\n\t\t\t\t\t\t\t<div class=\"elementor-widget-wrap\">\n\t\t\t\t\t\t<div class=\"elementor-element elementor-element-748a278 charitious-align-center elementor-widget elementor-widget-xs-featured-box\" data-id=\"748a278\" data-element_type=\"widget\" data-widget_type=\"xs-featured-box.default\">\n\t\t\t\t<div class=\"elementor-widget-container\">\n\t\t\t\n\n                    <div class=\"xs-service-promo\">\n                                    <span class=\"\"><\/span>\n                                                    <h5>Podatki<\/h5>\n                                                                    <div class=\"xs-service-promo-overlay\"><\/div>\n                            <\/div>\n        \t\t\t<\/div>\n\t\t\t\t<\/div>\n\t\t\t\t\t\t<\/div>\n\t\t\t\t\t<\/div>\n\t\t<\/div>\n\t\t\t\t<div class=\"elementor-column elementor-col-33 elementor-top-column elementor-element elementor-element-476b387\" data-id=\"476b387\" data-element_type=\"column\">\n\t\t\t<div class=\"elementor-column-wrap elementor-element-populated\">\n\t\t\t\t\t\t\t<div class=\"elementor-widget-wrap\">\n\t\t\t\t\t\t<div class=\"elementor-element elementor-element-1c79d65 charitious-align-center elementor-widget elementor-widget-xs-featured-box\" data-id=\"1c79d65\" data-element_type=\"widget\" data-widget_type=\"xs-featured-box.default\">\n\t\t\t\t<div class=\"elementor-widget-container\">\n\t\t\t\n\n                    <div class=\"xs-service-promo\">\n                                    <span class=\"\"><\/span>\n                                                    <h5>Emerytury I renty<\/h5>\n                                                                    <div class=\"xs-service-promo-overlay\"><\/div>\n                            <\/div>\n        \t\t\t<\/div>\n\t\t\t\t<\/div>\n\t\t\t\t\t\t<\/div>\n\t\t\t\t\t<\/div>\n\t\t<\/div>\n\t\t\t\t<div class=\"elementor-column elementor-col-33 elementor-top-column elementor-element elementor-element-37fc02d\" data-id=\"37fc02d\" data-element_type=\"column\">\n\t\t\t<div class=\"elementor-column-wrap elementor-element-populated\">\n\t\t\t\t\t\t\t<div class=\"elementor-widget-wrap\">\n\t\t\t\t\t\t<div class=\"elementor-element elementor-element-0535c25 charitious-align-center elementor-widget elementor-widget-xs-featured-box\" data-id=\"0535c25\" data-element_type=\"widget\" data-widget_type=\"xs-featured-box.default\">\n\t\t\t\t<div class=\"elementor-widget-container\">\n\t\t\t\n\n                    <div class=\"xs-service-promo\">\n                                    <span class=\"\"><\/span>\n                                                    <h5>Pytania zwi\u0105zane z zasi\u0142kami<\/h5>\n                                                                    <div class=\"xs-service-promo-overlay\"><\/div>\n                            <\/div>\n        \t\t\t<\/div>\n\t\t\t\t<\/div>\n\t\t\t\t\t\t<\/div>\n\t\t\t\t\t<\/div>\n\t\t<\/div>\n\t\t\t\t\t\t\t\t<\/div>\n\t\t\t\t\t<\/div>\n\t\t<\/section>\n\t\t\t\t<section class=\"elementor-section elementor-top-section elementor-element elementor-element-fb69f67 elementor-section-boxed elementor-section-height-default elementor-section-height-default\" data-id=\"fb69f67\" data-element_type=\"section\" data-settings=\"{&quot;ekit_has_onepagescroll_dot&quot;:&quot;yes&quot;}\">\n\t\t\t\t\t\t<div class=\"elementor-container elementor-column-gap-default\">\n\t\t\t\t\t\t\t<div class=\"elementor-row\">\n\t\t\t\t\t<div class=\"elementor-column elementor-col-100 elementor-top-column elementor-element elementor-element-e3595a5\" data-id=\"e3595a5\" data-element_type=\"column\">\n\t\t\t<div class=\"elementor-column-wrap elementor-element-populated\">\n\t\t\t\t\t\t\t<div class=\"elementor-widget-wrap\">\n\t\t\t\t\t\t<div class=\"elementor-element elementor-element-35e78e5 elementor-widget elementor-widget-accordion\" data-id=\"35e78e5\" data-element_type=\"widget\" data-widget_type=\"accordion.default\">\n\t\t\t\t<div class=\"elementor-widget-container\">\n\t\t\t\t\t<div class=\"elementor-accordion\" role=\"tablist\">\n\t\t\t\t\t\t\t<div class=\"elementor-accordion-item\">\n\t\t\t\t\t<div id=\"elementor-tab-title-5651\" class=\"elementor-tab-title\" data-tab=\"1\" role=\"tab\" aria-controls=\"elementor-tab-content-5651\">\n\t\t\t\t\t\t\t\t\t\t\t\t\t<span class=\"elementor-accordion-icon elementor-accordion-icon-left\" aria-hidden=\"true\">\n\t\t\t\t\t\t\t\t\t\t\t\t\t\t\t<span class=\"elementor-accordion-icon-closed\"><i class=\"fas fa-plus\"><\/i><\/span>\n\t\t\t\t\t\t\t\t<span class=\"elementor-accordion-icon-opened\"><i class=\"fas fa-minus\"><\/i><\/span>\n\t\t\t\t\t\t\t\t\t\t\t\t\t\t<\/span>\n\t\t\t\t\t\t\t\t\t\t\t\t<a class=\"elementor-accordion-title\" href=\"\">What benefit queries can you help with?<\/a>\n\t\t\t\t\t<\/div>\n\t\t\t\t\t<div id=\"elementor-tab-content-5651\" class=\"elementor-tab-content elementor-clearfix\" data-tab=\"1\" role=\"tabpanel\" aria-labelledby=\"elementor-tab-title-5651\"><ul>\n<li>Personal Independence Payment<\/li>\n<li>Child Benefit<\/li>\n<li>Universal Credit<\/li>\n<li>Job Seekers Allowance<\/li>\n<li>Pension Credit<\/li>\n<li>Council Tax Support<\/li>\n<li>Income Support<\/li>\n<li>Child Tax Credits<\/li>\n<li>Working Tax Credits<\/li>\n<li>Housing Benefit<\/li>\n<li>Carers Allowance<\/li>\n<\/ul>\n<\/div>\n\t\t\t\t<\/div>\n\t\t\t\t\t<\/div>\n\t\t\t\t<\/div>\n\t\t\t\t<\/div>\n\t\t\t\t\t\t<\/div>\n\t\t\t\t\t<\/div>\n\t\t<\/div>\n\t\t\t\t\t\t\t\t<\/div>\n\t\t\t\t\t<\/div>\n\t\t<\/section>\n\t\t\t\t<section class=\"elementor-section elementor-top-section elementor-element elementor-element-55762b5 elementor-section-boxed elementor-section-height-default elementor-section-height-default\" data-id=\"55762b5\" data-element_type=\"section\" data-settings=\"{&quot;ekit_has_onepagescroll_dot&quot;:&quot;yes&quot;}\">\n\t\t\t\t\t\t<div class=\"elementor-container elementor-column-gap-default\">\n\t\t\t\t\t\t\t<div class=\"elementor-row\">\n\t\t\t\t\t<div class=\"elementor-column elementor-col-100 elementor-top-column elementor-element elementor-element-3216b15\" data-id=\"3216b15\" data-element_type=\"column\">\n\t\t\t<div class=\"elementor-column-wrap elementor-element-populated\">\n\t\t\t\t\t\t\t<div class=\"elementor-widget-wrap\">\n\t\t\t\t\t\t<div class=\"elementor-element elementor-element-87ff4bc elementor-widget elementor-widget-text-editor\" data-id=\"87ff4bc\" data-element_type=\"widget\" data-widget_type=\"text-editor.default\">\n\t\t\t\t<div class=\"elementor-widget-container\">\n\t\t\t\t\t<div class=\"elementor-text-editor elementor-clearfix\"><p>Oferujemy sesje doradcze drog\u0105 telefoniczn\u0105, jak i poprzez spotkania twarz\u0105 w twarz. Dodatkowo wznawiamy nasze cotygodniowe sesje Drop-in.<\/p>\n<h5>Skontaktuj si\u0119 z nami:<\/h5>\n<p><strong>Tel:<\/strong> 01234 328100<br \/>\n<strong>E-mail:<\/strong> <a href=\"mailto:info@pbic.org.uk\">info@pbic.org.uk<\/a><\/p>\n<\/div>\n\t\t\t\t<\/div>\n\t\t\t\t<\/div>\n\t\t\t\t\t\t<\/div>\n\t\t\t\t\t<\/div>\n\t\t<\/div>\n\t\t\t\t\t\t\t\t<\/div>\n\t\t\t\t\t<\/div>\n\t\t<\/section>\n\t\t\t\t\t\t<\/div>\n\t\t\t\t\t\t<\/div>\n\t\t\t\t\t<\/div>\n\t\t","protected":false},"excerpt":{"rendered":"<p>Nasza us\u0142uga porad og\u00f3lnych zosta\u0142a stworzona w odpowiedzi na potrzeby migrant\u00f3w z Unii Europejskiej mieszkaj\u0105cych w UK. Czy to pomoc w zrozumieniu dokument\u00f3w, czy odpowied\u017a na pytania zwi\u0105zane z Universal Credit, nasi dwuj\u0119zyczni doradcy s\u0105 gotowi pom\u00f3c w ka\u017cdej z tych dziedzin i w wielu innych. Wsp\u00f3\u0142pracujemy r\u00f3wnie\u017c z wieloma zaufanymi organizacjami, je\u015bli twoja sprawa [&hellip;]<\/p>\n","protected":false},"author":1,"featured_media":0,"parent":0,"menu_order":0,"comment_status":"closed","ping_status":"closed","template":"template\/template-full-width.php","meta":[],"_links":{"self":[{"href":"https:\/\/pbic.org.uk.websitepreview.co.uk\/pl\/wp-json\/wp\/v2\/pages\/3999"}],"collection":[{"href":"https:\/\/pbic.org.uk.websitepreview.co.uk\/pl\/wp-json\/wp\/v2\/pages"}],"about":[{"href":"https:\/\/pbic.org.uk.websitepreview.co.uk\/pl\/wp-json\/wp\/v2\/types\/page"}],"author":[{"embeddable":true,"href":"https:\/\/pbic.org.uk.websitepreview.co.uk\/pl\/wp-json\/wp\/v2\/users\/1"}],"replies":[{"embeddable":true,"href":"https:\/\/pbic.org.uk.websitepreview.co.uk\/pl\/wp-json\/wp\/v2\/comments?post=3999"}],"version-history":[{"count":8,"href":"https:\/\/pbic.org.uk.websitepreview.co.uk\/pl\/wp-json\/wp\/v2\/pages\/3999\/revisions"}],"predecessor-version":[{"id":4008,"href":"https:\/\/pbic.org.uk.websitepreview.co.uk\/pl\/wp-json\/wp\/v2\/pages\/3999\/revisions\/4008"}],"wp:attachment":[{"href":"https:\/\/pbic.org.uk.websitepreview.co.uk\/pl\/wp-json\/wp\/v2\/media?parent=3999"}],"curies":[{"name":"wp","href":"https:\/\/api.w.org\/{rel}","templated":true}]}}