{"id":4283,"date":"2020-11-17T21:12:20","date_gmt":"2020-11-17T21:12:20","guid":{"rendered":"https:\/\/pbic.org.uk.websitepreview.co.uk\/promethidion\/"},"modified":"2020-11-18T08:02:28","modified_gmt":"2020-11-18T08:02:28","slug":"promethidion","status":"publish","type":"page","link":"https:\/\/pbic.org.uk.websitepreview.co.uk\/it\/promethidion\/","title":{"rendered":"Promethidion"},"content":{"rendered":"\t\t<div data-elementor-type=\"wp-post\" data-elementor-id=\"4283\" class=\"elementor elementor-4283 elementor-3305\" data-elementor-settings=\"[]\">\n\t\t\t\t\t\t<div class=\"elementor-inner\">\n\t\t\t\t\t\t\t<div class=\"elementor-section-wrap\">\n\t\t\t\t\t\t\t<section class=\"elementor-section elementor-top-section elementor-element elementor-element-a28449d elementor-section-boxed elementor-section-height-default elementor-section-height-default\" data-id=\"a28449d\" data-element_type=\"section\" data-settings=\"{&quot;ekit_has_onepagescroll_dot&quot;:&quot;yes&quot;}\">\n\t\t\t\t\t\t<div class=\"elementor-container elementor-column-gap-default\">\n\t\t\t\t\t\t\t<div class=\"elementor-row\">\n\t\t\t\t\t<div class=\"elementor-column elementor-col-100 elementor-top-column elementor-element elementor-element-08e5bbd\" data-id=\"08e5bbd\" data-element_type=\"column\">\n\t\t\t<div class=\"elementor-column-wrap elementor-element-populated\">\n\t\t\t\t\t\t\t<div class=\"elementor-widget-wrap\">\n\t\t\t\t\t\t<div class=\"elementor-element elementor-element-f7b7301 elementor-widget elementor-widget-text-editor\" data-id=\"f7b7301\" data-element_type=\"widget\" data-widget_type=\"text-editor.default\">\n\t\t\t\t<div class=\"elementor-widget-container\">\n\t\t\t\t\t<div class=\"elementor-text-editor elementor-clearfix\"><p class=\"lead\">Le radici di PBIC vengono dalla cultura polacca. Come parte della nostra organizzazione, abbiamo un gruppo di canto e ballo per bambini la cui missione \u00e8 promuovere la cultura e tradizioni polacche nella comunit\u00e0 locale. Il gruppo \u00e8 chiamato Promethidion.<\/p>\n<p>I membri del Gruppo hanno dai 3 ai 13 anni. Se ancora non li conosci, ti chiederai cosa siano questi bellissimi costumi. Sono chiamati Stroje Krakowskie \u2013 costumi folkloristici di Cracovia. (Puoi sapere di pi\u00f9 su questi costumi <strong><a href=\"#costume\">qui<\/a><\/strong>).<\/p>\n<p>Promethidion \u00e8 molto pi\u00f9 di costumi folklorisitici, il loro repertorio include danze polacche, canzoni storiche, canzoni patriottiche, canzoni per bambini e canzoni di Natale.<\/p>\n<p>Il gruppo si esibisce a diversi eventi tra cui il Remebrance Day, il Giorno della Memoria, il giorno dell\u2019Indipendenza, il Bedford River Festival, la parata di San Patrizio, Christmas Fayres, il Festival della Diversit\u00e0 e la Refugee Week.<\/p>\n<p>Se i tuoi figli vanno ad una scuola di Bedford, forse hanno visto il nostro gruppo meraviglioso esibirsi alla Settimana della Cultura, insegnando ai bambini locali la cultura polacca, i costumi e le danze tradizionali.<\/p>\n<p>Se sei interessato a iscrivere i tuoi figli a Promethidion, per piacere contatta Lucy tramite email: <a href=\"mailto:lucyna.ratajczyk@pbic.org.uk\">lucyna.ratajczyk@pbic.org.uk<\/a><\/p>\n<p>E, se sei interessato a vedere le esibizioni del gruppo, seguici su Facebook per rimanere aggiornato e per informazioni sugli show:<\/p>\n<\/div>\n\t\t\t\t<\/div>\n\t\t\t\t<\/div>\n\t\t\t\t\t\t<\/div>\n\t\t\t\t\t<\/div>\n\t\t<\/div>\n\t\t\t\t\t\t\t\t<\/div>\n\t\t\t\t\t<\/div>\n\t\t<\/section>\n\t\t\t\t<section class=\"elementor-section elementor-top-section elementor-element elementor-element-46c2f1d elementor-section-boxed elementor-section-height-default elementor-section-height-default\" data-id=\"46c2f1d\" data-element_type=\"section\" data-settings=\"{&quot;ekit_has_onepagescroll_dot&quot;:&quot;yes&quot;}\">\n\t\t\t\t\t\t<div class=\"elementor-container elementor-column-gap-default\">\n\t\t\t\t\t\t\t<div class=\"elementor-row\">\n\t\t\t\t\t<div class=\"elementor-column elementor-col-33 elementor-top-column elementor-element elementor-element-200152d\" data-id=\"200152d\" data-element_type=\"column\">\n\t\t\t<div class=\"elementor-column-wrap\">\n\t\t\t\t\t\t\t<div class=\"elementor-widget-wrap\">\n\t\t\t\t\t\t\t\t<\/div>\n\t\t\t\t\t<\/div>\n\t\t<\/div>\n\t\t\t\t<div class=\"elementor-column elementor-col-33 elementor-top-column elementor-element elementor-element-e9934b1\" data-id=\"e9934b1\" data-element_type=\"column\">\n\t\t\t<div class=\"elementor-column-wrap elementor-element-populated\">\n\t\t\t\t\t\t\t<div class=\"elementor-widget-wrap\">\n\t\t\t\t\t\t<div class=\"elementor-element elementor-element-26587bc elementor-widget elementor-widget-text-editor\" data-id=\"26587bc\" data-element_type=\"widget\" data-widget_type=\"text-editor.default\">\n\t\t\t\t<div class=\"elementor-widget-container\">\n\t\t\t\t\t<div class=\"elementor-text-editor elementor-clearfix\"><p><iframe style=\"display: block; border: none; overflow: hidden;\" src=\"https:\/\/www.facebook.com\/plugins\/page.php?href=https%3A%2F%2Fwww.facebook.com%2FPromethidion-Bedford-133233357061971%2F%3Ffref%3Dts&amp;tabs&amp;width=900&amp;height=214&amp;small_header=false&amp;adapt_container_width=true&amp;hide_cover=false&amp;show_facepile=true&amp;appId\" width=\"100%\" height=\"auto\" frameborder=\"0\" scrolling=\"no\"><\/iframe><\/p>\n<\/div>\n\t\t\t\t<\/div>\n\t\t\t\t<\/div>\n\t\t\t\t\t\t<\/div>\n\t\t\t\t\t<\/div>\n\t\t<\/div>\n\t\t\t\t<div class=\"elementor-column elementor-col-33 elementor-top-column elementor-element elementor-element-a84ddec\" data-id=\"a84ddec\" data-element_type=\"column\">\n\t\t\t<div class=\"elementor-column-wrap\">\n\t\t\t\t\t\t\t<div class=\"elementor-widget-wrap\">\n\t\t\t\t\t\t\t\t<\/div>\n\t\t\t\t\t<\/div>\n\t\t<\/div>\n\t\t\t\t\t\t\t\t<\/div>\n\t\t\t\t\t<\/div>\n\t\t<\/section>\n\t\t\t\t<section class=\"elementor-section elementor-top-section elementor-element elementor-element-60bfb50 elementor-section-boxed elementor-section-height-default elementor-section-height-default\" data-id=\"60bfb50\" data-element_type=\"section\" data-settings=\"{&quot;background_background&quot;:&quot;classic&quot;,&quot;ekit_has_onepagescroll_dot&quot;:&quot;yes&quot;}\">\n\t\t\t\t\t\t<div class=\"elementor-container elementor-column-gap-default\">\n\t\t\t\t\t\t\t<div class=\"elementor-row\">\n\t\t\t\t\t<div class=\"elementor-column elementor-col-100 elementor-top-column elementor-element elementor-element-def6a0a\" data-id=\"def6a0a\" data-element_type=\"column\">\n\t\t\t<div class=\"elementor-column-wrap elementor-element-populated\">\n\t\t\t\t\t\t\t<div class=\"elementor-widget-wrap\">\n\t\t\t\t\t\t<section class=\"elementor-section elementor-inner-section elementor-element elementor-element-0783de8 elementor-section-boxed elementor-section-height-default elementor-section-height-default\" data-id=\"0783de8\" data-element_type=\"section\" data-settings=\"{&quot;ekit_has_onepagescroll_dot&quot;:&quot;yes&quot;}\">\n\t\t\t\t\t\t<div class=\"elementor-container elementor-column-gap-default\">\n\t\t\t\t\t\t\t<div class=\"elementor-row\">\n\t\t\t\t\t<div class=\"elementor-column elementor-col-100 elementor-inner-column elementor-element elementor-element-f769ac6\" data-id=\"f769ac6\" data-element_type=\"column\">\n\t\t\t<div class=\"elementor-column-wrap elementor-element-populated\">\n\t\t\t\t\t\t\t<div class=\"elementor-widget-wrap\">\n\t\t\t\t\t\t<div class=\"elementor-element elementor-element-5576830 elementor-widget elementor-widget-text-editor\" data-id=\"5576830\" data-element_type=\"widget\" data-widget_type=\"text-editor.default\">\n\t\t\t\t<div class=\"elementor-widget-container\">\n\t\t\t\t\t<div class=\"elementor-text-editor elementor-clearfix\"><div id=\"costume\"><\/div>\n<h3>I bambini di Promethidion indossano costumi folkloristici di Cracovia. <\/h3>\n<p>Il costume da bambina include una camicia bianca, un gilet che ha ricami e perle davanti e dietro, una gonna floreale, un grembiulino, una collana di coralli rossi e degli stivaletti. <\/p>\n<p>Bambini e ragazze nubili possono indossare corone di fiori e nastri mentre le donne sposate possono indossare un fazzoletto bianco sul capo.<\/p>\n<p>I bambini indossano una cinta blu con ricami e adornamenti, pantaloni a righe, un capello chiamato krauska ornato di fiocchi, e penne di pavone e anelle attaccate alla cintura.<\/p>\n<\/div>\n\t\t\t\t<\/div>\n\t\t\t\t<\/div>\n\t\t\t\t\t\t<\/div>\n\t\t\t\t\t<\/div>\n\t\t<\/div>\n\t\t\t\t\t\t\t\t<\/div>\n\t\t\t\t\t<\/div>\n\t\t<\/section>\n\t\t\t\t<div class=\"elementor-element elementor-element-c090f2d elementor-widget elementor-widget-xs-gallery\" data-id=\"c090f2d\" data-element_type=\"widget\" data-widget_type=\"xs-gallery.default\">\n\t\t\t\t<div class=\"elementor-widget-container\">\n\t\t\t\n        <div class=\"xs-single-item-slider owl-carousel\">\n                            <div class=\"xs-single-slider-item\">\n                    <img src=\"https:\/\/pbic.org.uk.websitepreview.co.uk\/wp-content\/uploads\/2020\/10\/promethidion-26.jpg\" alt=\"gallery item\">\n                <\/div>\n                            <div class=\"xs-single-slider-item\">\n                    <img src=\"https:\/\/pbic.org.uk.websitepreview.co.uk\/wp-content\/uploads\/2020\/10\/promethidion-25.jpg\" alt=\"gallery item\">\n                <\/div>\n                            <div class=\"xs-single-slider-item\">\n                    <img src=\"https:\/\/pbic.org.uk.websitepreview.co.uk\/wp-content\/uploads\/2020\/10\/promethidion-24.jpg\" alt=\"gallery item\">\n                <\/div>\n                            <div class=\"xs-single-slider-item\">\n                    <img src=\"https:\/\/pbic.org.uk.websitepreview.co.uk\/wp-content\/uploads\/2020\/10\/promethidion-23.jpg\" alt=\"gallery item\">\n                <\/div>\n                            <div class=\"xs-single-slider-item\">\n                    <img src=\"https:\/\/pbic.org.uk.websitepreview.co.uk\/wp-content\/uploads\/2020\/10\/promethidion-27.jpg\" alt=\"gallery item\">\n                <\/div>\n                            <div class=\"xs-single-slider-item\">\n                    <img src=\"https:\/\/pbic.org.uk.websitepreview.co.uk\/wp-content\/uploads\/2020\/10\/promethidion-22.jpg\" alt=\"gallery item\">\n                <\/div>\n                            <div class=\"xs-single-slider-item\">\n                    <img src=\"https:\/\/pbic.org.uk.websitepreview.co.uk\/wp-content\/uploads\/2020\/10\/promethidion-21.jpg\" alt=\"gallery item\">\n                <\/div>\n                            <div class=\"xs-single-slider-item\">\n                    <img src=\"https:\/\/pbic.org.uk.websitepreview.co.uk\/wp-content\/uploads\/2020\/10\/promethidion-20.jpg\" alt=\"gallery item\">\n                <\/div>\n                            <div class=\"xs-single-slider-item\">\n                    <img src=\"https:\/\/pbic.org.uk.websitepreview.co.uk\/wp-content\/uploads\/2020\/10\/promethidion-19.jpg\" alt=\"gallery item\">\n                <\/div>\n                            <div class=\"xs-single-slider-item\">\n                    <img src=\"https:\/\/pbic.org.uk.websitepreview.co.uk\/wp-content\/uploads\/2020\/10\/promethidion-18.jpg\" alt=\"gallery item\">\n                <\/div>\n                            <div class=\"xs-single-slider-item\">\n                    <img src=\"https:\/\/pbic.org.uk.websitepreview.co.uk\/wp-content\/uploads\/2020\/10\/promethidion-17.jpg\" alt=\"gallery item\">\n                <\/div>\n                            <div class=\"xs-single-slider-item\">\n                    <img src=\"https:\/\/pbic.org.uk.websitepreview.co.uk\/wp-content\/uploads\/2020\/10\/promethidion-16.jpg\" alt=\"gallery item\">\n                <\/div>\n                            <div class=\"xs-single-slider-item\">\n                    <img src=\"https:\/\/pbic.org.uk.websitepreview.co.uk\/wp-content\/uploads\/2020\/10\/promethidion-15.jpg\" alt=\"gallery item\">\n                <\/div>\n                            <div class=\"xs-single-slider-item\">\n                    <img src=\"https:\/\/pbic.org.uk.websitepreview.co.uk\/wp-content\/uploads\/2020\/10\/promethidion-14.jpg\" alt=\"gallery item\">\n                <\/div>\n                            <div class=\"xs-single-slider-item\">\n                    <img src=\"https:\/\/pbic.org.uk.websitepreview.co.uk\/wp-content\/uploads\/2020\/10\/promethidion-13.jpg\" alt=\"gallery item\">\n                <\/div>\n                            <div class=\"xs-single-slider-item\">\n                    <img src=\"https:\/\/pbic.org.uk.websitepreview.co.uk\/wp-content\/uploads\/2020\/10\/promethidion-12.jpg\" alt=\"gallery item\">\n                <\/div>\n                            <div class=\"xs-single-slider-item\">\n                    <img src=\"https:\/\/pbic.org.uk.websitepreview.co.uk\/wp-content\/uploads\/2020\/10\/promethidion-10.jpg\" alt=\"gallery item\">\n                <\/div>\n                            <div class=\"xs-single-slider-item\">\n                    <img src=\"https:\/\/pbic.org.uk.websitepreview.co.uk\/wp-content\/uploads\/2020\/10\/promethidion-11.jpg\" alt=\"gallery item\">\n                <\/div>\n                            <div class=\"xs-single-slider-item\">\n                    <img src=\"https:\/\/pbic.org.uk.websitepreview.co.uk\/wp-content\/uploads\/2020\/10\/promethidion-9.jpg\" alt=\"gallery item\">\n                <\/div>\n                            <div class=\"xs-single-slider-item\">\n                    <img src=\"https:\/\/pbic.org.uk.websitepreview.co.uk\/wp-content\/uploads\/2020\/10\/promethidion-7.jpg\" alt=\"gallery item\">\n                <\/div>\n                            <div class=\"xs-single-slider-item\">\n                    <img src=\"https:\/\/pbic.org.uk.websitepreview.co.uk\/wp-content\/uploads\/2020\/10\/promethidion-8.jpg\" alt=\"gallery item\">\n                <\/div>\n                            <div class=\"xs-single-slider-item\">\n                    <img src=\"https:\/\/pbic.org.uk.websitepreview.co.uk\/wp-content\/uploads\/2020\/10\/promethidion-6.jpg\" alt=\"gallery item\">\n                <\/div>\n                            <div class=\"xs-single-slider-item\">\n                    <img src=\"https:\/\/pbic.org.uk.websitepreview.co.uk\/wp-content\/uploads\/2020\/10\/promethidion-5.jpg\" alt=\"gallery item\">\n                <\/div>\n                            <div class=\"xs-single-slider-item\">\n                    <img src=\"https:\/\/pbic.org.uk.websitepreview.co.uk\/wp-content\/uploads\/2020\/10\/promethidion-3.jpg\" alt=\"gallery item\">\n                <\/div>\n                            <div class=\"xs-single-slider-item\">\n                    <img src=\"https:\/\/pbic.org.uk.websitepreview.co.uk\/wp-content\/uploads\/2020\/10\/promethidion-2.jpg\" alt=\"gallery item\">\n                <\/div>\n                            <div class=\"xs-single-slider-item\">\n                    <img src=\"https:\/\/pbic.org.uk.websitepreview.co.uk\/wp-content\/uploads\/2020\/10\/promethidion-1.jpg\" alt=\"gallery item\">\n                <\/div>\n                    <\/div>\n        \t\t<\/div>\n\t\t\t\t<\/div>\n\t\t\t\t\t\t<\/div>\n\t\t\t\t\t<\/div>\n\t\t<\/div>\n\t\t\t\t\t\t\t\t<\/div>\n\t\t\t\t\t<\/div>\n\t\t<\/section>\n\t\t\t\t<section class=\"elementor-section elementor-top-section elementor-element elementor-element-3390c6f elementor-section-boxed elementor-section-height-default elementor-section-height-default\" data-id=\"3390c6f\" data-element_type=\"section\" data-settings=\"{&quot;ekit_has_onepagescroll_dot&quot;:&quot;yes&quot;}\">\n\t\t\t\t\t\t<div class=\"elementor-container elementor-column-gap-default\">\n\t\t\t\t\t\t\t<div class=\"elementor-row\">\n\t\t\t\t\t<div class=\"elementor-column elementor-col-100 elementor-top-column elementor-element elementor-element-daaa535\" data-id=\"daaa535\" data-element_type=\"column\">\n\t\t\t<div class=\"elementor-column-wrap\">\n\t\t\t\t\t\t\t<div class=\"elementor-widget-wrap\">\n\t\t\t\t\t\t\t\t<\/div>\n\t\t\t\t\t<\/div>\n\t\t<\/div>\n\t\t\t\t\t\t\t\t<\/div>\n\t\t\t\t\t<\/div>\n\t\t<\/section>\n\t\t\t\t<section class=\"elementor-section elementor-top-section elementor-element elementor-element-c9e3fa2 elementor-section-boxed elementor-section-height-default elementor-section-height-default\" data-id=\"c9e3fa2\" data-element_type=\"section\" data-settings=\"{&quot;ekit_has_onepagescroll_dot&quot;:&quot;yes&quot;}\">\n\t\t\t\t\t\t<div class=\"elementor-container elementor-column-gap-default\">\n\t\t\t\t\t\t\t<div class=\"elementor-row\">\n\t\t\t\t\t<div class=\"elementor-column elementor-col-100 elementor-top-column elementor-element elementor-element-65edb4d\" data-id=\"65edb4d\" data-element_type=\"column\">\n\t\t\t<div class=\"elementor-column-wrap\">\n\t\t\t\t\t\t\t<div class=\"elementor-widget-wrap\">\n\t\t\t\t\t\t\t\t<\/div>\n\t\t\t\t\t<\/div>\n\t\t<\/div>\n\t\t\t\t\t\t\t\t<\/div>\n\t\t\t\t\t<\/div>\n\t\t<\/section>\n\t\t\t\t\t\t<\/div>\n\t\t\t\t\t\t<\/div>\n\t\t\t\t\t<\/div>\n\t\t","protected":false},"excerpt":{"rendered":"<p>Le radici di PBIC vengono dalla cultura polacca. Come parte della nostra organizzazione, abbiamo un gruppo di canto e ballo per bambini la cui missione \u00e8 promuovere la cultura e tradizioni polacche nella comunit\u00e0 locale. Il gruppo \u00e8 chiamato Promethidion. I membri del Gruppo hanno dai 3 ai 13 anni. Se ancora non li conosci, [&hellip;]<\/p>\n","protected":false},"author":1,"featured_media":0,"parent":0,"menu_order":0,"comment_status":"closed","ping_status":"closed","template":"template\/template-full-width.php","meta":[],"_links":{"self":[{"href":"https:\/\/pbic.org.uk.websitepreview.co.uk\/it\/wp-json\/wp\/v2\/pages\/4283"}],"collection":[{"href":"https:\/\/pbic.org.uk.websitepreview.co.uk\/it\/wp-json\/wp\/v2\/pages"}],"about":[{"href":"https:\/\/pbic.org.uk.websitepreview.co.uk\/it\/wp-json\/wp\/v2\/types\/page"}],"author":[{"embeddable":true,"href":"https:\/\/pbic.org.uk.websitepreview.co.uk\/it\/wp-json\/wp\/v2\/users\/1"}],"replies":[{"embeddable":true,"href":"https:\/\/pbic.org.uk.websitepreview.co.uk\/it\/wp-json\/wp\/v2\/comments?post=4283"}],"version-history":[{"count":2,"href":"https:\/\/pbic.org.uk.websitepreview.co.uk\/it\/wp-json\/wp\/v2\/pages\/4283\/revisions"}],"predecessor-version":[{"id":4337,"href":"https:\/\/pbic.org.uk.websitepreview.co.uk\/it\/wp-json\/wp\/v2\/pages\/4283\/revisions\/4337"}],"wp:attachment":[{"href":"https:\/\/pbic.org.uk.websitepreview.co.uk\/it\/wp-json\/wp\/v2\/media?parent=4283"}],"curies":[{"name":"wp","href":"https:\/\/api.w.org\/{rel}","templated":true}]}}